{"id":5396,"date":"2024-05-22T08:19:12","date_gmt":"2024-05-22T08:19:12","guid":{"rendered":"https:\/\/23b13e8ab3.nxcli.io\/spain\/?post_type=product&#038;p=5396"},"modified":"2024-12-09T11:47:04","modified_gmt":"2024-12-09T11:47:04","slug":"energizer-hybri-1000-headlight","status":"publish","type":"product","link":"https:\/\/energizer.com\/eu\/spain\/product\/energizer-hybri-1000-headlight\/","title":{"rendered":"Energizer HYBRID 1000 Headlight"},"content":{"rendered":"<ul>\n<li>Linterna frontal LED h\u00edbrida de alto l\u00famen Energizer con dos (2) pilas CR123<\/li>\n<li>El dise\u00f1o h\u00edbrido puede funcionar con bater\u00edas recargables de iones de litio o pilas CR123<\/li>\n<li>Excelente luz recargable para uso de mano y manos libres para tareas laborales<\/li>\n<li>El potente haz proyecta 400 l\u00famenes en modo Alto y 1000 l\u00famenes en Turbo<\/li>\n<li>Se separa de la base para usar como luz LED de mano<\/li>\n<li>Esta luz a bater\u00eda es resistente al agua IPX4 y resistente a los impactos de hasta 1 metro para un rendimiento confiable<\/li>\n<li>El dise\u00f1o c\u00f3modo y compacto y la construcci\u00f3n met\u00e1lica duradera ofrecen comodidad y confiabilidad<\/li>\n<\/ul>\n","protected":false},"excerpt":{"rendered":"<p>Trabaje en los lugares m\u00e1s oscuros linterna la faro LED h\u00edbrido High Lumen La Energizer. El linterna frontal Energizer es c\u00f3modo de llevar y alcanza m\u00e1s de 100 metros para ofrecer una luz brillante y con manos libres. Esta peque\u00f1a luz LED, que funciona con energ\u00eda h\u00edbrida, funciona con dos pilas CR123 o bater\u00edas recargables que se pueden cargar mediante USB. Una duraci\u00f3n de m\u00e1s de 4 horas en modo Alto le brinda un brillo confiable cuando necesita tener las manos libres. La linterna recargable tambi\u00e9n se separa de la base para funcionar como luz de mano. Cuando necesite una salida de luz excepcional, el modo Turbo ofrece 1000 l\u00famenes para una iluminaci\u00f3n ultrabrillante. La peque\u00f1a linterna es compacta, liviana y c\u00f3moda de llevar. La construcci\u00f3n met\u00e1lica duradera garantiza la confiabilidad que espera de Energizer. Para un rendimiento confiable en cualquier situaci\u00f3n, conf\u00ede en Energizer.<\/p>\n","protected":false},"featured_media":0,"comment_status":"open","ping_status":"closed","template":"","meta":{"_acf_changed":false},"product_brand":[],"product_cat":[43],"product_tag":[],"class_list":{"0":"post-5396","1":"product","2":"type-product","3":"status-publish","5":"product_cat-hands-free","7":"first","8":"instock","9":"shipping-taxable","10":"product-type-simple"},"acf":[],"_links":{"self":[{"href":"https:\/\/energizer.com\/eu\/spain\/wp-json\/wp\/v2\/product\/5396","targetHints":{"allow":["GET"]}}],"collection":[{"href":"https:\/\/energizer.com\/eu\/spain\/wp-json\/wp\/v2\/product"}],"about":[{"href":"https:\/\/energizer.com\/eu\/spain\/wp-json\/wp\/v2\/types\/product"}],"replies":[{"embeddable":true,"href":"https:\/\/energizer.com\/eu\/spain\/wp-json\/wp\/v2\/comments?post=5396"}],"version-history":[{"count":11,"href":"https:\/\/energizer.com\/eu\/spain\/wp-json\/wp\/v2\/product\/5396\/revisions"}],"predecessor-version":[{"id":10845,"href":"https:\/\/energizer.com\/eu\/spain\/wp-json\/wp\/v2\/product\/5396\/revisions\/10845"}],"wp:attachment":[{"href":"https:\/\/energizer.com\/eu\/spain\/wp-json\/wp\/v2\/media?parent=5396"}],"wp:term":[{"taxonomy":"product_brand","embeddable":true,"href":"https:\/\/energizer.com\/eu\/spain\/wp-json\/wp\/v2\/product_brand?post=5396"},{"taxonomy":"product_cat","embeddable":true,"href":"https:\/\/energizer.com\/eu\/spain\/wp-json\/wp\/v2\/product_cat?post=5396"},{"taxonomy":"product_tag","embeddable":true,"href":"https:\/\/energizer.com\/eu\/spain\/wp-json\/wp\/v2\/product_tag?post=5396"}],"curies":[{"name":"wp","href":"https:\/\/api.w.org\/{rel}","templated":true}]}}