{"id":5407,"date":"2024-05-22T09:31:45","date_gmt":"2024-05-22T09:31:45","guid":{"rendered":"https:\/\/23b13e8ab3.nxcli.io\/spain\/?post_type=product&#038;p=5407"},"modified":"2024-08-23T09:21:01","modified_gmt":"2024-08-23T09:21:01","slug":"energizer-smart-voice-activated-headlamp","status":"publish","type":"product","link":"https:\/\/energizer.com\/eu\/spain\/product\/energizer-smart-voice-activated-headlamp\/","title":{"rendered":"Energizer Smart Voice Activated Headlamp"},"content":{"rendered":"<ul>\n<li>Control activado por voz mediante comandos<\/li>\n<li>Tecnolog\u00eda Energizer Smart Dimming para controlar la intensidad de la luz<\/li>\n<li>VisionGuard protege la visi\u00f3n aumentando gradualmente la intensidad de la luz<\/li>\n<li>Next Push Off para evitar ciclos de conmutaci\u00f3n innecesarios<\/li>\n<li>Indicador de bater\u00eda baja<\/li>\n<li>LEDs rojo y verde para visi\u00f3n nocturna<\/li>\n<li>Lente irrompible<\/li>\n<li>Hasta 15 veces m\u00e1s brillante que la tecnolog\u00eda LED est\u00e1ndar<\/li>\n<\/ul>\n","protected":false},"excerpt":{"rendered":"<p>La Linterna frontal Energizer SMART activada por voz ofrece tecnolog\u00eda y rendimiento innovadores en un dise\u00f1o compacto. La linterna frontal SMART responde a comandos activados por voz. Muestra caracter\u00edsticas innovadoras como la tecnolog\u00eda de atenuaci\u00f3n que permite un f\u00e1cil control de la intensidad de la luz. Esta luz tiene LED verdes y rojos que mejoran la visi\u00f3n nocturna para actividades al aire libre como la caza y la pesca. El indicador de bater\u00eda baja, ubicado en el frente de la luz, parpadear\u00e1 cuando la bater\u00eda est\u00e9 baja, advirtiendo a los consumidores que es casi el momento de cambiar las bater\u00edas. Correa para la cabeza ajustable, dise\u00f1o resistente al agua y cabezal giratorio para dirigir la luz exactamente seg\u00fan sea necesario.<\/p>\n","protected":false},"featured_media":0,"comment_status":"open","ping_status":"closed","template":"","meta":{"_acf_changed":false},"product_brand":[],"product_cat":[43],"product_tag":[],"class_list":{"0":"post-5407","1":"product","2":"type-product","3":"status-publish","5":"product_cat-hands-free","7":"first","8":"instock","9":"shipping-taxable","10":"product-type-simple"},"acf":[],"_links":{"self":[{"href":"https:\/\/energizer.com\/eu\/spain\/wp-json\/wp\/v2\/product\/5407","targetHints":{"allow":["GET"]}}],"collection":[{"href":"https:\/\/energizer.com\/eu\/spain\/wp-json\/wp\/v2\/product"}],"about":[{"href":"https:\/\/energizer.com\/eu\/spain\/wp-json\/wp\/v2\/types\/product"}],"replies":[{"embeddable":true,"href":"https:\/\/energizer.com\/eu\/spain\/wp-json\/wp\/v2\/comments?post=5407"}],"version-history":[{"count":4,"href":"https:\/\/energizer.com\/eu\/spain\/wp-json\/wp\/v2\/product\/5407\/revisions"}],"predecessor-version":[{"id":9377,"href":"https:\/\/energizer.com\/eu\/spain\/wp-json\/wp\/v2\/product\/5407\/revisions\/9377"}],"wp:attachment":[{"href":"https:\/\/energizer.com\/eu\/spain\/wp-json\/wp\/v2\/media?parent=5407"}],"wp:term":[{"taxonomy":"product_brand","embeddable":true,"href":"https:\/\/energizer.com\/eu\/spain\/wp-json\/wp\/v2\/product_brand?post=5407"},{"taxonomy":"product_cat","embeddable":true,"href":"https:\/\/energizer.com\/eu\/spain\/wp-json\/wp\/v2\/product_cat?post=5407"},{"taxonomy":"product_tag","embeddable":true,"href":"https:\/\/energizer.com\/eu\/spain\/wp-json\/wp\/v2\/product_tag?post=5407"}],"curies":[{"name":"wp","href":"https:\/\/api.w.org\/{rel}","templated":true}]}}