{"id":5413,"date":"2024-05-22T09:34:17","date_gmt":"2024-05-22T09:34:17","guid":{"rendered":"https:\/\/23b13e8ab3.nxcli.io\/spain\/?post_type=product&#038;p=5413"},"modified":"2024-12-09T12:25:45","modified_gmt":"2024-12-09T12:25:45","slug":"enr-eu-tier1hdl30-400-hl-tr-t13a32","status":"publish","type":"product","link":"https:\/\/energizer.com\/eu\/spain\/product\/enr-eu-tier1hdl30-400-hl-tr-t13a32\/","title":{"rendered":"Energizer HEADLAMP HDL30"},"content":{"rendered":"<ul>\n<li>Linterna de cabeza Energizer HDL30 con bater\u00eda de iones de litio o pilas Energizer 3AAA incluidas<\/li>\n<li>Tecnolog\u00eda LED: Esta potente linterna de cabeza sin manos de 400 l\u00famenes cuenta con tecnolog\u00eda LED duradera y de bajo consumo<\/li>\n<li>Tecnolog\u00eda de atenuaci\u00f3n avanzada: Ajuste la intensidad del 10% al 100% en todos los modos<\/li>\n<li>2 modos de visi\u00f3n nocturna: Los modos LED rojo y verde mejoran su visi\u00f3n nocturna para actividades como acampar, pescar y hacer caminatas nocturnas<\/li>\n<li>Construcci\u00f3n duradera: Ideal para un uso prolongado, esta linterna liviana de manos libres es resistente al agua IPX4 y cuenta con una lente irrompible<\/li>\n<li>Linterna manos libres vers\u00e1til: Esta linterna compacta cuenta con una correa para la cabeza ajustable y un cabezal pivotante antirreflejo, lo que lo mantiene cubierto en caso de cortes de energ\u00eda, proyectos caseros y m\u00e1s<\/li>\n<li>Horas de duraci\u00f3n:\u202f\u202fEsta linterna frontal duradera y eficaz puede brillar hasta 40 horas en modo bajo<\/li>\n<\/ul>\n","protected":false},"excerpt":{"rendered":"<p>Mantenga sus manos libres y disfrute al m\u00e1ximo de cada aventura con esta linterna para senderismo ligera y vers\u00e1til. La linterna frontal Energizer HDL30 es compacta y sin necesidad de usar las manos, ideal para bricolaje y otros proyectos que requieren las dos manos. Iluminar\u00e1 tu camino en cualquier actividad nocturna, ya sea que est\u00e9s acampando, haciendo senderismo o saliendo a correr. Esta linterna frontal LED de 400 l\u00famenes con correa ajustable para la cabeza y cabezal pivotante antirreflejo iluminar\u00e1 incluso los espacios m\u00e1s oscuros, brind\u00e1ndole amplia luz justo donde la necesita. Adem\u00e1s, le permite ajustar la intensidad de la luz del 100 % al 10 % en todas las configuraciones de luz con la funci\u00f3n de atenuaci\u00f3n avanzada. Elija el modo de luz perfecto para su actividad: alta, baja, verde, roja o atenuada. Esta linterna resistente al agua con lente irrompible tiene un dise\u00f1o conveniente y una construcci\u00f3n duradera, que ofrece comodidad y versatilidad \u00f3ptimas para cualquier aventura en el interior o al aire libre. Energizer, que abri\u00f3 el camino en la iluminaci\u00f3n port\u00e1til durante m\u00e1s de 120 a\u00f1os, present\u00f3 la primera linterna resistente al agua del mundo en 1970. Energizer hace que iluminar su camino sea f\u00e1cil.<\/p>\n","protected":false},"featured_media":0,"comment_status":"open","ping_status":"closed","template":"","meta":{"_acf_changed":false},"product_brand":[],"product_cat":[43],"product_tag":[],"class_list":{"0":"post-5413","1":"product","2":"type-product","3":"status-publish","5":"product_cat-hands-free","7":"first","8":"instock","9":"shipping-taxable","10":"product-type-simple"},"acf":[],"_links":{"self":[{"href":"https:\/\/energizer.com\/eu\/spain\/wp-json\/wp\/v2\/product\/5413","targetHints":{"allow":["GET"]}}],"collection":[{"href":"https:\/\/energizer.com\/eu\/spain\/wp-json\/wp\/v2\/product"}],"about":[{"href":"https:\/\/energizer.com\/eu\/spain\/wp-json\/wp\/v2\/types\/product"}],"replies":[{"embeddable":true,"href":"https:\/\/energizer.com\/eu\/spain\/wp-json\/wp\/v2\/comments?post=5413"}],"version-history":[{"count":8,"href":"https:\/\/energizer.com\/eu\/spain\/wp-json\/wp\/v2\/product\/5413\/revisions"}],"predecessor-version":[{"id":10876,"href":"https:\/\/energizer.com\/eu\/spain\/wp-json\/wp\/v2\/product\/5413\/revisions\/10876"}],"wp:attachment":[{"href":"https:\/\/energizer.com\/eu\/spain\/wp-json\/wp\/v2\/media?parent=5413"}],"wp:term":[{"taxonomy":"product_brand","embeddable":true,"href":"https:\/\/energizer.com\/eu\/spain\/wp-json\/wp\/v2\/product_brand?post=5413"},{"taxonomy":"product_cat","embeddable":true,"href":"https:\/\/energizer.com\/eu\/spain\/wp-json\/wp\/v2\/product_cat?post=5413"},{"taxonomy":"product_tag","embeddable":true,"href":"https:\/\/energizer.com\/eu\/spain\/wp-json\/wp\/v2\/product_tag?post=5413"}],"curies":[{"name":"wp","href":"https:\/\/api.w.org\/{rel}","templated":true}]}}