{"id":5415,"date":"2024-05-22T09:35:35","date_gmt":"2024-05-22T09:35:35","guid":{"rendered":"https:\/\/23b13e8ab3.nxcli.io\/spain\/?post_type=product&#038;p=5415"},"modified":"2024-12-09T12:35:22","modified_gmt":"2024-12-09T12:35:22","slug":"enr-eu-tier2hdl50-450-hl-os-y25a32","status":"publish","type":"product","link":"https:\/\/energizer.com\/eu\/spain\/product\/enr-eu-tier2hdl50-450-hl-os-y25a32\/","title":{"rendered":"Energizer HEADLAMP HDL50"},"content":{"rendered":"<ul>\n<li>Linterna frontal LED Energizer HDL50 con 3 pilas Energizer AAA<\/li>\n<li>La brillante linterna frontal ofrece luz manos libres con un prolongado tiempo de funcionamiento<\/li>\n<li>La linterna frontal perfecta para el hogar, el trabajo y las actividades al aire libre<\/li>\n<li>Emite 500 l\u00famenes con un haz de 246 pies durante hasta 2 horas<\/li>\n<li>IPX7 a prueba de agua para uso en todas las condiciones clim\u00e1ticas, lente irrompible y resistente a impactos de hasta 6 pies<\/li>\n<li>Un cabezal giratorio para dirigir la luz, adem\u00e1s de enfoque digital patentado para ampliar o reducir el campo de visi\u00f3n<\/li>\n<li>Conf\u00ede en la marca Energizer para obtener energ\u00eda y rendimiento confiables en cualquier situaci\u00f3n<\/li>\n<\/ul>\n","protected":false},"excerpt":{"rendered":"<p>Cuando necesite tener las manos libres, la linterna frontal LED Energizer HDL50 ofrece una luz brillante con un alto CRI para una definici\u00f3n clara del color. La linterna frontal compacta es liviana, resistente al agua y al polvo, por lo que puede ir a donde quiera que vaya: al aire libre bajo la lluvia, en un lugar de trabajo o simplemente hasta el s\u00f3tano. La linterna frontal perfecta para el hogar y el trabajo, esta luz brillante emite 500 l\u00famenes durante hasta 2 horas. El modo LED verde preserva su visi\u00f3n nocturna, mientras que el cabezal gira para iluminar donde sea necesario. El enfoque digital patentado le permite ampliar o reducir su campo de visi\u00f3n con solo presionar un bot\u00f3n. Una correa para la cabeza ajustable, un dise\u00f1o antirreflejo y una lente inastillable lo preparan para lo que se avecina. Se incluyen tres pilas AAA con esta linterna LED para cabeza Energizer. Conf\u00ede en Energizer para ofrecer el potente rendimiento que prometemos: las linternas Energizer se prueban y cumplen con est\u00e1ndares ANSI estrictos y confiables.<\/p>\n","protected":false},"featured_media":0,"comment_status":"open","ping_status":"closed","template":"","meta":{"_acf_changed":false},"product_brand":[],"product_cat":[43],"product_tag":[],"class_list":{"0":"post-5415","1":"product","2":"type-product","3":"status-publish","5":"product_cat-hands-free","7":"first","8":"instock","9":"shipping-taxable","10":"product-type-simple"},"acf":[],"_links":{"self":[{"href":"https:\/\/energizer.com\/eu\/spain\/wp-json\/wp\/v2\/product\/5415","targetHints":{"allow":["GET"]}}],"collection":[{"href":"https:\/\/energizer.com\/eu\/spain\/wp-json\/wp\/v2\/product"}],"about":[{"href":"https:\/\/energizer.com\/eu\/spain\/wp-json\/wp\/v2\/types\/product"}],"replies":[{"embeddable":true,"href":"https:\/\/energizer.com\/eu\/spain\/wp-json\/wp\/v2\/comments?post=5415"}],"version-history":[{"count":8,"href":"https:\/\/energizer.com\/eu\/spain\/wp-json\/wp\/v2\/product\/5415\/revisions"}],"predecessor-version":[{"id":10881,"href":"https:\/\/energizer.com\/eu\/spain\/wp-json\/wp\/v2\/product\/5415\/revisions\/10881"}],"wp:attachment":[{"href":"https:\/\/energizer.com\/eu\/spain\/wp-json\/wp\/v2\/media?parent=5415"}],"wp:term":[{"taxonomy":"product_brand","embeddable":true,"href":"https:\/\/energizer.com\/eu\/spain\/wp-json\/wp\/v2\/product_brand?post=5415"},{"taxonomy":"product_cat","embeddable":true,"href":"https:\/\/energizer.com\/eu\/spain\/wp-json\/wp\/v2\/product_cat?post=5415"},{"taxonomy":"product_tag","embeddable":true,"href":"https:\/\/energizer.com\/eu\/spain\/wp-json\/wp\/v2\/product_tag?post=5415"}],"curies":[{"name":"wp","href":"https:\/\/api.w.org\/{rel}","templated":true}]}}