{"id":5417,"date":"2024-05-22T09:36:45","date_gmt":"2024-05-22T09:36:45","guid":{"rendered":"https:\/\/23b13e8ab3.nxcli.io\/spain\/?post_type=product&#038;p=5417"},"modified":"2024-12-10T08:04:21","modified_gmt":"2024-12-10T08:04:21","slug":"enr-eu-tier3hdl70-625-hl-os-y37a42","status":"publish","type":"product","link":"https:\/\/energizer.com\/eu\/spain\/product\/enr-eu-tier3hdl70-625-hl-os-y37a42\/","title":{"rendered":"Energizer HEADLAMP HDL70"},"content":{"rendered":"<ul>\n<li>Linterna frontal h\u00edbrida Energizer HDL70, una innovadora soluci\u00f3n manos libres que proporciona un brillo intenso<\/li>\n<li>12 veces m\u00e1s brillante que la tecnolog\u00eda LED est\u00e1ndar, generando hasta 750 l\u00famenes de brillo con una distancia de haz de hasta 100 metros<\/li>\n<li>Amplia capacidad de autonom\u00eda de hasta 30 horas en modo bajo con la bater\u00eda recargable<\/li>\n<li>L\u00e1mpara de cabeza duradera con clasificaci\u00f3n IP67 a prueba de agua y polvo y tiene una lente inastillable; la luz perfecta para el hogar, el trabajo y las actividades al aire libre en cualquier condici\u00f3n clim\u00e1tica<\/li>\n<li>La funci\u00f3n de atenuaci\u00f3n avanzada permite ajustar la intensidad de la luz entre 100% y 10%<\/li>\n<li>Esta l\u00e1mpara de cabeza Energizer tiene energ\u00eda h\u00edbrida y funciona con una bater\u00eda recargable de iones de litio o 4 pilas AAA Energizer<\/li>\n<li>Construido pensando en la comodidad; Cuenta con una correa c\u00f3moda y ajustable, un dise\u00f1o antirreflejo y un cabezal giratorio para dirigir la luz exactamente donde se necesita<\/li>\n<\/ul>\n","protected":false},"excerpt":{"rendered":"<p>La linterna frontal h\u00edbrida Energizer HDL70 es una innovadora soluci\u00f3n de linterna que se lleva en la cabeza y permite tener las manos libres con brillo intenso. Con una emisi\u00f3n de hasta 750 l\u00famenes, esta luz LED es 12 veces m\u00e1s brillante que la tecnolog\u00eda LED est\u00e1ndar y tiene una distancia de haz de hasta 100 metros. Cinco modos brindan versatilidad para satisfacer sus necesidades: Alto, Bajo, Atenuaci\u00f3n, Verde y Estrobosc\u00f3pico Verde. Puede controlar la intensidad de la luz del 100% al 10% para obtener la cantidad justa de brillo para su tarea, lo que la convierte en la linterna manos libres perfecta para el hogar, el trabajo y las actividades al aire libre. Esta linterna de cabeza LED es de energ\u00eda h\u00edbrida y ofrece flexibilidad en la fuente de energ\u00eda para funcionar con una bater\u00eda recargable de iones de litio o cuatro pilas AAA. Con clasificaci\u00f3n IP67 a prueba de agua y polvo, esta linterna frontal duradera est\u00e1 dise\u00f1ada pensando en la comodidad y cuenta con una correa ajustable, un cabezal giratorio y un dise\u00f1o antirreflejos. Brilla hasta por 30 horas en modo Bajo y tiene un indicador de bater\u00eda baja que parpadea para advertirle que es casi el momento de cambiar o cargar las bater\u00edas. Conf\u00ede en Energizer para ofrecer el potente rendimiento que prometemos: las linternas Energizer se prueban y cumplen con el estricto y confiable est\u00e1ndar ANSI.<\/p>\n","protected":false},"featured_media":0,"comment_status":"open","ping_status":"closed","template":"","meta":{"_acf_changed":false},"product_brand":[],"product_cat":[43],"product_tag":[],"class_list":{"0":"post-5417","1":"product","2":"type-product","3":"status-publish","5":"product_cat-hands-free","7":"first","8":"instock","9":"shipping-taxable","10":"product-type-simple"},"acf":[],"_links":{"self":[{"href":"https:\/\/energizer.com\/eu\/spain\/wp-json\/wp\/v2\/product\/5417","targetHints":{"allow":["GET"]}}],"collection":[{"href":"https:\/\/energizer.com\/eu\/spain\/wp-json\/wp\/v2\/product"}],"about":[{"href":"https:\/\/energizer.com\/eu\/spain\/wp-json\/wp\/v2\/types\/product"}],"replies":[{"embeddable":true,"href":"https:\/\/energizer.com\/eu\/spain\/wp-json\/wp\/v2\/comments?post=5417"}],"version-history":[{"count":9,"href":"https:\/\/energizer.com\/eu\/spain\/wp-json\/wp\/v2\/product\/5417\/revisions"}],"predecessor-version":[{"id":10926,"href":"https:\/\/energizer.com\/eu\/spain\/wp-json\/wp\/v2\/product\/5417\/revisions\/10926"}],"wp:attachment":[{"href":"https:\/\/energizer.com\/eu\/spain\/wp-json\/wp\/v2\/media?parent=5417"}],"wp:term":[{"taxonomy":"product_brand","embeddable":true,"href":"https:\/\/energizer.com\/eu\/spain\/wp-json\/wp\/v2\/product_brand?post=5417"},{"taxonomy":"product_cat","embeddable":true,"href":"https:\/\/energizer.com\/eu\/spain\/wp-json\/wp\/v2\/product_cat?post=5417"},{"taxonomy":"product_tag","embeddable":true,"href":"https:\/\/energizer.com\/eu\/spain\/wp-json\/wp\/v2\/product_tag?post=5417"}],"curies":[{"name":"wp","href":"https:\/\/api.w.org\/{rel}","templated":true}]}}