{"id":5419,"date":"2024-05-22T09:55:24","date_gmt":"2024-05-22T09:55:24","guid":{"rendered":"https:\/\/23b13e8ab3.nxcli.io\/spain\/?post_type=product&#038;p=5419"},"modified":"2024-12-09T11:59:46","modified_gmt":"2024-12-09T11:59:46","slug":"energizer-pro-series-headlight80-650","status":"publish","type":"product","link":"https:\/\/energizer.com\/eu\/spain\/product\/energizer-pro-series-headlight80-650\/","title":{"rendered":"Energizer PRO SERIES Headlight 80 650"},"content":{"rendered":"<ul>\n<li>Linterna de cabeza h\u00edbrida multicolor Energizer Pro Series con lente irrompible<\/li>\n<li>Tecnolog\u00eda LED: Esta potente linterna manos libres de 650 l\u00famenes proporciona una luz 12 veces m\u00e1s brillante que la tecnolog\u00eda LED est\u00e1ndar, ideal para proyectos profesionales o de bricolaje<\/li>\n<li>Energ\u00eda h\u00edbrida: La linterna liviana y f\u00e1cil de usar tiene alimentaci\u00f3n h\u00edbrida y funciona con bater\u00edas recargables o 4 pilas AAA<\/li>\n<li>7 modos de luz: Elija un modo que se adapte a sus necesidades de iluminaci\u00f3n, desde alto, medio, bajo, regulable, verde, rojo o rojo intermitente<\/li>\n<li>Construcci\u00f3n duradera: Esta linterna mixta ligera es impermeable con una lente irrompible y resiste una ca\u00edda de 2 metros<\/li>\n<li>Linterna manos libres vers\u00e1til: La linterna de cabeza compacta e impermeable cuenta con una correa para la cabeza ajustable, un dise\u00f1o antirreflejos y un cabezal giratorio<\/li>\n<li>Duraci\u00f3n de la bater\u00eda:\u202f\u202fLa linterna frontal de trabajo eficaz y duradera puede iluminar hasta 35 horas en modo bajo* *Con bater\u00eda de iones de litio<\/li>\n<\/ul>\n","protected":false},"excerpt":{"rendered":"<p>Mantenga sus manos libres, ya sea en un proyecto profesional o de bricolaje, con esta l\u00e1mpara de cabeza liviana y vers\u00e1til. La linterna frontal h\u00edbrida multicolor Energizer es compacta y manos libres. Iluminar\u00e1 su camino en cualquier actividad, ya sea que est\u00e9 trabajando en un proyecto profesional, en su autom\u00f3vil, acampando, haciendo senderismo o saliendo a correr despu\u00e9s de que se ponga el sol. Esta potente linterna de cabeza de la serie Pro de 650 l\u00famenes tiene una correa ajustable y un cabezal pivotante antirreflejo para iluminar incluso los espacios m\u00e1s oscuros, iluminando la longitud del campo de un estadio. Adem\u00e1s, cuenta con tecnolog\u00eda LED duradera y de bajo consumo, que ofrece una luz 12 veces m\u00e1s brillante que los LED est\u00e1ndar. Con una funci\u00f3n de regulaci\u00f3n de intensidad avanzada, puede controlar f\u00e1cilmente la intensidad de la luz de la linterna de trabajo o de caminata y elegir el modo perfecto para su actividad: alto, medio, bajo, regulaci\u00f3n de intensidad, verde y rojo (incluido el rojo intermitente) para ver mejor en la oscuridad. Y comprueba f\u00e1cilmente cuando la carga de la bater\u00eda est\u00e1 baja con el indicador de nivel bajo de bater\u00eda. Esta linterna frontal impermeable con lente irrompible tiene un dise\u00f1o conveniente y una construcci\u00f3n duradera, ofreciendo comodidad y versatilidad \u00f3ptimas para cualquier aventura dentro o al aire libre. Energizer, que abri\u00f3 el camino en la iluminaci\u00f3n port\u00e1til durante m\u00e1s de 120 a\u00f1os, present\u00f3 la primera linterna resistente al agua del mundo en 1970. Energizer hace que iluminar su camino sea f\u00e1cil.<\/p>\n","protected":false},"featured_media":0,"comment_status":"open","ping_status":"closed","template":"","meta":{"_acf_changed":false},"product_brand":[],"product_cat":[43],"product_tag":[],"class_list":{"0":"post-5419","1":"product","2":"type-product","3":"status-publish","5":"product_cat-hands-free","7":"first","8":"instock","9":"shipping-taxable","10":"product-type-simple"},"acf":[],"_links":{"self":[{"href":"https:\/\/energizer.com\/eu\/spain\/wp-json\/wp\/v2\/product\/5419","targetHints":{"allow":["GET"]}}],"collection":[{"href":"https:\/\/energizer.com\/eu\/spain\/wp-json\/wp\/v2\/product"}],"about":[{"href":"https:\/\/energizer.com\/eu\/spain\/wp-json\/wp\/v2\/types\/product"}],"replies":[{"embeddable":true,"href":"https:\/\/energizer.com\/eu\/spain\/wp-json\/wp\/v2\/comments?post=5419"}],"version-history":[{"count":10,"href":"https:\/\/energizer.com\/eu\/spain\/wp-json\/wp\/v2\/product\/5419\/revisions"}],"predecessor-version":[{"id":10859,"href":"https:\/\/energizer.com\/eu\/spain\/wp-json\/wp\/v2\/product\/5419\/revisions\/10859"}],"wp:attachment":[{"href":"https:\/\/energizer.com\/eu\/spain\/wp-json\/wp\/v2\/media?parent=5419"}],"wp:term":[{"taxonomy":"product_brand","embeddable":true,"href":"https:\/\/energizer.com\/eu\/spain\/wp-json\/wp\/v2\/product_brand?post=5419"},{"taxonomy":"product_cat","embeddable":true,"href":"https:\/\/energizer.com\/eu\/spain\/wp-json\/wp\/v2\/product_cat?post=5419"},{"taxonomy":"product_tag","embeddable":true,"href":"https:\/\/energizer.com\/eu\/spain\/wp-json\/wp\/v2\/product_tag?post=5419"}],"curies":[{"name":"wp","href":"https:\/\/api.w.org\/{rel}","templated":true}]}}