{"id":5428,"date":"2024-05-22T10:26:20","date_gmt":"2024-05-22T10:26:20","guid":{"rendered":"https:\/\/23b13e8ab3.nxcli.io\/spain\/?post_type=product&#038;p=5428"},"modified":"2024-08-23T09:20:48","modified_gmt":"2024-08-23T09:20:48","slug":"energizer-auto-dual-colour-headlamp","status":"publish","type":"product","link":"https:\/\/energizer.com\/eu\/spain\/product\/energizer-auto-dual-colour-headlamp\/","title":{"rendered":"Energizer Auto Dual Colour Headlamp"},"content":{"rendered":"<ul>\n<li>Linterna frontal Energizer Auto Dual Color con cabezal pivotante y correa ajustable<\/li>\n<li>Tecnolog\u00eda LED: Esta potente linterna frontal manos libres de 325 l\u00famenes proporciona una luz 12 veces m\u00e1s brillante que la tecnolog\u00eda LED est\u00e1ndar,\u00a0ideal para el mantenimiento de autom\u00f3viles<\/li>\n<li>Modo nocturno de luz roja: El modo de luz roja preserva la visibilidad nocturna para tareas de bricolaje, mantenimiento de autom\u00f3viles o emergencias despu\u00e9s del anochecer<\/li>\n<li>Tecnolog\u00eda de atenuaci\u00f3n avanzada: Controla la intensidad de la luz con esta caracter\u00edstica innovadora<\/li>\n<li>Construcci\u00f3n duradera: Esta linterna manos libres es resistente al agua IPX4 y cuenta con una lente a prueba de roturas<\/li>\n<li>Luz manos libres vers\u00e1til: La linterna para autom\u00f3vil compacta con cabezal pivotante te cubre, ya sea en el garaje o en la carretera, o incluso cuando sales a correr<\/li>\n<li>Horas de duraci\u00f3n:\u202f\u202fDuradera y eficaz, la linterna frontal para correr puede brillar hasta 40 horas en modo bajo<\/li>\n<\/ul>\n","protected":false},"excerpt":{"rendered":"<p>Mantenga sus manos libres sin importar el trabajo de reparaci\u00f3n del autom\u00f3vil con esta linterna frontal liviana y vers\u00e1til. La linterna frontal Energizer Auto de doble color es compacta y manos libres, ideal para reparaciones en el garaje o en la carretera, y proyectos de bricolaje que requieren dos manos. Esta potente linterna frontal en funcionamiento de 325 l\u00famenes tiene una correa ajustable y un cabezal giratorio antideslumbrante para iluminar hasta 70 metros, brind\u00e1ndote abundante luz justo donde la necesitas. Adem\u00e1s, ofrece una luz 12 veces m\u00e1s brillante que los LED est\u00e1ndar. Esta linterna de cabeza ofrece tres modos, intenso, suave y rojo para visi\u00f3n nocturna. La funci\u00f3n de atenuaci\u00f3n avanzada le permite controlar f\u00e1cilmente la intensidad de la luz desde la linterna con ajuste autom\u00e1tico y elegir el modo perfecto para su actividad.<\/p>\n","protected":false},"featured_media":0,"comment_status":"open","ping_status":"closed","template":"","meta":{"_acf_changed":false},"product_brand":[],"product_cat":[43],"product_tag":[],"class_list":{"0":"post-5428","1":"product","2":"type-product","3":"status-publish","5":"product_cat-hands-free","7":"first","8":"instock","9":"shipping-taxable","10":"product-type-simple"},"acf":[],"_links":{"self":[{"href":"https:\/\/energizer.com\/eu\/spain\/wp-json\/wp\/v2\/product\/5428","targetHints":{"allow":["GET"]}}],"collection":[{"href":"https:\/\/energizer.com\/eu\/spain\/wp-json\/wp\/v2\/product"}],"about":[{"href":"https:\/\/energizer.com\/eu\/spain\/wp-json\/wp\/v2\/types\/product"}],"replies":[{"embeddable":true,"href":"https:\/\/energizer.com\/eu\/spain\/wp-json\/wp\/v2\/comments?post=5428"}],"version-history":[{"count":4,"href":"https:\/\/energizer.com\/eu\/spain\/wp-json\/wp\/v2\/product\/5428\/revisions"}],"predecessor-version":[{"id":9383,"href":"https:\/\/energizer.com\/eu\/spain\/wp-json\/wp\/v2\/product\/5428\/revisions\/9383"}],"wp:attachment":[{"href":"https:\/\/energizer.com\/eu\/spain\/wp-json\/wp\/v2\/media?parent=5428"}],"wp:term":[{"taxonomy":"product_brand","embeddable":true,"href":"https:\/\/energizer.com\/eu\/spain\/wp-json\/wp\/v2\/product_brand?post=5428"},{"taxonomy":"product_cat","embeddable":true,"href":"https:\/\/energizer.com\/eu\/spain\/wp-json\/wp\/v2\/product_cat?post=5428"},{"taxonomy":"product_tag","embeddable":true,"href":"https:\/\/energizer.com\/eu\/spain\/wp-json\/wp\/v2\/product_tag?post=5428"}],"curies":[{"name":"wp","href":"https:\/\/api.w.org\/{rel}","templated":true}]}}