{"id":5430,"date":"2024-05-22T10:28:13","date_gmt":"2024-05-22T10:28:13","guid":{"rendered":"https:\/\/23b13e8ab3.nxcli.io\/spain\/?post_type=product&#038;p=5430"},"modified":"2024-11-26T13:00:23","modified_gmt":"2024-11-26T13:00:23","slug":"energizer-automotive-metal-handheld","status":"publish","type":"product","link":"https:\/\/energizer.com\/eu\/spain\/product\/energizer-automotive-metal-handheld\/","title":{"rendered":"Energizer Automotive Metal Handheld"},"content":{"rendered":"<ul>\n<li>Linterna recargable de metal autom\u00e1tica Energizer con rompeventanas y cortador de cintur\u00f3n de seguridad<\/li>\n<li>Luz potente: Esta linterna de 500 l\u00famenes es hasta 12 veces m\u00e1s brillante que la tecnolog\u00eda LED est\u00e1ndar<\/li>\n<li>Base magn\u00e9tica: Se fija al coche para ofrecer una sujeci\u00f3n resistente y permitir el uso con manos libres<\/li>\n<li>3 modos de haz: Elija entre luz alta, baja y estrobosc\u00f3pica ya sea que est\u00e9 trabajando debajo del cap\u00f3, cambiando un neum\u00e1tico o pidiendo asistencia de emergencia<\/li>\n<li>Construcci\u00f3n duradera: La construcci\u00f3n de aluminio de calidad aeron\u00e1utica resistente al agua IPX4 resiste ca\u00eddas de hasta un metro<\/li>\n<li>Energ\u00eda recargable: Esta linterna LED es recargable con bater\u00eda de iones de litio y tiene una autonom\u00eda de hasta 7 horas en modo bajo<\/li>\n<li>Multiuso: Cortacinturones de seguridad y rompecristales integrados<\/li>\n<\/ul>\n","protected":false},"excerpt":{"rendered":"<p>Estate preparado en caso de una emergencia automovil\u00edstica con la linterna recargable de metal Energizer Auto, que cuenta con una luz LED brillante, un cortador de cintur\u00f3n de seguridad y un rompevidrios. La luz LED de 500 l\u00famenes es hasta 12 veces m\u00e1s brillante que la tecnolog\u00eda LED est\u00e1ndar y puede brillar hasta 7 horas en modo bajo. Con modos de haz alto, bajo y estrobosc\u00f3pico, esta potente antorcha puede ayudarle desde reparaciones de autom\u00f3viles en la carretera hasta se\u00f1ales de atenci\u00f3n de emergencia despu\u00e9s del anochecer. La bater\u00eda h\u00edbrida recargable de iones de litio se carga en solo 4,5 horas con un cable de carga micro-USB y se puede cargar con el cargador de su coche en movimiento.<\/p>\n","protected":false},"featured_media":0,"comment_status":"open","ping_status":"closed","template":"","meta":{"_acf_changed":false},"product_brand":[],"product_cat":[97],"product_tag":[],"class_list":{"0":"post-5430","1":"product","2":"type-product","3":"status-publish","5":"product_cat-handheld","7":"first","8":"instock","9":"shipping-taxable","10":"product-type-simple"},"acf":[],"_links":{"self":[{"href":"https:\/\/energizer.com\/eu\/spain\/wp-json\/wp\/v2\/product\/5430","targetHints":{"allow":["GET"]}}],"collection":[{"href":"https:\/\/energizer.com\/eu\/spain\/wp-json\/wp\/v2\/product"}],"about":[{"href":"https:\/\/energizer.com\/eu\/spain\/wp-json\/wp\/v2\/types\/product"}],"replies":[{"embeddable":true,"href":"https:\/\/energizer.com\/eu\/spain\/wp-json\/wp\/v2\/comments?post=5430"}],"version-history":[{"count":5,"href":"https:\/\/energizer.com\/eu\/spain\/wp-json\/wp\/v2\/product\/5430\/revisions"}],"predecessor-version":[{"id":10773,"href":"https:\/\/energizer.com\/eu\/spain\/wp-json\/wp\/v2\/product\/5430\/revisions\/10773"}],"wp:attachment":[{"href":"https:\/\/energizer.com\/eu\/spain\/wp-json\/wp\/v2\/media?parent=5430"}],"wp:term":[{"taxonomy":"product_brand","embeddable":true,"href":"https:\/\/energizer.com\/eu\/spain\/wp-json\/wp\/v2\/product_brand?post=5430"},{"taxonomy":"product_cat","embeddable":true,"href":"https:\/\/energizer.com\/eu\/spain\/wp-json\/wp\/v2\/product_cat?post=5430"},{"taxonomy":"product_tag","embeddable":true,"href":"https:\/\/energizer.com\/eu\/spain\/wp-json\/wp\/v2\/product_tag?post=5430"}],"curies":[{"name":"wp","href":"https:\/\/api.w.org\/{rel}","templated":true}]}}