{"id":5432,"date":"2024-05-22T10:54:13","date_gmt":"2024-05-22T10:54:13","guid":{"rendered":"https:\/\/23b13e8ab3.nxcli.io\/spain\/?post_type=product&#038;p=5432"},"modified":"2024-12-09T13:17:48","modified_gmt":"2024-12-09T13:17:48","slug":"energizer-small-power-indicator-rechargeable-lantern","status":"publish","type":"product","link":"https:\/\/energizer.com\/eu\/spain\/product\/energizer-small-power-indicator-rechargeable-lantern\/","title":{"rendered":"Energizer Small Power Indicator Rechargeable Lantern"},"content":{"rendered":"<ul>\n<li>Linterna peque\u00f1a de Energizer con indicador de energ\u00eda, una linterna LED recargable con un indicador de energ\u00eda digital f\u00e1cil de usar que te permite ver claramente cu\u00e1ntas horas de luz te quedan<\/li>\n<li>Linterna recargable con tres modos de luz diferentes para que puedas personalizar el brillo y maximizar la duraci\u00f3n de la bater\u00eda: Luz alta, atenuada y nocturna<\/li>\n<li>12 veces m\u00e1s brillante que la tecnolog\u00eda LED est\u00e1ndar. Emite hasta 500 l\u00famenes de luz confiable de \u00e1rea de 360 \u200b\u200bgrados en modo Alto y dura hasta 30 horas cuando est\u00e1 completamente atenuado<\/li>\n<li>El asa ajustable y f\u00e1cil de transportar le permite llevar esta linterna port\u00e1til a cualquier lugar; utiliza el accesorio plegable para convertirlo en una linterna colgante<\/li>\n<li>Construido para resistir cualquier aventura; Clasificaci\u00f3n IPX4 resistente al agua, puede soportar ca\u00eddas de hasta 1 m y est\u00e1 equipado con una lente irrompible<\/li>\n<li>La linterna recargable vers\u00e1til es la linterna perfecta para exteriores y para acampar; tambi\u00e9n es ideal para proyectos de mejoras para el hogar, situaciones de emergencia y m\u00e1s<\/li>\n<\/ul>\n","protected":false},"excerpt":{"rendered":"<p>Nunca m\u00e1s te quedes atrapado en la oscuridad con la Linterna con Indicador de Energ\u00eda Peque\u00f1o de Energizer, una linterna LED recargable con indicador de energ\u00eda digital. La pantalla indicadora de energ\u00eda f\u00e1cil de usar le permite ver claramente cu\u00e1ntas horas de luz le quedan y le permite ajustar el brillo para maximizar el tiempo de ejecuci\u00f3n, brind\u00e1ndole comodidad, confianza y flexibilidad. Hasta 12 veces m\u00e1s brillante que la tecnolog\u00eda LED est\u00e1ndar, esta linterna recargable tiene tres modos de luz LED: Luz alta, de atenuaci\u00f3n y nocturna. En modo Alto, emite hasta 500 l\u00famenes de luz confiable en un \u00e1rea de 360 \u200b\u200bgrados. Con el modo de atenuaci\u00f3n, puedes personalizar el brillo y maximizar la duraci\u00f3n, obteniendo hasta 30 horas de luz cuando est\u00e1 completamente atenuado.<\/p>\n","protected":false},"featured_media":0,"comment_status":"open","ping_status":"closed","template":"","meta":{"_acf_changed":false},"product_brand":[],"product_cat":[44],"product_tag":[],"class_list":{"0":"post-5432","1":"product","2":"type-product","3":"status-publish","5":"product_cat-area","7":"first","8":"instock","9":"shipping-taxable","10":"product-type-simple"},"acf":[],"_links":{"self":[{"href":"https:\/\/energizer.com\/eu\/spain\/wp-json\/wp\/v2\/product\/5432","targetHints":{"allow":["GET"]}}],"collection":[{"href":"https:\/\/energizer.com\/eu\/spain\/wp-json\/wp\/v2\/product"}],"about":[{"href":"https:\/\/energizer.com\/eu\/spain\/wp-json\/wp\/v2\/types\/product"}],"replies":[{"embeddable":true,"href":"https:\/\/energizer.com\/eu\/spain\/wp-json\/wp\/v2\/comments?post=5432"}],"version-history":[{"count":5,"href":"https:\/\/energizer.com\/eu\/spain\/wp-json\/wp\/v2\/product\/5432\/revisions"}],"predecessor-version":[{"id":10901,"href":"https:\/\/energizer.com\/eu\/spain\/wp-json\/wp\/v2\/product\/5432\/revisions\/10901"}],"wp:attachment":[{"href":"https:\/\/energizer.com\/eu\/spain\/wp-json\/wp\/v2\/media?parent=5432"}],"wp:term":[{"taxonomy":"product_brand","embeddable":true,"href":"https:\/\/energizer.com\/eu\/spain\/wp-json\/wp\/v2\/product_brand?post=5432"},{"taxonomy":"product_cat","embeddable":true,"href":"https:\/\/energizer.com\/eu\/spain\/wp-json\/wp\/v2\/product_cat?post=5432"},{"taxonomy":"product_tag","embeddable":true,"href":"https:\/\/energizer.com\/eu\/spain\/wp-json\/wp\/v2\/product_tag?post=5432"}],"curies":[{"name":"wp","href":"https:\/\/api.w.org\/{rel}","templated":true}]}}