{"id":5435,"date":"2024-05-22T11:00:35","date_gmt":"2024-05-22T11:00:35","guid":{"rendered":"https:\/\/23b13e8ab3.nxcli.io\/spain\/?post_type=product&#038;p=5435"},"modified":"2024-12-09T13:16:39","modified_gmt":"2024-12-09T13:16:39","slug":"energizer-power-bank-storage-lantern","status":"publish","type":"product","link":"https:\/\/energizer.com\/eu\/spain\/product\/energizer-power-bank-storage-lantern\/","title":{"rendered":"Energizer Power Bank &#038; Storage Lantern"},"content":{"rendered":"<ul>\n<li>\n<div class=\"jsx-2518687885 relative px-2.5 pb-2\">\n<div class=\"jsx-2518687885 comment-privacy-wrapper\">Farol de energ\u00eda y linterna con almacenamiento Energizer, con 2 puertos USB para cargar dispositivos y disco de luz extra\u00edble en la tapa<\/div>\n<\/div>\n<\/li>\n<li>Luz potente: Esta luz c\u00fabica de 1000 l\u00famenes proporciona iluminaci\u00f3n de \u00e1rea de 360\u00b0<\/li>\n<li>3 modos de haz: Ajuste la intensidad de alta a baja, presionando y manteniendo el bot\u00f3n para atenuar para una iluminaci\u00f3n personalizada<\/li>\n<li>Construcci\u00f3n duradera y resistente a la intemperie: El dise\u00f1o resistente a la intemperie IPX4 resiste ca\u00eddas de hasta un metro<\/li>\n<li>Energ\u00eda h\u00edbrida: Impresionante tiempo de funcionamiento de hasta 25 horas en modo bajo con bater\u00edas de litio recargables y 22 horas en modo bajo con 3 pilas AA<\/li>\n<li>Linterna multiusos: Luz de alta resistencia con power bank para cargar en exteriores, luz extra\u00edble para llevar y compartimento de almacenamiento<\/li>\n<li>Apariencia neutra:\u202f\u202fEsta linterna Energizer es lo suficientemente elegante para usar en el hogar y el jard\u00edn, as\u00ed como para acampar<\/li>\n<\/ul>\n","protected":false},"excerpt":{"rendered":"<p>Ilumine su entorno con este cubo de almacenamiento de luz y energ\u00eda multiusos de alto rendimiento. El farol de energ\u00eda y linterna de almacenamiento Energizer brinda la flexibilidad de la energ\u00eda h\u00edbrida para garantizar que siempre tenga energ\u00eda y luz cuando las necesite. Su luz de 1000 l\u00famenes cuenta con una iluminaci\u00f3n de 360\u00b0 (elija de baja a alta manteniendo presionada la atenuaci\u00f3n) y brinda un brillo excepcional por hasta 25 horas (con la bater\u00eda de iones de litio en modo bajo). Y es recargable o funciona con pilas, perfecto tanto si vas a emprender una aventura como si te est\u00e1s preparando para emergencias en casa.<\/p>\n","protected":false},"featured_media":0,"comment_status":"open","ping_status":"closed","template":"","meta":{"_acf_changed":false},"product_brand":[],"product_cat":[44],"product_tag":[],"class_list":{"0":"post-5435","1":"product","2":"type-product","3":"status-publish","5":"product_cat-area","7":"first","8":"instock","9":"shipping-taxable","10":"product-type-simple"},"acf":[],"_links":{"self":[{"href":"https:\/\/energizer.com\/eu\/spain\/wp-json\/wp\/v2\/product\/5435","targetHints":{"allow":["GET"]}}],"collection":[{"href":"https:\/\/energizer.com\/eu\/spain\/wp-json\/wp\/v2\/product"}],"about":[{"href":"https:\/\/energizer.com\/eu\/spain\/wp-json\/wp\/v2\/types\/product"}],"replies":[{"embeddable":true,"href":"https:\/\/energizer.com\/eu\/spain\/wp-json\/wp\/v2\/comments?post=5435"}],"version-history":[{"count":6,"href":"https:\/\/energizer.com\/eu\/spain\/wp-json\/wp\/v2\/product\/5435\/revisions"}],"predecessor-version":[{"id":10900,"href":"https:\/\/energizer.com\/eu\/spain\/wp-json\/wp\/v2\/product\/5435\/revisions\/10900"}],"wp:attachment":[{"href":"https:\/\/energizer.com\/eu\/spain\/wp-json\/wp\/v2\/media?parent=5435"}],"wp:term":[{"taxonomy":"product_brand","embeddable":true,"href":"https:\/\/energizer.com\/eu\/spain\/wp-json\/wp\/v2\/product_brand?post=5435"},{"taxonomy":"product_cat","embeddable":true,"href":"https:\/\/energizer.com\/eu\/spain\/wp-json\/wp\/v2\/product_cat?post=5435"},{"taxonomy":"product_tag","embeddable":true,"href":"https:\/\/energizer.com\/eu\/spain\/wp-json\/wp\/v2\/product_tag?post=5435"}],"curies":[{"name":"wp","href":"https:\/\/api.w.org\/{rel}","templated":true}]}}