{"id":5478,"date":"2024-05-22T11:36:10","date_gmt":"2024-05-22T11:36:10","guid":{"rendered":"https:\/\/23b13e8ab3.nxcli.io\/spain\/?post_type=product&#038;p=5478"},"modified":"2024-08-23T09:16:55","modified_gmt":"2024-08-23T09:16:55","slug":"energizer-2-in-1-lantern-handheld","status":"publish","type":"product","link":"https:\/\/energizer.com\/eu\/spain\/product\/energizer-2-in-1-lantern-handheld\/","title":{"rendered":"Energizer 2-in-1 Lantern handheld"},"content":{"rendered":"<ul>\n<li>Nuevo dise\u00f1o que incluye paneles reflectantes para mayor visibilidad por la noche<\/li>\n<li>Combina luz puntual y de \u00e1rea en un formato compacto para mayor versatilidad<\/li>\n<li>Potente fuente de luz que dura horas<\/li>\n<li>Modos alto y de ahorro de energ\u00eda para satisfacer todas sus necesidades<\/li>\n<li>Dise\u00f1ado y construido para condiciones exteriores dif\u00edciles: Resistente a ca\u00eddas desde 1 metro y resistente a la intemperie<\/li>\n<li>Pr\u00e1ctico lazo para colgar<\/li>\n<li>2 pilas alcalinas AA incluidas<\/li>\n<\/ul>\n","protected":false},"excerpt":{"rendered":"<p>La linterna de emergencia 2 en 1 de Energizer es una luz de \u00e1rea vers\u00e1til y un foco en un producto compacto y altamente confiable. Dise\u00f1ado para uso tanto en exteriores como en interiores, su acabado de colores brillantes y sus paneles reflectantes garantizan que sea f\u00e1cil de encontrar en situaciones de emergencia. El modo de luz de \u00e1rea proporciona una luz amplia y difusa para iluminar espacios m\u00e1s grandes manteniendo al mismo tiempo una duraci\u00f3n extremadamente larga. El modo foco proporciona una luz concentrada y directa con una larga duraci\u00f3n y un excelente alcance del haz. De dise\u00f1o resistente, la luz Energizer 2 en 1 resiste ca\u00edda tras ca\u00edda y es resistente al agua para su uso incluso en las condiciones clim\u00e1ticas m\u00e1s adversas.<\/p>\n","protected":false},"featured_media":0,"comment_status":"open","ping_status":"closed","template":"","meta":{"_acf_changed":false},"product_brand":[],"product_cat":[97],"product_tag":[],"class_list":{"0":"post-5478","1":"product","2":"type-product","3":"status-publish","5":"product_cat-handheld","7":"first","8":"instock","9":"shipping-taxable","10":"product-type-simple"},"acf":[],"_links":{"self":[{"href":"https:\/\/energizer.com\/eu\/spain\/wp-json\/wp\/v2\/product\/5478","targetHints":{"allow":["GET"]}}],"collection":[{"href":"https:\/\/energizer.com\/eu\/spain\/wp-json\/wp\/v2\/product"}],"about":[{"href":"https:\/\/energizer.com\/eu\/spain\/wp-json\/wp\/v2\/types\/product"}],"replies":[{"embeddable":true,"href":"https:\/\/energizer.com\/eu\/spain\/wp-json\/wp\/v2\/comments?post=5478"}],"version-history":[{"count":5,"href":"https:\/\/energizer.com\/eu\/spain\/wp-json\/wp\/v2\/product\/5478\/revisions"}],"predecessor-version":[{"id":9391,"href":"https:\/\/energizer.com\/eu\/spain\/wp-json\/wp\/v2\/product\/5478\/revisions\/9391"}],"wp:attachment":[{"href":"https:\/\/energizer.com\/eu\/spain\/wp-json\/wp\/v2\/media?parent=5478"}],"wp:term":[{"taxonomy":"product_brand","embeddable":true,"href":"https:\/\/energizer.com\/eu\/spain\/wp-json\/wp\/v2\/product_brand?post=5478"},{"taxonomy":"product_cat","embeddable":true,"href":"https:\/\/energizer.com\/eu\/spain\/wp-json\/wp\/v2\/product_cat?post=5478"},{"taxonomy":"product_tag","embeddable":true,"href":"https:\/\/energizer.com\/eu\/spain\/wp-json\/wp\/v2\/product_tag?post=5478"}],"curies":[{"name":"wp","href":"https:\/\/api.w.org\/{rel}","templated":true}]}}