{"id":5482,"date":"2024-05-22T11:44:14","date_gmt":"2024-05-22T11:44:14","guid":{"rendered":"https:\/\/23b13e8ab3.nxcli.io\/spain\/?post_type=product&#038;p=5482"},"modified":"2024-12-10T06:06:20","modified_gmt":"2024-12-10T06:06:20","slug":"energizer-emergency-300","status":"publish","type":"product","link":"https:\/\/energizer.com\/eu\/spain\/product\/energizer-emergency-300\/","title":{"rendered":"Energizer  Emergency 300"},"content":{"rendered":"<ul>\n<li>Linterna de emergencia de mano LED Energizer con baliza<\/li>\n<li>Se\u00f1ale a otros en caso de emergencia con la baliza roja intermitente y el silbato<\/li>\n<li>La luz de emergencia es ideal para cortes de energ\u00eda y situaciones en la carretera, as\u00ed como una linterna de acampada y luz de trabajo LED<\/li>\n<li>Potente linterna LED que emite 300 l\u00famenes durante eliminar 1 hora y 15 minutos<\/li>\n<li>Ajuste la intensidad de la luz LED con los modos Alto, Bajo, Intermitente y Intermitente rojo<\/li>\n<li>IPX4 resistente al agua y resistente a impactos desde una altura de hasta 1 metro<\/li>\n<li>Conf\u00ede en Energizer para obtener un rendimiento confiable en cualquier situaci\u00f3n<\/li>\n<\/ul>\n","protected":false},"excerpt":{"rendered":"<p>S\u00e9 visible cuando realmente importa con esta linterna de emergencia port\u00e1til LED con baliza Energizer. Esta linterna LED tiene una luz intermitente trasera para ayudarle a ser detectado. Hasta 15 veces m\u00e1s brillante que la linterna tecnolog\u00eda LED est\u00e1ndar, esta luz alimentada por pilas proyecta un potente haz a m\u00e1s de 170 metros hacia adelante. Con cuatro modos, incluidos Alta, Baja, Estrobosc\u00f3pico y Estrobosc\u00f3pico Rojo, est\u00e1s preparado para la oscuridad. El exterior de la linterna presenta una construcci\u00f3n resistente al agua para ayudarlo a liderar el camino sin importar el clima, lo que la convierte en una buena opci\u00f3n como linterna para acampar. Un mosquet\u00f3n asegura la luz a su mochila o bolso, y un silbato de emergencia en la parte trasera le ayuda a avisar a los dem\u00e1s. Tres pilas AAA mantienen esta linterna LED brillando durante 1 hora y 15 minutos. Conf\u00ede en Energizer para obtener un rendimiento confiable en cualquier situaci\u00f3n.<\/p>\n","protected":false},"featured_media":0,"comment_status":"open","ping_status":"closed","template":"","meta":{"_acf_changed":false},"product_brand":[],"product_cat":[97],"product_tag":[],"class_list":{"0":"post-5482","1":"product","2":"type-product","3":"status-publish","5":"product_cat-handheld","7":"first","8":"instock","9":"shipping-taxable","10":"product-type-simple"},"acf":[],"_links":{"self":[{"href":"https:\/\/energizer.com\/eu\/spain\/wp-json\/wp\/v2\/product\/5482","targetHints":{"allow":["GET"]}}],"collection":[{"href":"https:\/\/energizer.com\/eu\/spain\/wp-json\/wp\/v2\/product"}],"about":[{"href":"https:\/\/energizer.com\/eu\/spain\/wp-json\/wp\/v2\/types\/product"}],"replies":[{"embeddable":true,"href":"https:\/\/energizer.com\/eu\/spain\/wp-json\/wp\/v2\/comments?post=5482"}],"version-history":[{"count":12,"href":"https:\/\/energizer.com\/eu\/spain\/wp-json\/wp\/v2\/product\/5482\/revisions"}],"predecessor-version":[{"id":10912,"href":"https:\/\/energizer.com\/eu\/spain\/wp-json\/wp\/v2\/product\/5482\/revisions\/10912"}],"wp:attachment":[{"href":"https:\/\/energizer.com\/eu\/spain\/wp-json\/wp\/v2\/media?parent=5482"}],"wp:term":[{"taxonomy":"product_brand","embeddable":true,"href":"https:\/\/energizer.com\/eu\/spain\/wp-json\/wp\/v2\/product_brand?post=5482"},{"taxonomy":"product_cat","embeddable":true,"href":"https:\/\/energizer.com\/eu\/spain\/wp-json\/wp\/v2\/product_cat?post=5482"},{"taxonomy":"product_tag","embeddable":true,"href":"https:\/\/energizer.com\/eu\/spain\/wp-json\/wp\/v2\/product_tag?post=5482"}],"curies":[{"name":"wp","href":"https:\/\/api.w.org\/{rel}","templated":true}]}}