{"id":5486,"date":"2024-05-22T11:50:00","date_gmt":"2024-05-22T11:50:00","guid":{"rendered":"https:\/\/23b13e8ab3.nxcli.io\/spain\/?post_type=product&#038;p=5486"},"modified":"2024-12-09T12:52:19","modified_gmt":"2024-12-09T12:52:19","slug":"energizer-battery-genius-lantern-rechargeable-led-lantern","status":"publish","type":"product","link":"https:\/\/energizer.com\/eu\/spain\/product\/energizer-battery-genius-lantern-rechargeable-led-lantern\/","title":{"rendered":"Energizer Battery Genius Lantern, Rechargeable LED Lantern"},"content":{"rendered":"<ul>\n<li>Lo que obtendr\u00e1s: Una (1) Genius Lantern grande con pilas Energizer de 1200 l\u00famenes, una linterna LED recargable con un indicador de energ\u00eda digital f\u00e1cil de usar que te permite ver claramente cu\u00e1ntas horas de luz te quedan<\/li>\n<li>La luz que necesitas: Linterna recargable con tres modos de luz diferentes para que puedas personalizar el brillo y maximizar la duraci\u00f3n de la bater\u00eda<\/li>\n<li>Luz alta, atenuada y nocturna<\/li>\n<li>Linternas potentes: 12 veces m\u00e1s brillante que la tecnolog\u00eda LED est\u00e1ndar, esta linterna LED emite hasta 1200 l\u00famenes de luz confiable de \u00e1rea de 360 \u200b\u200bgrados en modo Alto y dura hasta 50 horas cuando est\u00e1 completamente atenuada<\/li>\n<li>Luz LED de alta tecnolog\u00eda: Esta linterna Energizer tambi\u00e9n funciona como banco de energ\u00eda USB para que puedas cargar otros dispositivos mientras viajas<\/li>\n<li>Pr\u00e1ctica luz exterior: El asa ajustable y f\u00e1cil de transportar te permite llevar esta linterna port\u00e1til a cualquier lugar<\/li>\n<li>Construido para resistir cualquier aventura; Con clasificaci\u00f3n IPX4 resistente al agua, esta linterna recargable vers\u00e1til es la linterna perfecta para exteriores y para acampar<\/li>\n<\/ul>\n","protected":false},"excerpt":{"rendered":"<p>Nunca m\u00e1s te quedes en la oscuridad con la linterna Energizer Battery Genius, una linterna LED recargable con indicador de energ\u00eda digital y power bank USB incorporado. La pantalla indicadora de energ\u00eda f\u00e1cil de usar le permite ver claramente cu\u00e1ntas horas de luz le quedan y le permite ajustar el brillo para maximizar la duraci\u00f3n, brind\u00e1ndole comodidad, confianza y flexibilidad. Hasta 12 veces m\u00e1s brillante que la tecnolog\u00eda LED est\u00e1ndar, esta linterna recargable tiene tres modos de luz LED: Luz alta, atenuaci\u00f3n y nocturna. En posici\u00f3n Alta, esta l\u00e1mpara recargable emite hasta 1200 l\u00famenes de luz confiable de \u00e1rea de 360 \u200b\u200bgrados.<\/p>\n","protected":false},"featured_media":0,"comment_status":"open","ping_status":"closed","template":"","meta":{"_acf_changed":false},"product_brand":[],"product_cat":[44],"product_tag":[],"class_list":{"0":"post-5486","1":"product","2":"type-product","3":"status-publish","5":"product_cat-area","7":"first","8":"instock","9":"shipping-taxable","10":"product-type-simple"},"acf":[],"_links":{"self":[{"href":"https:\/\/energizer.com\/eu\/spain\/wp-json\/wp\/v2\/product\/5486","targetHints":{"allow":["GET"]}}],"collection":[{"href":"https:\/\/energizer.com\/eu\/spain\/wp-json\/wp\/v2\/product"}],"about":[{"href":"https:\/\/energizer.com\/eu\/spain\/wp-json\/wp\/v2\/types\/product"}],"replies":[{"embeddable":true,"href":"https:\/\/energizer.com\/eu\/spain\/wp-json\/wp\/v2\/comments?post=5486"}],"version-history":[{"count":8,"href":"https:\/\/energizer.com\/eu\/spain\/wp-json\/wp\/v2\/product\/5486\/revisions"}],"predecessor-version":[{"id":10893,"href":"https:\/\/energizer.com\/eu\/spain\/wp-json\/wp\/v2\/product\/5486\/revisions\/10893"}],"wp:attachment":[{"href":"https:\/\/energizer.com\/eu\/spain\/wp-json\/wp\/v2\/media?parent=5486"}],"wp:term":[{"taxonomy":"product_brand","embeddable":true,"href":"https:\/\/energizer.com\/eu\/spain\/wp-json\/wp\/v2\/product_brand?post=5486"},{"taxonomy":"product_cat","embeddable":true,"href":"https:\/\/energizer.com\/eu\/spain\/wp-json\/wp\/v2\/product_cat?post=5486"},{"taxonomy":"product_tag","embeddable":true,"href":"https:\/\/energizer.com\/eu\/spain\/wp-json\/wp\/v2\/product_tag?post=5486"}],"curies":[{"name":"wp","href":"https:\/\/api.w.org\/{rel}","templated":true}]}}