{"id":5520,"date":"2024-05-22T12:28:24","date_gmt":"2024-05-22T12:28:24","guid":{"rendered":"https:\/\/23b13e8ab3.nxcli.io\/spain\/?post_type=product&#038;p=5520"},"modified":"2024-12-09T10:46:13","modified_gmt":"2024-12-09T10:46:13","slug":"energizer-hard-case-led-headlamp","status":"publish","type":"product","link":"https:\/\/energizer.com\/eu\/spain\/product\/energizer-hard-case-led-headlamp\/","title":{"rendered":"Energizer Hard Case LED Headlamp"},"content":{"rendered":"<ul>\n<li>Esta linterna frontal resistente y duradera funciona con 3 pilas Energizer MAX AA (incluidas)<\/li>\n<li>La tecnolog\u00eda LED de alta potencia ofrece un potente haz de hasta 325 l\u00famenes que puede alcanzar hasta 100 metros en modo alto<\/li>\n<li>La correa para la cabeza antideslizante y la banda ajustable se adaptan a cascos est\u00e1ndar y sombreros duros<\/li>\n<li>La construcci\u00f3n resistente puede soportar ca\u00edda tras ca\u00edda desde hasta 7 metros de altura<\/li>\n<li>Incluye un pr\u00e1ctico cabezal giratorio que dirige un potente haz de luz<\/li>\n<li>Cambie f\u00e1cilmente entre los modos de luz amplia y\/o foco<\/li>\n<li>Listo para cualquier clima: Resistente al agua seg\u00fan el est\u00e1ndar IPX4<\/li>\n<\/ul>\n","protected":false},"excerpt":{"rendered":"<p>Libere sus manos con la linterna frontal LED resistente profesional Hard Case de Energizer. Gira la linterna frontal y dirige su potente haz de luz LED hasta 100 metros de distancia (en modo alto). Con los modos de funcionamiento de m\u00e1xima potencia, focalizado o difuso, puede obtener un brillo de alta potencia durante 6,5 horas (en modo alto) o un tiempo de ejecuci\u00f3n m\u00e1s largo de 22 horas (en modo bajo). Se trata de una linterna frontal dise\u00f1ada incluso para las tareas m\u00e1s exigentes: Su resistente cuerpo exterior puede soportar ca\u00edda tras ca\u00edda, incluso desde hasta 7 metros de altura. F\u00e1cil de llevar, la c\u00f3moda banda ajustable de esta linterna frontal se adapta como un guante. \u00bfLlevas un casco duro o un casco? No se preocupe: la correa antideslizante de esta linterna frontal Energizer se agarra cuando es necesario para obtener una luz estable.<\/p>\n","protected":false},"featured_media":0,"comment_status":"open","ping_status":"closed","template":"","meta":{"_acf_changed":false},"product_brand":[],"product_cat":[43],"product_tag":[],"class_list":{"0":"post-5520","1":"product","2":"type-product","3":"status-publish","5":"product_cat-hands-free","7":"first","8":"instock","9":"shipping-taxable","10":"product-type-simple"},"acf":[],"_links":{"self":[{"href":"https:\/\/energizer.com\/eu\/spain\/wp-json\/wp\/v2\/product\/5520","targetHints":{"allow":["GET"]}}],"collection":[{"href":"https:\/\/energizer.com\/eu\/spain\/wp-json\/wp\/v2\/product"}],"about":[{"href":"https:\/\/energizer.com\/eu\/spain\/wp-json\/wp\/v2\/types\/product"}],"replies":[{"embeddable":true,"href":"https:\/\/energizer.com\/eu\/spain\/wp-json\/wp\/v2\/comments?post=5520"}],"version-history":[{"count":6,"href":"https:\/\/energizer.com\/eu\/spain\/wp-json\/wp\/v2\/product\/5520\/revisions"}],"predecessor-version":[{"id":10831,"href":"https:\/\/energizer.com\/eu\/spain\/wp-json\/wp\/v2\/product\/5520\/revisions\/10831"}],"wp:attachment":[{"href":"https:\/\/energizer.com\/eu\/spain\/wp-json\/wp\/v2\/media?parent=5520"}],"wp:term":[{"taxonomy":"product_brand","embeddable":true,"href":"https:\/\/energizer.com\/eu\/spain\/wp-json\/wp\/v2\/product_brand?post=5520"},{"taxonomy":"product_cat","embeddable":true,"href":"https:\/\/energizer.com\/eu\/spain\/wp-json\/wp\/v2\/product_cat?post=5520"},{"taxonomy":"product_tag","embeddable":true,"href":"https:\/\/energizer.com\/eu\/spain\/wp-json\/wp\/v2\/product_tag?post=5520"}],"curies":[{"name":"wp","href":"https:\/\/api.w.org\/{rel}","templated":true}]}}