{"id":5524,"date":"2024-05-22T12:33:21","date_gmt":"2024-05-22T12:33:21","guid":{"rendered":"https:\/\/23b13e8ab3.nxcli.io\/spain\/?post_type=product&#038;p=5524"},"modified":"2024-08-23T09:22:55","modified_gmt":"2024-08-23T09:22:55","slug":"energizer-hard-case-pro-work-light-led-torch","status":"publish","type":"product","link":"https:\/\/energizer.com\/eu\/spain\/product\/energizer-hard-case-pro-work-light-led-torch\/","title":{"rendered":"Energizer Hard Case Pro Work Light LED Torch"},"content":{"rendered":"<ul>\n<li>Esta linterna LED resistente y port\u00e1til funciona con 4 bater\u00edas Energizer MAX AA (incluidas)<\/li>\n<li>La tecnolog\u00eda LED de alta potencia ofrece hasta 550 l\u00famenes* de luz uniforme y de gran angular<\/li>\n<li>Cuerpo resistente y duradero que resiste ca\u00edda tras ca\u00edda desde hasta 7 metros de altura<\/li>\n<li>Va y viene contigo: Dura una jornada laboral completa de 8 horas** en modo alto<\/li>\n<li>El gancho giratorio retr\u00e1ctil, los imanes y la base resistente garantizan una luz independiente manos libres<\/li>\n<li>La funci\u00f3n de atenuaci\u00f3n inteligente de Energizer le brinda control sobre la intensidad de la luz<\/li>\n<li>Listo para cualquier clima: La construcci\u00f3n resistente al agua significa que puede soportar salpicaduras<\/li>\n<\/ul>\n","protected":false},"excerpt":{"rendered":"<p>La linterna LED con luz de trabajo profesional Energizer Hard Case est\u00e1 siempre lista para trabajar. Esta linterna resistente y duradera le brinda la iluminaci\u00f3n port\u00e1til necesaria para cualquier tarea que tenga entre manos. Con su tecnolog\u00eda LED de alta potencia y su \u00f3ptica avanzada, obtendr\u00e1 una luz brillante y uniforme con una duraci\u00f3n de funcionamiento que dura una jornada laboral completa de 8 horas** (en modo alto). No solo eso, la funci\u00f3n de atenuaci\u00f3n inteligente le permite personalizar la intensidad de la luz y ahorrar energ\u00eda para un tiempo de funcionamiento a\u00fan m\u00e1s prolongado que durar\u00e1 toda la semana laboral de 40 horas** (en nivel bajo). Pat\u00e9ala, d\u00e9jala caer, t\u00edrala: el resistente sobremoldeado de esta linterna de alto lumen est\u00e1 dise\u00f1ado para resistir golpes y ca\u00eddas accidentales desde hasta 7 metros de altura.<\/p>\n","protected":false},"featured_media":0,"comment_status":"open","ping_status":"closed","template":"","meta":{"_acf_changed":false},"product_brand":[],"product_cat":[44],"product_tag":[],"class_list":{"0":"post-5524","1":"product","2":"type-product","3":"status-publish","5":"product_cat-area","7":"first","8":"instock","9":"shipping-taxable","10":"product-type-simple"},"acf":[],"_links":{"self":[{"href":"https:\/\/energizer.com\/eu\/spain\/wp-json\/wp\/v2\/product\/5524","targetHints":{"allow":["GET"]}}],"collection":[{"href":"https:\/\/energizer.com\/eu\/spain\/wp-json\/wp\/v2\/product"}],"about":[{"href":"https:\/\/energizer.com\/eu\/spain\/wp-json\/wp\/v2\/types\/product"}],"replies":[{"embeddable":true,"href":"https:\/\/energizer.com\/eu\/spain\/wp-json\/wp\/v2\/comments?post=5524"}],"version-history":[{"count":5,"href":"https:\/\/energizer.com\/eu\/spain\/wp-json\/wp\/v2\/product\/5524\/revisions"}],"predecessor-version":[{"id":9405,"href":"https:\/\/energizer.com\/eu\/spain\/wp-json\/wp\/v2\/product\/5524\/revisions\/9405"}],"wp:attachment":[{"href":"https:\/\/energizer.com\/eu\/spain\/wp-json\/wp\/v2\/media?parent=5524"}],"wp:term":[{"taxonomy":"product_brand","embeddable":true,"href":"https:\/\/energizer.com\/eu\/spain\/wp-json\/wp\/v2\/product_brand?post=5524"},{"taxonomy":"product_cat","embeddable":true,"href":"https:\/\/energizer.com\/eu\/spain\/wp-json\/wp\/v2\/product_cat?post=5524"},{"taxonomy":"product_tag","embeddable":true,"href":"https:\/\/energizer.com\/eu\/spain\/wp-json\/wp\/v2\/product_tag?post=5524"}],"curies":[{"name":"wp","href":"https:\/\/api.w.org\/{rel}","templated":true}]}}