{"id":5528,"date":"2024-05-22T12:39:02","date_gmt":"2024-05-22T12:39:02","guid":{"rendered":"https:\/\/23b13e8ab3.nxcli.io\/spain\/?post_type=product&#038;p=5528"},"modified":"2024-12-06T12:33:19","modified_gmt":"2024-12-06T12:33:19","slug":"energizer-hard-case-pivot-light-2aa","status":"publish","type":"product","link":"https:\/\/energizer.com\/eu\/spain\/product\/energizer-hard-case-pivot-light-2aa\/","title":{"rendered":"Energizer Hard Case Pivot Light 2AA"},"content":{"rendered":"<ul>\n<li>La linterna LED Flexible Pivot Plus funciona con 2 pilas Energizer MAX AA (incluidas)<\/li>\n<li>El cabezal giratorio de 175\u00b0 ofrece hasta 300 l\u00famenes brillantes de luz uniforme con una distancia del haz de hasta 30 metros<\/li>\n<li>El cuerpo de goma duradero resiste ca\u00edda tras ca\u00edda desde una altura de hasta 7 metros de altura<\/li>\n<li>La base magn\u00e9tica y el cord\u00f3n incorporado ofrecen iluminaci\u00f3n giratoria para tareas con manos libres en cualquier \u00e1ngulo<\/li>\n<li>El bot\u00f3n extragrande y el mango ergon\u00f3mico facilitan el manejo de la l\u00e1mpara de trabajo, incluso con guantes<\/li>\n<li>Listo para cualquier clima; resistente a la intemperie seg\u00fan los est\u00e1ndares IPX4<\/li>\n<li>Dura todo el tiempo que necesites: Funciona hasta 5 horas en modo alto y hasta 30 horas en modo bajo<\/li>\n<\/ul>\n","protected":false},"excerpt":{"rendered":"<p>Por fin, una linterna de trabajo profesional que satisface sus demandas. El cabezal giratorio de esta Energizer Hard Case Professional Pivot Plus LED Torch ofrece brillo seg\u00fan demanda cuando y donde lo necesita. Su cabezal giratorio de 175\u00b0 puede dirigir hasta 300 l\u00famenes brillantes de luz n\u00edtida y uniforme, iluminando objetos a una distancia de hasta 30 metros. Use de manera manos libres con su base magn\u00e9tica y su cord\u00f3n incorporado. Dise\u00f1ada con un molde exterior de caucho resistente, esta antorcha de alta resistencia puede resistir condiciones extremas, ha sido probada para soportar ca\u00eddas desde hasta 7 metros de altura y durar en cualquier clima, cortes\u00eda de su clasificaci\u00f3n de resistencia a la intemperie IPX4.<\/p>\n","protected":false},"featured_media":0,"comment_status":"open","ping_status":"closed","template":"","meta":{"_acf_changed":false},"product_brand":[],"product_cat":[97],"product_tag":[],"class_list":{"0":"post-5528","1":"product","2":"type-product","3":"status-publish","5":"product_cat-handheld","7":"first","8":"instock","9":"shipping-taxable","10":"product-type-simple"},"acf":[],"_links":{"self":[{"href":"https:\/\/energizer.com\/eu\/spain\/wp-json\/wp\/v2\/product\/5528","targetHints":{"allow":["GET"]}}],"collection":[{"href":"https:\/\/energizer.com\/eu\/spain\/wp-json\/wp\/v2\/product"}],"about":[{"href":"https:\/\/energizer.com\/eu\/spain\/wp-json\/wp\/v2\/types\/product"}],"replies":[{"embeddable":true,"href":"https:\/\/energizer.com\/eu\/spain\/wp-json\/wp\/v2\/comments?post=5528"}],"version-history":[{"count":4,"href":"https:\/\/energizer.com\/eu\/spain\/wp-json\/wp\/v2\/product\/5528\/revisions"}],"predecessor-version":[{"id":10782,"href":"https:\/\/energizer.com\/eu\/spain\/wp-json\/wp\/v2\/product\/5528\/revisions\/10782"}],"wp:attachment":[{"href":"https:\/\/energizer.com\/eu\/spain\/wp-json\/wp\/v2\/media?parent=5528"}],"wp:term":[{"taxonomy":"product_brand","embeddable":true,"href":"https:\/\/energizer.com\/eu\/spain\/wp-json\/wp\/v2\/product_brand?post=5528"},{"taxonomy":"product_cat","embeddable":true,"href":"https:\/\/energizer.com\/eu\/spain\/wp-json\/wp\/v2\/product_cat?post=5528"},{"taxonomy":"product_tag","embeddable":true,"href":"https:\/\/energizer.com\/eu\/spain\/wp-json\/wp\/v2\/product_tag?post=5528"}],"curies":[{"name":"wp","href":"https:\/\/api.w.org\/{rel}","templated":true}]}}