{"id":5553,"date":"2024-05-22T14:13:22","date_gmt":"2024-05-22T14:13:22","guid":{"rendered":"https:\/\/23b13e8ab3.nxcli.io\/spain\/?post_type=product&#038;p=5553"},"modified":"2024-12-09T11:56:55","modified_gmt":"2024-12-09T11:56:55","slug":"energizer-pro-series-focusing-hybrid-headlamp","status":"publish","type":"product","link":"https:\/\/energizer.com\/eu\/spain\/product\/energizer-pro-series-focusing-hybrid-headlamp\/","title":{"rendered":"Energizer Pro Series Focusing Hybrid Headlamp"},"content":{"rendered":"<ul>\n<li>Linterna frontal h\u00edbrida de enfoque Energizer Pro Series con lente irrompible<\/li>\n<li>Tecnolog\u00eda LED: Esta potente linterna manos libres de 500 l\u00famenes proporciona una luz 12 veces m\u00e1s brillante que la tecnolog\u00eda LED est\u00e1ndar<\/li>\n<li>5 modos de luz: Elija un modo que se adapte a sus diferentes necesidades de iluminaci\u00f3n, eligiendo entre alto, medio, bajo, verde y verde intermitente<\/li>\n<li>Tecnolog\u00eda de enfoque digital Energizer: Le permite ensanchar o estrechar el haz de luz con solo presionar un bot\u00f3n<\/li>\n<li>Construcci\u00f3n duradera: Esta linterna manos libres es resistente al agua y cuenta con una lente a prueba de roturas y puede soportar una ca\u00edda de 2 metros<\/li>\n<li>Linterna manos libres vers\u00e1til: Esta linterna frontal impermeable, compacta y f\u00e1cil de usar cuenta con una correa ajustable para la cabeza con cabezal giratorio y un dise\u00f1o antirreflejos<\/li>\n<li>Energ\u00eda h\u00edbrida: La linterna frontal liviana y f\u00e1cil de usar tiene alimentaci\u00f3n h\u00edbrida y funciona con bater\u00edas recargables y 3 pilas AAA<\/li>\n<\/ul>\n","protected":false},"excerpt":{"rendered":"<p>Mantenga sus manos libres, ya sea en un proyecto profesional o de bricolaje, con esta linterna frontal liviana y vers\u00e1til. La antorcha frontal h\u00edbrida de enfoque Energizer Pro Series es compacta y manos libres, y presenta un CRI alto para una definici\u00f3n clara del color. Iluminar\u00e1 tu camino en cualquier actividad, ya sea que est\u00e9s trabajando en un proyecto, acampando, haciendo senderismo o saliendo a correr despu\u00e9s de que se ponga el sol. Esta potente linterna frontal de trabajo de 500 l\u00famenes tiene una correa ajustable y un cabezal giratorio antirreflejo para iluminar incluso los espacios m\u00e1s oscuros, brind\u00e1ndole abundante luz justo donde la necesita. Adem\u00e1s, cuenta con tecnolog\u00eda LED duradera y de bajo consumo, que ofrece una luz 12 veces m\u00e1s brillante que los LED est\u00e1ndar.<\/p>\n","protected":false},"featured_media":0,"comment_status":"open","ping_status":"closed","template":"","meta":{"_acf_changed":false},"product_brand":[],"product_cat":[43],"product_tag":[],"class_list":{"0":"post-5553","1":"product","2":"type-product","3":"status-publish","5":"product_cat-hands-free","7":"first","8":"instock","9":"shipping-taxable","10":"product-type-simple"},"acf":[],"_links":{"self":[{"href":"https:\/\/energizer.com\/eu\/spain\/wp-json\/wp\/v2\/product\/5553","targetHints":{"allow":["GET"]}}],"collection":[{"href":"https:\/\/energizer.com\/eu\/spain\/wp-json\/wp\/v2\/product"}],"about":[{"href":"https:\/\/energizer.com\/eu\/spain\/wp-json\/wp\/v2\/types\/product"}],"replies":[{"embeddable":true,"href":"https:\/\/energizer.com\/eu\/spain\/wp-json\/wp\/v2\/comments?post=5553"}],"version-history":[{"count":8,"href":"https:\/\/energizer.com\/eu\/spain\/wp-json\/wp\/v2\/product\/5553\/revisions"}],"predecessor-version":[{"id":10855,"href":"https:\/\/energizer.com\/eu\/spain\/wp-json\/wp\/v2\/product\/5553\/revisions\/10855"}],"wp:attachment":[{"href":"https:\/\/energizer.com\/eu\/spain\/wp-json\/wp\/v2\/media?parent=5553"}],"wp:term":[{"taxonomy":"product_brand","embeddable":true,"href":"https:\/\/energizer.com\/eu\/spain\/wp-json\/wp\/v2\/product_brand?post=5553"},{"taxonomy":"product_cat","embeddable":true,"href":"https:\/\/energizer.com\/eu\/spain\/wp-json\/wp\/v2\/product_cat?post=5553"},{"taxonomy":"product_tag","embeddable":true,"href":"https:\/\/energizer.com\/eu\/spain\/wp-json\/wp\/v2\/product_tag?post=5553"}],"curies":[{"name":"wp","href":"https:\/\/api.w.org\/{rel}","templated":true}]}}