{"id":5556,"date":"2024-05-22T14:15:39","date_gmt":"2024-05-22T14:15:39","guid":{"rendered":"https:\/\/23b13e8ab3.nxcli.io\/spain\/?post_type=product&#038;p=5556"},"modified":"2024-08-23T09:20:18","modified_gmt":"2024-08-23T09:20:18","slug":"energizer-auto-tri-colour-headlamp","status":"publish","type":"product","link":"https:\/\/energizer.com\/eu\/spain\/product\/energizer-auto-tri-colour-headlamp\/","title":{"rendered":"Energizer Auto Tri Colour Headlamp"},"content":{"rendered":"<ul>\n<li>Faros Energizer Auto Tri Color con lente irrompible<\/li>\n<li>Tecnolog\u00eda LED: Esta potente linterna manos libres de 400 l\u00famenes proporciona una luz 12 veces m\u00e1s brillante que la tecnolog\u00eda LED est\u00e1ndar y una distancia de haz de 80 metros<\/li>\n<li>Modo nocturno: Los modos de luz roja y verde preservan su visi\u00f3n nocturna para reparaciones de autom\u00f3viles despu\u00e9s del anochecer, as\u00ed como para acampar, pescar y hacer caminatas nocturnas<\/li>\n<li>Tecnolog\u00eda de atenuaci\u00f3n avanzada: Controla la intensidad de la luz con esta caracter\u00edstica innovadora<\/li>\n<li>Construcci\u00f3n duradera: Esta linterna de manos libres es resistente al agua IPX4 y cuenta con una lente irrompible<\/li>\n<li>Luz manos libres vers\u00e1til: La linterna compacta para autom\u00f3vil o para senderismo con cabezal pivotante le cubre ya sea que est\u00e9 trabajando debajo del cap\u00f3 o arreglando un neum\u00e1tico al costado de la carretera<\/li>\n<li>Horas de duraci\u00f3n:\u202f\u202fEsta linterna frontal duradera y efectiva para auto o para correr puede brillar hasta 40 horas en modo bajo<\/li>\n<\/ul>\n","protected":false},"excerpt":{"rendered":"<p>Mantenga sus manos libres sin importar el trabajo de reparaci\u00f3n del autom\u00f3vil con esta linterna frontal liviana y vers\u00e1til. La linterna frontal Energizer Auto Tri Color es compacta y manos libres, ideal para reparaciones en el garaje o en la carretera, proyectos de bricolaje que requieren las dos manos y otras aventuras nocturnas. Iluminar\u00e1 su camino en cualquier actividad, ya sea que est\u00e9 trabajando en su autom\u00f3vil, acampando, caminando o saliendo a correr despu\u00e9s de que se ponga el sol. Esta potente linterna frontal de trabajo o de carrera de 400 l\u00famenes tiene una correa ajustable y un cabezal pivotante antirreflejo para iluminar una distancia de hasta 80 metros, brind\u00e1ndole abundante luz justo donde la necesita. Adem\u00e1s, ofrece una luz 12 veces m\u00e1s brillante que los LED est\u00e1ndar.<\/p>\n","protected":false},"featured_media":0,"comment_status":"open","ping_status":"closed","template":"","meta":{"_acf_changed":false},"product_brand":[],"product_cat":[43],"product_tag":[],"class_list":{"0":"post-5556","1":"product","2":"type-product","3":"status-publish","5":"product_cat-hands-free","7":"first","8":"instock","9":"shipping-taxable","10":"product-type-simple"},"acf":[],"_links":{"self":[{"href":"https:\/\/energizer.com\/eu\/spain\/wp-json\/wp\/v2\/product\/5556","targetHints":{"allow":["GET"]}}],"collection":[{"href":"https:\/\/energizer.com\/eu\/spain\/wp-json\/wp\/v2\/product"}],"about":[{"href":"https:\/\/energizer.com\/eu\/spain\/wp-json\/wp\/v2\/types\/product"}],"replies":[{"embeddable":true,"href":"https:\/\/energizer.com\/eu\/spain\/wp-json\/wp\/v2\/comments?post=5556"}],"version-history":[{"count":5,"href":"https:\/\/energizer.com\/eu\/spain\/wp-json\/wp\/v2\/product\/5556\/revisions"}],"predecessor-version":[{"id":9419,"href":"https:\/\/energizer.com\/eu\/spain\/wp-json\/wp\/v2\/product\/5556\/revisions\/9419"}],"wp:attachment":[{"href":"https:\/\/energizer.com\/eu\/spain\/wp-json\/wp\/v2\/media?parent=5556"}],"wp:term":[{"taxonomy":"product_brand","embeddable":true,"href":"https:\/\/energizer.com\/eu\/spain\/wp-json\/wp\/v2\/product_brand?post=5556"},{"taxonomy":"product_cat","embeddable":true,"href":"https:\/\/energizer.com\/eu\/spain\/wp-json\/wp\/v2\/product_cat?post=5556"},{"taxonomy":"product_tag","embeddable":true,"href":"https:\/\/energizer.com\/eu\/spain\/wp-json\/wp\/v2\/product_tag?post=5556"}],"curies":[{"name":"wp","href":"https:\/\/api.w.org\/{rel}","templated":true}]}}