{"id":5566,"date":"2024-05-22T14:30:00","date_gmt":"2024-05-22T14:30:00","guid":{"rendered":"https:\/\/23b13e8ab3.nxcli.io\/spain\/?post_type=product&#038;p=5566"},"modified":"2024-12-09T13:15:33","modified_gmt":"2024-12-09T13:15:33","slug":"energizer-led-work-light","status":"publish","type":"product","link":"https:\/\/energizer.com\/eu\/spain\/product\/energizer-led-work-light\/","title":{"rendered":"Energizer LED Work Light"},"content":{"rendered":"<ul>\n<li>Panel de trabajo LED Energizer con mango ajustable y 4 pilas alcalinas AA incluidas<\/li>\n<li>Luz potente: Este potente panel LED de 250 l\u00famenes ofrece un brillo excepcional y un alto rendimiento<\/li>\n<li>2 modos de luz: Elija el modo alto para obtener el m\u00e1ximo brillo o el modo de ahorro de energ\u00eda para optimizar la duraci\u00f3n<\/li>\n<li>Construcci\u00f3n duradera: Ideal para un uso prolongado, esta confiable luz de ambiente Energizer es resistente al agua IPX4 y a impactos de hasta 1 metro<\/li>\n<li>Horas de duraci\u00f3n: Esta luz de trabajo colgante tiene una duraci\u00f3n de la bater\u00eda duradera y brilla hasta 8 horas<\/li>\n<li>Uso vers\u00e1til: Luz directa donde la necesites, utilizando el mango ajustable y m\u00f3vil para completar cualquier proyecto profesional o de hazlo t\u00fa mismo con facilidad<\/li>\n<li>Energ\u00eda confiable: Conf\u00eda en Energizer para ofrecer el potente rendimiento que prometemos<\/li>\n<\/ul>\n","protected":false},"excerpt":{"rendered":"<p>Ilumine su entorno sin esfuerzo con este panel de trabajo de alto rendimiento. El panel de trabajo LED Energizer proporciona un brillo excepcional durante hasta 8 horas, ideal si realiza trabajos prolongados en espacios reducidos, s\u00f3tanos u otras \u00e1reas oscuras. Ya sea que est\u00e9 acampando, prepar\u00e1ndose para emergencias en el hogar o si hay un corte de energ\u00eda, tenga a mano su linterna Energizer para encontrar su camino en la oscuridad. Este panel de luz LED de 250 l\u00famenes puede iluminar los espacios m\u00e1s oscuros. Es ideal para proyectos de bricolaje o de trabajo, gracias a su gran interruptor de pulsador, que facilita su uso, incluso con guantes.<\/p>\n","protected":false},"featured_media":0,"comment_status":"open","ping_status":"closed","template":"","meta":{"_acf_changed":false},"product_brand":[],"product_cat":[44],"product_tag":[],"class_list":{"0":"post-5566","1":"product","2":"type-product","3":"status-publish","5":"product_cat-area","7":"first","8":"instock","9":"shipping-taxable","10":"product-type-simple"},"acf":[],"_links":{"self":[{"href":"https:\/\/energizer.com\/eu\/spain\/wp-json\/wp\/v2\/product\/5566","targetHints":{"allow":["GET"]}}],"collection":[{"href":"https:\/\/energizer.com\/eu\/spain\/wp-json\/wp\/v2\/product"}],"about":[{"href":"https:\/\/energizer.com\/eu\/spain\/wp-json\/wp\/v2\/types\/product"}],"replies":[{"embeddable":true,"href":"https:\/\/energizer.com\/eu\/spain\/wp-json\/wp\/v2\/comments?post=5566"}],"version-history":[{"count":6,"href":"https:\/\/energizer.com\/eu\/spain\/wp-json\/wp\/v2\/product\/5566\/revisions"}],"predecessor-version":[{"id":10899,"href":"https:\/\/energizer.com\/eu\/spain\/wp-json\/wp\/v2\/product\/5566\/revisions\/10899"}],"wp:attachment":[{"href":"https:\/\/energizer.com\/eu\/spain\/wp-json\/wp\/v2\/media?parent=5566"}],"wp:term":[{"taxonomy":"product_brand","embeddable":true,"href":"https:\/\/energizer.com\/eu\/spain\/wp-json\/wp\/v2\/product_brand?post=5566"},{"taxonomy":"product_cat","embeddable":true,"href":"https:\/\/energizer.com\/eu\/spain\/wp-json\/wp\/v2\/product_cat?post=5566"},{"taxonomy":"product_tag","embeddable":true,"href":"https:\/\/energizer.com\/eu\/spain\/wp-json\/wp\/v2\/product_tag?post=5566"}],"curies":[{"name":"wp","href":"https:\/\/api.w.org\/{rel}","templated":true}]}}