{"id":5572,"date":"2024-05-22T14:36:41","date_gmt":"2024-05-22T14:36:41","guid":{"rendered":"https:\/\/23b13e8ab3.nxcli.io\/spain\/?post_type=product&#038;p=5572"},"modified":"2024-12-10T07:22:39","modified_gmt":"2024-12-10T07:22:39","slug":"energizer-hard-case-professional-rechargeable-spotlight","status":"publish","type":"product","link":"https:\/\/energizer.com\/eu\/spain\/product\/energizer-hard-case-professional-rechargeable-spotlight\/","title":{"rendered":"Energizer Hard Case Professional Rechargeable Spotlight"},"content":{"rendered":"<ul>\n<li>Foco recargable profesional con estuche r\u00edgido Energizer<\/li>\n<li>El foco LED construido con materiales robustos de acero y caucho est\u00e1 dise\u00f1ado para cumplir con los trabajos m\u00e1s exigentes y resistir ca\u00edda tras ca\u00edda durante el uso<\/li>\n<li>Utilice esta linterna recargable USB como luz de trabajo LED, luz de emergencia y foco exterior<\/li>\n<li>Linterna recargable LED brillante y potente de 1000 l\u00famenes que puede abarcar la distancia de cuatro estadios<\/li>\n<li>Ofrece hasta 6 horas de funcionamiento en modo bajo con dos modos disponibles: alto y bajo<\/li>\n<li>La linterna negra resistente al agua IPX4 tiene una lente a prueba de roturas y es resistente a impactos de hasta 7 metros<\/li>\n<\/ul>\n","protected":false},"excerpt":{"rendered":"<p>El Foco recargable profesional Energizer Hard Case proporciona una iluminaci\u00f3n potente para proyectos serios. Construido con materiales resistentes de acero y caucho, este foco LED est\u00e1 dise\u00f1ado para cumplir con los trabajos m\u00e1s exigentes y resistir ca\u00edda tras ca\u00edda durante el uso. Esta linterna recargable duradera es una luz de trabajo LED ideal, una luz de emergencia y un foco para exteriores. Con 1000 l\u00famenes, este potente foco port\u00e1til puede abarcar la distancia de cuatro estadios. Los modos alto y bajo le permiten optimizar el brillo y el control de la duraci\u00f3n de la bater\u00eda. Agarre el mango para dirigir esta linterna exactamente hacia donde la desee o enganche un cord\u00f3n a la ranura para cord\u00f3n incorporada para colgar el foco en un lugar conveniente.<\/p>\n","protected":false},"featured_media":0,"comment_status":"open","ping_status":"closed","template":"","meta":{"_acf_changed":false},"product_brand":[],"product_cat":[97],"product_tag":[],"class_list":{"0":"post-5572","1":"product","2":"type-product","3":"status-publish","5":"product_cat-handheld","7":"first","8":"instock","9":"shipping-taxable","10":"product-type-simple"},"acf":[],"_links":{"self":[{"href":"https:\/\/energizer.com\/eu\/spain\/wp-json\/wp\/v2\/product\/5572","targetHints":{"allow":["GET"]}}],"collection":[{"href":"https:\/\/energizer.com\/eu\/spain\/wp-json\/wp\/v2\/product"}],"about":[{"href":"https:\/\/energizer.com\/eu\/spain\/wp-json\/wp\/v2\/types\/product"}],"replies":[{"embeddable":true,"href":"https:\/\/energizer.com\/eu\/spain\/wp-json\/wp\/v2\/comments?post=5572"}],"version-history":[{"count":9,"href":"https:\/\/energizer.com\/eu\/spain\/wp-json\/wp\/v2\/product\/5572\/revisions"}],"predecessor-version":[{"id":10919,"href":"https:\/\/energizer.com\/eu\/spain\/wp-json\/wp\/v2\/product\/5572\/revisions\/10919"}],"wp:attachment":[{"href":"https:\/\/energizer.com\/eu\/spain\/wp-json\/wp\/v2\/media?parent=5572"}],"wp:term":[{"taxonomy":"product_brand","embeddable":true,"href":"https:\/\/energizer.com\/eu\/spain\/wp-json\/wp\/v2\/product_brand?post=5572"},{"taxonomy":"product_cat","embeddable":true,"href":"https:\/\/energizer.com\/eu\/spain\/wp-json\/wp\/v2\/product_cat?post=5572"},{"taxonomy":"product_tag","embeddable":true,"href":"https:\/\/energizer.com\/eu\/spain\/wp-json\/wp\/v2\/product_tag?post=5572"}],"curies":[{"name":"wp","href":"https:\/\/api.w.org\/{rel}","templated":true}]}}