{"id":2882,"date":"2024-05-10T10:46:06","date_gmt":"2024-05-10T10:46:06","guid":{"rendered":"http:\/\/64.91.246.76\/~energizer\/?page_id=2882"},"modified":"2024-06-13T07:42:38","modified_gmt":"2024-06-13T07:42:38","slug":"mr-energizer","status":"publish","type":"page","link":"https:\/\/energizer.com\/eu\/sweden\/mr-energizer\/","title":{"rendered":"Mr. Energizer"},"content":{"rendered":"\t\t<div data-elementor-type=\"wp-page\" data-elementor-id=\"2882\" class=\"elementor elementor-2882\" data-elementor-post-type=\"page\">\n\t\t\t\t<div class=\"elementor-element elementor-element-93fec57 e-flex e-con-boxed e-con e-parent\" data-id=\"93fec57\" data-element_type=\"container\" data-e-type=\"container\">\n\t\t\t\t\t<div class=\"e-con-inner\">\n\t\t\t\t<div class=\"elementor-element elementor-element-3a1dade elementor-widget elementor-widget-heading\" data-id=\"3a1dade\" data-element_type=\"widget\" data-e-type=\"widget\" data-widget_type=\"heading.default\">\n\t\t\t\t<div class=\"elementor-widget-container\">\n\t\t\t\t\t<h1 class=\"elementor-heading-title elementor-size-default\">OM ENERGIZER\u00ae<\/h1>\t\t\t\t<\/div>\n\t\t\t\t<\/div>\n\t\t\t\t<div class=\"elementor-element elementor-element-cef4e5d elementor-widget elementor-widget-heading\" data-id=\"cef4e5d\" data-element_type=\"widget\" data-e-type=\"widget\" data-widget_type=\"heading.default\">\n\t\t\t\t<div class=\"elementor-widget-container\">\n\t\t\t\t\t<h2 class=\"elementor-heading-title elementor-size-default\">L\u00c4S MER OM VILKA VI \u00c4R, V\u00c5R NYSKAPANDE BAKGRUND OCH V\u00c5R ENERGIFYLLDA MASKOT MR ENERGIZER\u00ae<\/h2>\t\t\t\t<\/div>\n\t\t\t\t<\/div>\n\t\t\t\t<div class=\"elementor-element elementor-element-18dde81 elementor-widget-divider--view-line elementor-widget elementor-widget-divider\" data-id=\"18dde81\" data-element_type=\"widget\" data-e-type=\"widget\" data-widget_type=\"divider.default\">\n\t\t\t\t<div class=\"elementor-widget-container\">\n\t\t\t\t\t\t\t<div class=\"elementor-divider\">\n\t\t\t<span class=\"elementor-divider-separator\">\n\t\t\t\t\t\t<\/span>\n\t\t<\/div>\n\t\t\t\t\t\t<\/div>\n\t\t\t\t<\/div>\n\t\t\t\t\t<\/div>\n\t\t\t\t<\/div>\n\t\t<div class=\"elementor-element elementor-element-4ca6879 e-flex e-con-boxed e-con e-parent\" data-id=\"4ca6879\" data-element_type=\"container\" data-e-type=\"container\">\n\t\t\t\t\t<div class=\"e-con-inner\">\n\t\t<div class=\"elementor-element elementor-element-a8b1ee9 e-flex e-con-boxed e-con e-child\" data-id=\"a8b1ee9\" data-element_type=\"container\" data-e-type=\"container\">\n\t\t\t\t\t<div class=\"e-con-inner\">\n\t\t\t\t<div class=\"elementor-element elementor-element-10dd3c8 elementor-widget elementor-widget-text-editor\" data-id=\"10dd3c8\" data-element_type=\"widget\" data-e-type=\"widget\" data-widget_type=\"text-editor.default\">\n\t\t\t\t<div class=\"elementor-widget-container\">\n\t\t\t\t\t\t\t\t\t<p><strong>Mr Energizer\u00ae<\/strong> \u00e4r mer \u00e4n bara ett batteri och st\u00e5r f\u00f6r v\u00e5r anda av h\u00f6g prestanda och l\u00e5ng livstid. Han utmanar st\u00e4ndigt omv\u00e4rlden med samma outtr\u00f6ttliga energi och prestanda som v\u00e5ra produkter levererar \u2013 g\u00e5ng p\u00e5 g\u00e5ng.<\/p>\t\t\t\t\t\t\t\t<\/div>\n\t\t\t\t<\/div>\n\t\t\t\t\t<\/div>\n\t\t\t\t<\/div>\n\t\t\t\t\t<\/div>\n\t\t\t\t<\/div>\n\t\t<div class=\"elementor-element elementor-element-5aea915 e-flex e-con-boxed e-con e-parent\" data-id=\"5aea915\" data-element_type=\"container\" data-e-type=\"container\">\n\t\t\t\t\t<div class=\"e-con-inner\">\n\t\t\t\t<div class=\"elementor-element elementor-element-06ccef8 elementor-widget elementor-widget-image\" data-id=\"06ccef8\" data-element_type=\"widget\" data-e-type=\"widget\" data-widget_type=\"image.default\">\n\t\t\t\t<div class=\"elementor-widget-container\">\n\t\t\t\t\t\t\t\t\t\t\t\t\t\t\t<img fetchpriority=\"high\" decoding=\"async\" width=\"1200\" height=\"500\" src=\"https:\/\/energizer.com\/eu\/sweden\/wp-content\/uploads\/sites\/11\/2024\/05\/Mr_energizer.png\" class=\"attachment-full size-full wp-image-2894\" alt=\"Mr_energizer\" srcset=\"https:\/\/energizer.com\/eu\/sweden\/wp-content\/uploads\/sites\/11\/2024\/05\/Mr_energizer.png 1200w, https:\/\/energizer.com\/eu\/sweden\/wp-content\/uploads\/sites\/11\/2024\/05\/Mr_energizer-300x125.png 300w, https:\/\/energizer.com\/eu\/sweden\/wp-content\/uploads\/sites\/11\/2024\/05\/Mr_energizer-1024x427.png 1024w, https:\/\/energizer.com\/eu\/sweden\/wp-content\/uploads\/sites\/11\/2024\/05\/Mr_energizer-768x320.png 768w, https:\/\/energizer.com\/eu\/sweden\/wp-content\/uploads\/sites\/11\/2024\/05\/Mr_energizer-600x250.png 600w\" sizes=\"(max-width: 1200px) 100vw, 1200px\" \/>\t\t\t\t\t\t\t\t\t\t\t\t\t\t\t<\/div>\n\t\t\t\t<\/div>\n\t\t\t\t\t<\/div>\n\t\t\t\t<\/div>\n\t\t\t\t<\/div>\n\t\t","protected":false},"excerpt":{"rendered":"<p>OM ENERGIZER\u00ae L\u00c4S MER OM VILKA VI \u00c4R, V\u00c5R NYSKAPANDE BAKGRUND OCH V\u00c5R ENERGIFYLLDA MASKOT MR ENERGIZER\u00ae Mr Energizer\u00ae \u00e4r mer \u00e4n bara ett batteri och st\u00e5r f\u00f6r v\u00e5r anda av h\u00f6g prestanda och l\u00e5ng livstid. Han utmanar st\u00e4ndigt omv\u00e4rlden med samma outtr\u00f6ttliga energi och prestanda som v\u00e5ra produkter levererar \u2013 g\u00e5ng p\u00e5 g\u00e5ng.<\/p>\n","protected":false},"author":1,"featured_media":0,"parent":0,"menu_order":0,"comment_status":"closed","ping_status":"closed","template":"elementor_header_footer","meta":{"_acf_changed":false,"footnotes":""},"class_list":["post-2882","page","type-page","status-publish","hentry"],"acf":[],"_links":{"self":[{"href":"https:\/\/energizer.com\/eu\/sweden\/wp-json\/wp\/v2\/pages\/2882","targetHints":{"allow":["GET"]}}],"collection":[{"href":"https:\/\/energizer.com\/eu\/sweden\/wp-json\/wp\/v2\/pages"}],"about":[{"href":"https:\/\/energizer.com\/eu\/sweden\/wp-json\/wp\/v2\/types\/page"}],"author":[{"embeddable":true,"href":"https:\/\/energizer.com\/eu\/sweden\/wp-json\/wp\/v2\/users\/1"}],"replies":[{"embeddable":true,"href":"https:\/\/energizer.com\/eu\/sweden\/wp-json\/wp\/v2\/comments?post=2882"}],"version-history":[{"count":28,"href":"https:\/\/energizer.com\/eu\/sweden\/wp-json\/wp\/v2\/pages\/2882\/revisions"}],"predecessor-version":[{"id":8506,"href":"https:\/\/energizer.com\/eu\/sweden\/wp-json\/wp\/v2\/pages\/2882\/revisions\/8506"}],"wp:attachment":[{"href":"https:\/\/energizer.com\/eu\/sweden\/wp-json\/wp\/v2\/media?parent=2882"}],"curies":[{"name":"wp","href":"https:\/\/api.w.org\/{rel}","templated":true}]}}