{"id":3620,"date":"2024-05-14T07:28:32","date_gmt":"2024-05-14T07:28:32","guid":{"rendered":"https:\/\/23b13e8ab3.nxcli.io\/sweden\/?page_id=3620"},"modified":"2024-08-14T06:46:52","modified_gmt":"2024-08-14T06:46:52","slug":"battery-works","status":"publish","type":"page","link":"https:\/\/energizer.com\/eu\/sweden\/battery-works\/","title":{"rendered":"How Batteries Work"},"content":{"rendered":"\t\t<div data-elementor-type=\"wp-page\" data-elementor-id=\"3620\" class=\"elementor elementor-3620\" data-elementor-post-type=\"page\">\n\t\t\t\t<div class=\"elementor-element elementor-element-9989b60 mainBanner e-flex e-con-boxed e-con e-parent\" data-id=\"9989b60\" data-element_type=\"container\" data-e-type=\"container\">\n\t\t\t\t\t<div class=\"e-con-inner\">\n\t\t<div class=\"elementor-element elementor-element-6acc1c4 e-con-full e-flex e-con e-child\" data-id=\"6acc1c4\" data-element_type=\"container\" data-e-type=\"container\">\n\t\t\t\t<div class=\"elementor-element elementor-element-afedecb elementor-widget elementor-widget-image\" data-id=\"afedecb\" data-element_type=\"widget\" data-e-type=\"widget\" data-widget_type=\"image.default\">\n\t\t\t\t<div class=\"elementor-widget-container\">\n\t\t\t\t\t\t\t\t\t\t\t\t\t\t\t<img fetchpriority=\"high\" decoding=\"async\" width=\"1500\" height=\"650\" src=\"https:\/\/energizer.com\/eu\/sweden\/wp-content\/uploads\/sites\/11\/2024\/06\/Lighting-Search.png\" class=\"attachment-full size-full wp-image-8433\" alt=\"Lighting Search\" srcset=\"https:\/\/energizer.com\/eu\/sweden\/wp-content\/uploads\/sites\/11\/2024\/06\/Lighting-Search.png 1500w, https:\/\/energizer.com\/eu\/sweden\/wp-content\/uploads\/sites\/11\/2024\/06\/Lighting-Search-300x130.png 300w, https:\/\/energizer.com\/eu\/sweden\/wp-content\/uploads\/sites\/11\/2024\/06\/Lighting-Search-1024x444.png 1024w, https:\/\/energizer.com\/eu\/sweden\/wp-content\/uploads\/sites\/11\/2024\/06\/Lighting-Search-768x333.png 768w, https:\/\/energizer.com\/eu\/sweden\/wp-content\/uploads\/sites\/11\/2024\/06\/Lighting-Search-600x260.png 600w\" sizes=\"(max-width: 1500px) 100vw, 1500px\" \/>\t\t\t\t\t\t\t\t\t\t\t\t\t\t\t<\/div>\n\t\t\t\t<\/div>\n\t\t<div class=\"elementor-element elementor-element-cb50041 e-con-full e-flex e-con e-child\" data-id=\"cb50041\" data-element_type=\"container\" data-e-type=\"container\" data-settings=\"{&quot;position&quot;:&quot;absolute&quot;}\">\n\t\t\t\t<div class=\"elementor-element elementor-element-fab3013 elementor-widget elementor-widget-text-editor\" data-id=\"fab3013\" data-element_type=\"widget\" data-e-type=\"widget\" data-widget_type=\"text-editor.default\">\n\t\t\t\t<div class=\"elementor-widget-container\">\n\t\t\t\t\t\t\t\t\tHur fungerar batterier\t\t\t\t\t\t\t\t<\/div>\n\t\t\t\t<\/div>\n\t\t\t\t<\/div>\n\t\t\t\t<\/div>\n\t\t\t\t\t<\/div>\n\t\t\t\t<\/div>\n\t\t<div class=\"elementor-element elementor-element-14302b9 e-flex e-con-boxed e-con e-parent\" data-id=\"14302b9\" data-element_type=\"container\" data-e-type=\"container\">\n\t\t\t\t\t<div class=\"e-con-inner\">\n\t\t<div class=\"elementor-element elementor-element-b1d49c2 e-con-full e-flex e-con e-child\" data-id=\"b1d49c2\" data-element_type=\"container\" data-e-type=\"container\">\n\t\t\t\t<div class=\"elementor-element elementor-element-09e54b3 elementor-widget elementor-widget-heading\" data-id=\"09e54b3\" data-element_type=\"widget\" data-e-type=\"widget\" data-widget_type=\"heading.default\">\n\t\t\t\t<div class=\"elementor-widget-container\">\n\t\t\t\t\t<h2 class=\"elementor-heading-title elementor-size-default\">BATTERI<\/h2>\t\t\t\t<\/div>\n\t\t\t\t<\/div>\n\t\t\t\t<div class=\"elementor-element elementor-element-c830454 elementor-widget elementor-widget-heading\" data-id=\"c830454\" data-element_type=\"widget\" data-e-type=\"widget\" data-widget_type=\"heading.default\">\n\t\t\t\t<div class=\"elementor-widget-container\">\n\t\t\t\t\t<h2 class=\"elementor-heading-title elementor-size-default\">DELAR<\/h2>\t\t\t\t<\/div>\n\t\t\t\t<\/div>\n\t\t\t\t<\/div>\n\t\t<div class=\"elementor-element elementor-element-17ebd43 e-flex e-con-boxed e-con e-child\" data-id=\"17ebd43\" data-element_type=\"container\" data-e-type=\"container\">\n\t\t\t\t\t<div class=\"e-con-inner\">\n\t\t<div class=\"elementor-element elementor-element-a58c46e e-con-full e-flex e-con e-child\" data-id=\"a58c46e\" data-element_type=\"container\" data-e-type=\"container\">\n\t\t\t\t<div class=\"elementor-element elementor-element-e36e645 elementor-widget elementor-widget-image\" data-id=\"e36e645\" data-element_type=\"widget\" data-e-type=\"widget\" data-widget_type=\"image.default\">\n\t\t\t\t<div class=\"elementor-widget-container\">\n\t\t\t\t\t\t\t\t\t\t\t\t\t\t\t<img decoding=\"async\" width=\"545\" height=\"300\" src=\"https:\/\/energizer.com\/eu\/sweden\/wp-content\/uploads\/sites\/11\/2024\/05\/battery.webp\" class=\"attachment-full size-full wp-image-3634\" alt=\"ENR battery\" srcset=\"https:\/\/energizer.com\/eu\/sweden\/wp-content\/uploads\/sites\/11\/2024\/05\/battery.webp 545w, https:\/\/energizer.com\/eu\/sweden\/wp-content\/uploads\/sites\/11\/2024\/05\/battery-300x165.webp 300w\" sizes=\"(max-width: 545px) 100vw, 545px\" \/>\t\t\t\t\t\t\t\t\t\t\t\t\t\t\t<\/div>\n\t\t\t\t<\/div>\n\t\t\t\t<\/div>\n\t\t<div class=\"elementor-element elementor-element-0d08ebc e-con-full e-flex e-con e-child\" data-id=\"0d08ebc\" data-element_type=\"container\" data-e-type=\"container\">\n\t\t\t\t<div class=\"elementor-element elementor-element-c124fad elementor-widget elementor-widget-text-editor\" data-id=\"c124fad\" data-element_type=\"widget\" data-e-type=\"widget\" data-widget_type=\"text-editor.default\">\n\t\t\t\t<div class=\"elementor-widget-container\">\n\t\t\t\t\t\t\t\t\tEtt batteri \u00e4r i princip ett minikraftverk som omvandlar en kemisk reaktion till elektrisk energi.\t\t\t\t\t\t\t\t<\/div>\n\t\t\t\t<\/div>\n\t\t\t\t<div class=\"elementor-element elementor-element-4b4ac03 elementor-widget elementor-widget-text-editor\" data-id=\"4b4ac03\" data-element_type=\"widget\" data-e-type=\"widget\" data-widget_type=\"text-editor.default\">\n\t\t\t\t<div class=\"elementor-widget-container\">\n\t\t\t\t\t\t\t\t\tTorrcellsbatterier (alkaliska) kan skilja sig \u00e5t p\u00e5 flera s\u00e4tt, men de har alla samma grundkomponenter.\t\t\t\t\t\t\t\t<\/div>\n\t\t\t\t<\/div>\n\t\t\t\t<\/div>\n\t\t\t\t\t<\/div>\n\t\t\t\t<\/div>\n\t\t<div class=\"elementor-element elementor-element-9912cdb e-flex e-con-boxed e-con e-child\" data-id=\"9912cdb\" data-element_type=\"container\" data-e-type=\"container\">\n\t\t\t\t\t<div class=\"e-con-inner\">\n\t\t<div class=\"elementor-element elementor-element-217dfea e-con-full partsDots toppart e-flex e-con e-child\" data-id=\"217dfea\" data-element_type=\"container\" data-e-type=\"container\">\n\t\t\t\t<div class=\"elementor-element elementor-element-a6631c3 elementor-widget elementor-widget-image\" data-id=\"a6631c3\" data-element_type=\"widget\" data-e-type=\"widget\" data-widget_type=\"image.default\">\n\t\t\t\t<div class=\"elementor-widget-container\">\n\t\t\t\t\t\t\t\t\t\t\t\t\t\t\t<img decoding=\"async\" width=\"221\" height=\"116\" src=\"https:\/\/energizer.com\/eu\/sweden\/wp-content\/uploads\/sites\/11\/2024\/05\/container.png\" class=\"attachment-full size-full wp-image-3637\" alt=\"battery container\" \/>\t\t\t\t\t\t\t\t\t\t\t\t\t\t\t<\/div>\n\t\t\t\t<\/div>\n\t\t\t\t<\/div>\n\t\t<div class=\"elementor-element elementor-element-a8ae865 e-con-full e-flex e-con e-child\" data-id=\"a8ae865\" data-element_type=\"container\" data-e-type=\"container\">\n\t\t\t\t<div class=\"elementor-element elementor-element-f7f91e2 elementor-widget elementor-widget-heading\" data-id=\"f7f91e2\" data-element_type=\"widget\" data-e-type=\"widget\" data-widget_type=\"heading.default\">\n\t\t\t\t<div class=\"elementor-widget-container\">\n\t\t\t\t\t<h2 class=\"elementor-heading-title elementor-size-default\">Beh\u00e5llare<\/h2>\t\t\t\t<\/div>\n\t\t\t\t<\/div>\n\t\t\t\t<div class=\"elementor-element elementor-element-eb8b892 elementor-widget elementor-widget-text-editor\" data-id=\"eb8b892\" data-element_type=\"widget\" data-e-type=\"widget\" data-widget_type=\"text-editor.default\">\n\t\t\t\t<div class=\"elementor-widget-container\">\n\t\t\t\t\t\t\t\t\tEtt st\u00e5lh\u00f6lje som inrymmer\nkatodkomponenterna\t\t\t\t\t\t\t\t<\/div>\n\t\t\t\t<\/div>\n\t\t\t\t<\/div>\n\t\t\t\t\t<\/div>\n\t\t\t\t<\/div>\n\t\t<div class=\"elementor-element elementor-element-5ece8dd e-flex e-con-boxed e-con e-child\" data-id=\"5ece8dd\" data-element_type=\"container\" data-e-type=\"container\">\n\t\t\t\t\t<div class=\"e-con-inner\">\n\t\t<div class=\"elementor-element elementor-element-78af8f4 e-con-full partsDots e-flex e-con e-child\" data-id=\"78af8f4\" data-element_type=\"container\" data-e-type=\"container\">\n\t\t\t\t<div class=\"elementor-element elementor-element-2dbad61 elementor-widget elementor-widget-image\" data-id=\"2dbad61\" data-element_type=\"widget\" data-e-type=\"widget\" data-widget_type=\"image.default\">\n\t\t\t\t<div class=\"elementor-widget-container\">\n\t\t\t\t\t\t\t\t\t\t\t\t\t\t\t<img loading=\"lazy\" decoding=\"async\" width=\"221\" height=\"116\" src=\"https:\/\/energizer.com\/eu\/sweden\/wp-content\/uploads\/sites\/11\/2024\/05\/cathode.png\" class=\"attachment-full size-full wp-image-3636\" alt=\"battery cathode\" \/>\t\t\t\t\t\t\t\t\t\t\t\t\t\t\t<\/div>\n\t\t\t\t<\/div>\n\t\t\t\t<\/div>\n\t\t<div class=\"elementor-element elementor-element-1befa29 e-con-full e-flex e-con e-child\" data-id=\"1befa29\" data-element_type=\"container\" data-e-type=\"container\">\n\t\t\t\t<div class=\"elementor-element elementor-element-7f8be49 elementor-widget elementor-widget-heading\" data-id=\"7f8be49\" data-element_type=\"widget\" data-e-type=\"widget\" data-widget_type=\"heading.default\">\n\t\t\t\t<div class=\"elementor-widget-container\">\n\t\t\t\t\t<h2 class=\"elementor-heading-title elementor-size-default\">Katod<\/h2>\t\t\t\t<\/div>\n\t\t\t\t<\/div>\n\t\t\t\t<div class=\"elementor-element elementor-element-70735a2 elementor-widget elementor-widget-text-editor\" data-id=\"70735a2\" data-element_type=\"widget\" data-e-type=\"widget\" data-widget_type=\"text-editor.default\">\n\t\t\t\t<div class=\"elementor-widget-container\">\n\t\t\t\t\t\t\t\t\tDetta \u00e4r en blandning av mangandioxid och kol. Katoden \u00e4r den elektrod som reduceras genom den elektrokemiska reaktionen.\t\t\t\t\t\t\t\t<\/div>\n\t\t\t\t<\/div>\n\t\t\t\t<\/div>\n\t\t\t\t\t<\/div>\n\t\t\t\t<\/div>\n\t\t<div class=\"elementor-element elementor-element-0e06135 e-flex e-con-boxed e-con e-child\" data-id=\"0e06135\" data-element_type=\"container\" data-e-type=\"container\">\n\t\t\t\t\t<div class=\"e-con-inner\">\n\t\t<div class=\"elementor-element elementor-element-55d1429 e-con-full partsDots e-flex e-con e-child\" data-id=\"55d1429\" data-element_type=\"container\" data-e-type=\"container\">\n\t\t\t\t<div class=\"elementor-element elementor-element-33feaed elementor-widget elementor-widget-image\" data-id=\"33feaed\" data-element_type=\"widget\" data-e-type=\"widget\" data-widget_type=\"image.default\">\n\t\t\t\t<div class=\"elementor-widget-container\">\n\t\t\t\t\t\t\t\t\t\t\t\t\t\t\t<img loading=\"lazy\" decoding=\"async\" width=\"221\" height=\"116\" src=\"https:\/\/energizer.com\/eu\/sweden\/wp-content\/uploads\/sites\/11\/2024\/05\/separator.png\" class=\"attachment-full size-full wp-image-3635\" alt=\"battery separator\" \/>\t\t\t\t\t\t\t\t\t\t\t\t\t\t\t<\/div>\n\t\t\t\t<\/div>\n\t\t\t\t<\/div>\n\t\t<div class=\"elementor-element elementor-element-d1b94f6 e-con-full e-flex e-con e-child\" data-id=\"d1b94f6\" data-element_type=\"container\" data-e-type=\"container\">\n\t\t\t\t<div class=\"elementor-element elementor-element-34d2d1a elementor-widget elementor-widget-heading\" data-id=\"34d2d1a\" data-element_type=\"widget\" data-e-type=\"widget\" data-widget_type=\"heading.default\">\n\t\t\t\t<div class=\"elementor-widget-container\">\n\t\t\t\t\t<h2 class=\"elementor-heading-title elementor-size-default\">Separator<\/h2>\t\t\t\t<\/div>\n\t\t\t\t<\/div>\n\t\t\t\t<div class=\"elementor-element elementor-element-006f79c elementor-widget elementor-widget-text-editor\" data-id=\"006f79c\" data-element_type=\"widget\" data-e-type=\"widget\" data-widget_type=\"text-editor.default\">\n\t\t\t\t<div class=\"elementor-widget-container\">\n\t\t\t\t\t\t\t\t\tSeparatorn \u00e4r ett fiberdukstyg som h\u00e5ller is\u00e4r elektroderna.\t\t\t\t\t\t\t\t<\/div>\n\t\t\t\t<\/div>\n\t\t\t\t<\/div>\n\t\t\t\t\t<\/div>\n\t\t\t\t<\/div>\n\t\t<div class=\"elementor-element elementor-element-707a015 e-flex e-con-boxed e-con e-child\" data-id=\"707a015\" data-element_type=\"container\" data-e-type=\"container\">\n\t\t\t\t\t<div class=\"e-con-inner\">\n\t\t<div class=\"elementor-element elementor-element-5e93c70 e-con-full partsDots e-flex e-con e-child\" data-id=\"5e93c70\" data-element_type=\"container\" data-e-type=\"container\">\n\t\t\t\t<div class=\"elementor-element elementor-element-5290c4f elementor-widget elementor-widget-image\" data-id=\"5290c4f\" data-element_type=\"widget\" data-e-type=\"widget\" data-widget_type=\"image.default\">\n\t\t\t\t<div class=\"elementor-widget-container\">\n\t\t\t\t\t\t\t\t\t\t\t\t\t\t\t<img loading=\"lazy\" decoding=\"async\" width=\"221\" height=\"116\" src=\"https:\/\/energizer.com\/eu\/sweden\/wp-content\/uploads\/sites\/11\/2024\/05\/anode-1.png\" class=\"attachment-full size-full wp-image-3640\" alt=\"battery anode\" \/>\t\t\t\t\t\t\t\t\t\t\t\t\t\t\t<\/div>\n\t\t\t\t<\/div>\n\t\t\t\t<\/div>\n\t\t<div class=\"elementor-element elementor-element-3b04f06 e-con-full e-flex e-con e-child\" data-id=\"3b04f06\" data-element_type=\"container\" data-e-type=\"container\">\n\t\t\t\t<div class=\"elementor-element elementor-element-244b6a9 elementor-widget elementor-widget-heading\" data-id=\"244b6a9\" data-element_type=\"widget\" data-e-type=\"widget\" data-widget_type=\"heading.default\">\n\t\t\t\t<div class=\"elementor-widget-container\">\n\t\t\t\t\t<h2 class=\"elementor-heading-title elementor-size-default\">Anod<\/h2>\t\t\t\t<\/div>\n\t\t\t\t<\/div>\n\t\t\t\t<div class=\"elementor-element elementor-element-d5e6319 elementor-widget elementor-widget-text-editor\" data-id=\"d5e6319\" data-element_type=\"widget\" data-e-type=\"widget\" data-widget_type=\"text-editor.default\">\n\t\t\t\t<div class=\"elementor-widget-container\">\n\t\t\t\t\t\t\t\t\tSeparatorn \u00e4r ett fiberdukstyg som h\u00e5ller is\u00e4r elektroderna\t\t\t\t\t\t\t\t<\/div>\n\t\t\t\t<\/div>\n\t\t\t\t<div class=\"elementor-element elementor-element-fd9d1ef elementor-widget elementor-widget-heading\" data-id=\"fd9d1ef\" data-element_type=\"widget\" data-e-type=\"widget\" data-widget_type=\"heading.default\">\n\t\t\t\t<div class=\"elementor-widget-container\">\n\t\t\t\t\t<h2 class=\"elementor-heading-title elementor-size-default\">Elektroderna<\/h2>\t\t\t\t<\/div>\n\t\t\t\t<\/div>\n\t\t\t\t<div class=\"elementor-element elementor-element-ad755f6 elementor-widget elementor-widget-text-editor\" data-id=\"ad755f6\" data-element_type=\"widget\" data-e-type=\"widget\" data-widget_type=\"text-editor.default\">\n\t\t\t\t<div class=\"elementor-widget-container\">\n\t\t\t\t\t\t\t\t\tDet \u00e4r h\u00e4r som den elektrokemiska reaktionen \u00e4ger rum\t\t\t\t\t\t\t\t<\/div>\n\t\t\t\t<\/div>\n\t\t\t\t<\/div>\n\t\t\t\t\t<\/div>\n\t\t\t\t<\/div>\n\t\t<div class=\"elementor-element elementor-element-63fe117 e-flex e-con-boxed e-con e-child\" data-id=\"63fe117\" data-element_type=\"container\" data-e-type=\"container\">\n\t\t\t\t\t<div class=\"e-con-inner\">\n\t\t<div class=\"elementor-element elementor-element-cd900f3 e-con-full partsDots e-flex e-con e-child\" data-id=\"cd900f3\" data-element_type=\"container\" data-e-type=\"container\">\n\t\t\t\t<div class=\"elementor-element elementor-element-02fafab elementor-widget elementor-widget-image\" data-id=\"02fafab\" data-element_type=\"widget\" data-e-type=\"widget\" data-widget_type=\"image.default\">\n\t\t\t\t<div class=\"elementor-widget-container\">\n\t\t\t\t\t\t\t\t\t\t\t\t\t\t\t<img loading=\"lazy\" decoding=\"async\" width=\"221\" height=\"116\" src=\"https:\/\/energizer.com\/eu\/sweden\/wp-content\/uploads\/sites\/11\/2024\/05\/electrolyte.png\" class=\"attachment-full size-full wp-image-3639\" alt=\"battery electrolyte\" \/>\t\t\t\t\t\t\t\t\t\t\t\t\t\t\t<\/div>\n\t\t\t\t<\/div>\n\t\t\t\t<\/div>\n\t\t<div class=\"elementor-element elementor-element-e3aa188 e-con-full e-flex e-con e-child\" data-id=\"e3aa188\" data-element_type=\"container\" data-e-type=\"container\">\n\t\t\t\t<div class=\"elementor-element elementor-element-4336034 elementor-widget elementor-widget-heading\" data-id=\"4336034\" data-element_type=\"widget\" data-e-type=\"widget\" data-widget_type=\"heading.default\">\n\t\t\t\t<div class=\"elementor-widget-container\">\n\t\t\t\t\t<h2 class=\"elementor-heading-title elementor-size-default\">Elektrolyt<\/h2>\t\t\t\t<\/div>\n\t\t\t\t<\/div>\n\t\t\t\t<div class=\"elementor-element elementor-element-84daca4 elementor-widget elementor-widget-text-editor\" data-id=\"84daca4\" data-element_type=\"widget\" data-e-type=\"widget\" data-widget_type=\"text-editor.default\">\n\t\t\t\t<div class=\"elementor-widget-container\">\n\t\t\t\t\t\t\t\t\tDetta \u00e4r en kaliumhydroxidl\u00f6sning i vatten och fungerar som medium f\u00f6r jonernas r\u00f6relse i cellen. Den transporterar ocks\u00e5 jonstr\u00f6mmen inuti batteriet\t\t\t\t\t\t\t\t<\/div>\n\t\t\t\t<\/div>\n\t\t\t\t<\/div>\n\t\t\t\t\t<\/div>\n\t\t\t\t<\/div>\n\t\t<div class=\"elementor-element elementor-element-bc0c467 e-flex e-con-boxed e-con e-child\" data-id=\"bc0c467\" data-element_type=\"container\" data-e-type=\"container\">\n\t\t\t\t\t<div class=\"e-con-inner\">\n\t\t<div class=\"elementor-element elementor-element-6979657 e-con-full partsDots bottompart e-flex e-con e-child\" data-id=\"6979657\" data-element_type=\"container\" data-e-type=\"container\">\n\t\t\t\t<div class=\"elementor-element elementor-element-50a05b0 elementor-widget elementor-widget-image\" data-id=\"50a05b0\" data-element_type=\"widget\" data-e-type=\"widget\" data-widget_type=\"image.default\">\n\t\t\t\t<div class=\"elementor-widget-container\">\n\t\t\t\t\t\t\t\t\t\t\t\t\t\t\t<img loading=\"lazy\" decoding=\"async\" width=\"221\" height=\"116\" src=\"https:\/\/energizer.com\/eu\/sweden\/wp-content\/uploads\/sites\/11\/2024\/05\/collector.png\" class=\"attachment-full size-full wp-image-3638\" alt=\"battery collector\" \/>\t\t\t\t\t\t\t\t\t\t\t\t\t\t\t<\/div>\n\t\t\t\t<\/div>\n\t\t\t\t<\/div>\n\t\t<div class=\"elementor-element elementor-element-2721a83 e-con-full e-flex e-con e-child\" data-id=\"2721a83\" data-element_type=\"container\" data-e-type=\"container\">\n\t\t\t\t<div class=\"elementor-element elementor-element-68d8da3 elementor-widget elementor-widget-heading\" data-id=\"68d8da3\" data-element_type=\"widget\" data-e-type=\"widget\" data-widget_type=\"heading.default\">\n\t\t\t\t<div class=\"elementor-widget-container\">\n\t\t\t\t\t<h2 class=\"elementor-heading-title elementor-size-default\">Anod<\/h2>\t\t\t\t<\/div>\n\t\t\t\t<\/div>\n\t\t\t\t<div class=\"elementor-element elementor-element-9e16efa elementor-widget elementor-widget-text-editor\" data-id=\"9e16efa\" data-element_type=\"widget\" data-e-type=\"widget\" data-widget_type=\"text-editor.default\">\n\t\t\t\t<div class=\"elementor-widget-container\">\n\t\t\t\t\t\t\t\t\tEtt enkelt m\u00e4ssingsstift i mitten av cellen som leder elektricitet till den yttre kretsen\t\t\t\t\t\t\t\t<\/div>\n\t\t\t\t<\/div>\n\t\t\t\t<\/div>\n\t\t\t\t\t<\/div>\n\t\t\t\t<\/div>\n\t\t\t\t\t<\/div>\n\t\t\t\t<\/div>\n\t\t<div class=\"elementor-element elementor-element-01b808a elementor-hidden-widescreen elementor-hidden-desktop elementor-hidden-laptop elementor-hidden-tablet_extra elementor-hidden-tablet elementor-hidden-mobile_extra elementor-hidden-mobile e-flex e-con-boxed e-con e-parent\" data-id=\"01b808a\" data-element_type=\"container\" data-e-type=\"container\">\n\t\t\t\t\t<div class=\"e-con-inner\">\n\t\t<div class=\"elementor-element elementor-element-e411ef1 e-flex e-con-boxed e-con e-child\" data-id=\"e411ef1\" data-element_type=\"container\" data-e-type=\"container\">\n\t\t\t\t\t<div class=\"e-con-inner\">\n\t\t<div class=\"elementor-element elementor-element-b19bc0a e-con-full e-flex e-con e-child\" data-id=\"b19bc0a\" data-element_type=\"container\" data-e-type=\"container\">\n\t\t<div class=\"elementor-element elementor-element-d851128 e-flex e-con-boxed e-con e-child\" data-id=\"d851128\" data-element_type=\"container\" data-e-type=\"container\">\n\t\t\t\t\t<div class=\"e-con-inner\">\n\t\t<div class=\"elementor-element elementor-element-f94507e e-grid e-con-boxed e-con e-child\" data-id=\"f94507e\" data-element_type=\"container\" data-e-type=\"container\">\n\t\t\t\t\t<div class=\"e-con-inner\">\n\t\t<div class=\"elementor-element elementor-element-0100ee4 e-flex e-con-boxed e-con e-child\" data-id=\"0100ee4\" data-element_type=\"container\" data-e-type=\"container\" data-settings=\"{&quot;background_background&quot;:&quot;classic&quot;}\">\n\t\t\t\t\t<div class=\"e-con-inner\">\n\t\t\t\t<div class=\"elementor-element elementor-element-56009f5 elementor-widget elementor-widget-heading\" data-id=\"56009f5\" data-element_type=\"widget\" data-e-type=\"widget\" data-widget_type=\"heading.default\">\n\t\t\t\t<div class=\"elementor-widget-container\">\n\t\t\t\t\t<h2 class=\"elementor-heading-title elementor-size-default\"><a href=\"https:\/\/energizer.com\/eu\/sweden\/button-battery-safety\/\">Knappbatteri<\/a><\/h2>\t\t\t\t<\/div>\n\t\t\t\t<\/div>\n\t\t\t\t<div class=\"elementor-element elementor-element-706b176 elementor-widget elementor-widget-heading\" data-id=\"706b176\" data-element_type=\"widget\" data-e-type=\"widget\" data-widget_type=\"heading.default\">\n\t\t\t\t<div class=\"elementor-widget-container\">\n\t\t\t\t\t<h2 class=\"elementor-heading-title elementor-size-default\"><a href=\"https:\/\/energizer.com\/eu\/sweden\/button-battery-safety\/\">S\u00e4kerhet<\/a><\/h2>\t\t\t\t<\/div>\n\t\t\t\t<\/div>\n\t\t\t\t\t<\/div>\n\t\t\t\t<\/div>\n\t\t<div class=\"elementor-element elementor-element-675dca6 e-flex e-con-boxed e-con e-child\" data-id=\"675dca6\" data-element_type=\"container\" data-e-type=\"container\" data-settings=\"{&quot;background_background&quot;:&quot;classic&quot;}\">\n\t\t\t\t\t<div class=\"e-con-inner\">\n\t\t\t\t<div class=\"elementor-element elementor-element-26104c2 elementor-widget elementor-widget-heading\" data-id=\"26104c2\" data-element_type=\"widget\" data-e-type=\"widget\" data-widget_type=\"heading.default\">\n\t\t\t\t<div class=\"elementor-widget-container\">\n\t\t\t\t\t<h2 class=\"elementor-heading-title elementor-size-default\"><a href=\"https:\/\/energizer.com\/eu\/sweden\/battery-works\/\">L\u00e4s mer om<\/a><\/h2>\t\t\t\t<\/div>\n\t\t\t\t<\/div>\n\t\t\t\t<div class=\"elementor-element elementor-element-d53fc29 elementor-widget elementor-widget-heading\" data-id=\"d53fc29\" data-element_type=\"widget\" data-e-type=\"widget\" data-widget_type=\"heading.default\">\n\t\t\t\t<div class=\"elementor-widget-container\">\n\t\t\t\t\t<h2 class=\"elementor-heading-title elementor-size-default\"><a href=\"https:\/\/energizer.com\/eu\/sweden\/battery-works\/\">Batteri<\/a><\/h2>\t\t\t\t<\/div>\n\t\t\t\t<\/div>\n\t\t\t\t\t<\/div>\n\t\t\t\t<\/div>\n\t\t<div class=\"elementor-element elementor-element-7be0867 e-flex e-con-boxed e-con e-child\" data-id=\"7be0867\" data-element_type=\"container\" data-e-type=\"container\" data-settings=\"{&quot;background_background&quot;:&quot;classic&quot;}\">\n\t\t\t\t\t<div class=\"e-con-inner\">\n\t\t\t\t<div class=\"elementor-element elementor-element-e3428ea elementor-widget elementor-widget-heading\" data-id=\"e3428ea\" data-element_type=\"widget\" data-e-type=\"widget\" data-widget_type=\"heading.default\">\n\t\t\t\t<div class=\"elementor-widget-container\">\n\t\t\t\t\t<h2 class=\"elementor-heading-title elementor-size-default\"><a href=\"https:\/\/energizer.com\/eu\/sweden\/responsibility\/\">Ansvarsf\u00f6rdelning<\/a><\/h2>\t\t\t\t<\/div>\n\t\t\t\t<\/div>\n\t\t\t\t\t<\/div>\n\t\t\t\t<\/div>\n\t\t\t\t\t<\/div>\n\t\t\t\t<\/div>\n\t\t\t\t\t<\/div>\n\t\t\t\t<\/div>\n\t\t\t\t<\/div>\n\t\t\t\t\t<\/div>\n\t\t\t\t<\/div>\n\t\t\t\t\t<\/div>\n\t\t\t\t<\/div>\n\t\t\t\t<\/div>\n\t\t","protected":false},"excerpt":{"rendered":"<p>Hur fungerar batterier BATTERI DELAR Ett batteri \u00e4r i princip ett minikraftverk som omvandlar en kemisk reaktion till elektrisk energi.Torrcellsbatterier (alkaliska) kan skilja sig \u00e5t p\u00e5 flera s\u00e4tt, men de har alla samma grundkomponenter. Beh\u00e5llare Ett st\u00e5lh\u00f6lje som inrymmer katodkomponenterna Katod Detta \u00e4r en blandning av mangandioxid och kol. Katoden \u00e4r den elektrod som reduceras [&hellip;]<\/p>\n","protected":false},"author":1,"featured_media":0,"parent":0,"menu_order":0,"comment_status":"closed","ping_status":"closed","template":"elementor_header_footer","meta":{"_acf_changed":false,"footnotes":""},"class_list":["post-3620","page","type-page","status-publish","hentry"],"acf":[],"_links":{"self":[{"href":"https:\/\/energizer.com\/eu\/sweden\/wp-json\/wp\/v2\/pages\/3620","targetHints":{"allow":["GET"]}}],"collection":[{"href":"https:\/\/energizer.com\/eu\/sweden\/wp-json\/wp\/v2\/pages"}],"about":[{"href":"https:\/\/energizer.com\/eu\/sweden\/wp-json\/wp\/v2\/types\/page"}],"author":[{"embeddable":true,"href":"https:\/\/energizer.com\/eu\/sweden\/wp-json\/wp\/v2\/users\/1"}],"replies":[{"embeddable":true,"href":"https:\/\/energizer.com\/eu\/sweden\/wp-json\/wp\/v2\/comments?post=3620"}],"version-history":[{"count":98,"href":"https:\/\/energizer.com\/eu\/sweden\/wp-json\/wp\/v2\/pages\/3620\/revisions"}],"predecessor-version":[{"id":9688,"href":"https:\/\/energizer.com\/eu\/sweden\/wp-json\/wp\/v2\/pages\/3620\/revisions\/9688"}],"wp:attachment":[{"href":"https:\/\/energizer.com\/eu\/sweden\/wp-json\/wp\/v2\/media?parent=3620"}],"curies":[{"name":"wp","href":"https:\/\/api.w.org\/{rel}","templated":true}]}}