{"id":3657,"date":"2024-05-14T09:15:51","date_gmt":"2024-05-14T09:15:51","guid":{"rendered":"https:\/\/23b13e8ab3.nxcli.io\/sweden\/?page_id=3657"},"modified":"2024-08-14T06:55:23","modified_gmt":"2024-08-14T06:55:23","slug":"dos-donts","status":"publish","type":"page","link":"https:\/\/energizer.com\/eu\/sweden\/dos-donts\/","title":{"rendered":"Battery Care &#8211; Dos Don&#8217;ts"},"content":{"rendered":"\t\t<div data-elementor-type=\"wp-page\" data-elementor-id=\"3657\" class=\"elementor elementor-3657\" data-elementor-post-type=\"page\">\n\t\t\t\t<div class=\"elementor-element elementor-element-8e1b97d mainBanner e-flex e-con-boxed e-con e-parent\" data-id=\"8e1b97d\" data-element_type=\"container\" data-e-type=\"container\">\n\t\t\t\t\t<div class=\"e-con-inner\">\n\t\t<div class=\"elementor-element elementor-element-e7bf55c e-con-full e-flex e-con e-child\" data-id=\"e7bf55c\" data-element_type=\"container\" data-e-type=\"container\">\n\t\t\t\t<div class=\"elementor-element elementor-element-951da9f elementor-widget elementor-widget-image\" data-id=\"951da9f\" data-element_type=\"widget\" data-e-type=\"widget\" data-widget_type=\"image.default\">\n\t\t\t\t<div class=\"elementor-widget-container\">\n\t\t\t\t\t\t\t\t\t\t\t\t\t\t\t<img fetchpriority=\"high\" decoding=\"async\" width=\"1500\" height=\"650\" src=\"https:\/\/energizer.com\/eu\/sweden\/wp-content\/uploads\/sites\/11\/2024\/06\/Lighting-Search.png\" class=\"attachment-full size-full wp-image-8433\" alt=\"Lighting Search\" srcset=\"https:\/\/energizer.com\/eu\/sweden\/wp-content\/uploads\/sites\/11\/2024\/06\/Lighting-Search.png 1500w, https:\/\/energizer.com\/eu\/sweden\/wp-content\/uploads\/sites\/11\/2024\/06\/Lighting-Search-300x130.png 300w, https:\/\/energizer.com\/eu\/sweden\/wp-content\/uploads\/sites\/11\/2024\/06\/Lighting-Search-1024x444.png 1024w, https:\/\/energizer.com\/eu\/sweden\/wp-content\/uploads\/sites\/11\/2024\/06\/Lighting-Search-768x333.png 768w, https:\/\/energizer.com\/eu\/sweden\/wp-content\/uploads\/sites\/11\/2024\/06\/Lighting-Search-600x260.png 600w\" sizes=\"(max-width: 1500px) 100vw, 1500px\" \/>\t\t\t\t\t\t\t\t\t\t\t\t\t\t\t<\/div>\n\t\t\t\t<\/div>\n\t\t<div class=\"elementor-element elementor-element-1fdb38d e-con-full e-flex e-con e-child\" data-id=\"1fdb38d\" data-element_type=\"container\" data-e-type=\"container\" data-settings=\"{&quot;position&quot;:&quot;absolute&quot;}\">\n\t\t\t\t<div class=\"elementor-element elementor-element-8890800 elementor-widget elementor-widget-text-editor\" data-id=\"8890800\" data-element_type=\"widget\" data-e-type=\"widget\" data-widget_type=\"text-editor.default\">\n\t\t\t\t<div class=\"elementor-widget-container\">\n\t\t\t\t\t\t\t\t\tSk\u00f6tsel av batterier\t\t\t\t\t\t\t\t<\/div>\n\t\t\t\t<\/div>\n\t\t\t\t<\/div>\n\t\t\t\t<\/div>\n\t\t\t\t\t<\/div>\n\t\t\t\t<\/div>\n\t\t<div class=\"elementor-element elementor-element-6e3db39 e-flex e-con-boxed e-con e-parent\" data-id=\"6e3db39\" data-element_type=\"container\" data-e-type=\"container\">\n\t\t\t\t\t<div class=\"e-con-inner\">\n\t\t<div class=\"elementor-element elementor-element-ae0c56d e-con-full e-flex e-con e-child\" data-id=\"ae0c56d\" data-element_type=\"container\" data-e-type=\"container\">\n\t\t\t\t<div class=\"elementor-element elementor-element-1ab1db7 elementor-widget elementor-widget-heading\" data-id=\"1ab1db7\" data-element_type=\"widget\" data-e-type=\"widget\" data-widget_type=\"heading.default\">\n\t\t\t\t<div class=\"elementor-widget-container\">\n\t\t\t\t\t<h2 class=\"elementor-heading-title elementor-size-default\">Do's<\/h2>\t\t\t\t<\/div>\n\t\t\t\t<\/div>\n\t\t\t\t<div class=\"elementor-element elementor-element-b3c3e2e elementor-widget elementor-widget-heading\" data-id=\"b3c3e2e\" data-element_type=\"widget\" data-e-type=\"widget\" data-widget_type=\"heading.default\">\n\t\t\t\t<div class=\"elementor-widget-container\">\n\t\t\t\t\t<h2 class=\"elementor-heading-title elementor-size-default\">&amp;<\/h2>\t\t\t\t<\/div>\n\t\t\t\t<\/div>\n\t\t\t\t<div class=\"elementor-element elementor-element-80c99f3 elementor-widget elementor-widget-heading\" data-id=\"80c99f3\" data-element_type=\"widget\" data-e-type=\"widget\" data-widget_type=\"heading.default\">\n\t\t\t\t<div class=\"elementor-widget-container\">\n\t\t\t\t\t<h2 class=\"elementor-heading-title elementor-size-default\">Dont's<\/h2>\t\t\t\t<\/div>\n\t\t\t\t<\/div>\n\t\t\t\t<\/div>\n\t\t<div class=\"elementor-element elementor-element-ce548bf e-con-full e-flex e-con e-child\" data-id=\"ce548bf\" data-element_type=\"container\" data-e-type=\"container\">\n\t\t\t\t<div class=\"elementor-element elementor-element-1116032 elementor-widget elementor-widget-heading\" data-id=\"1116032\" data-element_type=\"widget\" data-e-type=\"widget\" data-widget_type=\"heading.default\">\n\t\t\t\t<div class=\"elementor-widget-container\">\n\t\t\t\t\t<h2 class=\"elementor-heading-title elementor-size-default\">KORREKT F\u00d6RVARING, SK\u00d6TSEL OCH HANTERING AV DINA BATTERIER.<\/h2>\t\t\t\t<\/div>\n\t\t\t\t<\/div>\n\t\t\t\t<\/div>\n\t\t<div class=\"elementor-element elementor-element-ccabc17 e-flex e-con-boxed e-con e-child\" data-id=\"ccabc17\" data-element_type=\"container\" data-e-type=\"container\">\n\t\t\t\t\t<div class=\"e-con-inner\">\n\t\t<div class=\"elementor-element elementor-element-2d5006a e-con-full e-flex e-con e-child\" data-id=\"2d5006a\" data-element_type=\"container\" data-e-type=\"container\">\n\t\t\t\t<div class=\"elementor-element elementor-element-d01a75a elementor-view-default elementor-widget elementor-widget-icon\" data-id=\"d01a75a\" data-element_type=\"widget\" data-e-type=\"widget\" data-widget_type=\"icon.default\">\n\t\t\t\t<div class=\"elementor-widget-container\">\n\t\t\t\t\t\t\t<div class=\"elementor-icon-wrapper\">\n\t\t\t<div class=\"elementor-icon\">\n\t\t\t<svg aria-hidden=\"true\" class=\"e-font-icon-svg e-fas-check-circle\" viewBox=\"0 0 512 512\" xmlns=\"http:\/\/www.w3.org\/2000\/svg\"><path d=\"M504 256c0 136.967-111.033 248-248 248S8 392.967 8 256 119.033 8 256 8s248 111.033 248 248zM227.314 387.314l184-184c6.248-6.248 6.248-16.379 0-22.627l-22.627-22.627c-6.248-6.249-16.379-6.249-22.628 0L216 308.118l-70.059-70.059c-6.248-6.248-16.379-6.248-22.628 0l-22.627 22.627c-6.248 6.248-6.248 16.379 0 22.627l104 104c6.249 6.249 16.379 6.249 22.628.001z\"><\/path><\/svg>\t\t\t<\/div>\n\t\t<\/div>\n\t\t\t\t\t\t<\/div>\n\t\t\t\t<\/div>\n\t\t\t\t<div class=\"elementor-element elementor-element-8bc3fa4 elementor-widget elementor-widget-heading\" data-id=\"8bc3fa4\" data-element_type=\"widget\" data-e-type=\"widget\" data-widget_type=\"heading.default\">\n\t\t\t\t<div class=\"elementor-widget-container\">\n\t\t\t\t\t<p class=\"elementor-heading-title elementor-size-default\"><strong>L\u00e4s instruktionerna p\u00e5 din enhet innan du installerar batterier<\/strong> Anv\u00e4nd endast den storlek och typ av batteri som anges i bruksanvisningen.<\/p>\t\t\t\t<\/div>\n\t\t\t\t<\/div>\n\t\t\t\t<div class=\"elementor-element elementor-element-34283e5 elementor-widget elementor-widget-heading\" data-id=\"34283e5\" data-element_type=\"widget\" data-e-type=\"widget\" data-widget_type=\"heading.default\">\n\t\t\t\t<div class=\"elementor-widget-container\">\n\t\t\t\t\t<p class=\"elementor-heading-title elementor-size-default\"><strong>S\u00e4tt i batterierna ordentligt.<\/strong> F\u00f6lj symbolerna som visar hur batteriernas positiva (+) och negativa (-) \u00e4ndar ska placeras.<\/p>\t\t\t\t<\/div>\n\t\t\t\t<\/div>\n\t\t\t\t<div class=\"elementor-element elementor-element-0d687d0 elementor-widget elementor-widget-heading\" data-id=\"0d687d0\" data-element_type=\"widget\" data-e-type=\"widget\" data-widget_type=\"heading.default\">\n\t\t\t\t<div class=\"elementor-widget-container\">\n\t\t\t\t\t<p class=\"elementor-heading-title elementor-size-default\"><strong>DO h\u00e5ll batteriets kontaktytor rena<\/strong> genom att f\u00f6rsiktigt gnugga med ett rent suddgummi eller en trasa.<\/p>\t\t\t\t<\/div>\n\t\t\t\t<\/div>\n\t\t\t\t<div class=\"elementor-element elementor-element-d3bd185 elementor-widget elementor-widget-heading\" data-id=\"d3bd185\" data-element_type=\"widget\" data-e-type=\"widget\" data-widget_type=\"heading.default\">\n\t\t\t\t<div class=\"elementor-widget-container\">\n\t\t\t\t\t<p class=\"elementor-heading-title elementor-size-default\"><strong>Ta omedelbart ut uttj\u00e4nta batterier<\/strong> fr\u00e5n din enhet och kassera den p\u00e5 r\u00e4tt s\u00e4tt.<\/p>\t\t\t\t<\/div>\n\t\t\t\t<\/div>\n\t\t\t\t<div class=\"elementor-element elementor-element-a2fc88d elementor-widget elementor-widget-heading\" data-id=\"a2fc88d\" data-element_type=\"widget\" data-e-type=\"widget\" data-widget_type=\"heading.default\">\n\t\t\t\t<div class=\"elementor-widget-container\">\n\t\t\t\t\t<p class=\"elementor-heading-title elementor-size-default\"><strong>Ta inte ut alla batterier ur enheten p\u00e5 samma g\u00e5ng<\/strong> och byt ut dem mot nya batterier av samma storlek och typ.<\/p>\t\t\t\t<\/div>\n\t\t\t\t<\/div>\n\t\t\t\t<div class=\"elementor-element elementor-element-206069a elementor-widget elementor-widget-heading\" data-id=\"206069a\" data-element_type=\"widget\" data-e-type=\"widget\" data-widget_type=\"heading.default\">\n\t\t\t\t<div class=\"elementor-widget-container\">\n\t\t\t\t\t<p class=\"elementor-heading-title elementor-size-default\"><strong>Bevara batteriets livsl\u00e4ngd genom att st\u00e4nga av enheten och ta ut batterierna<\/strong> n\u00e4r den inte anv\u00e4nds och inte heller f\u00f6rv\u00e4ntas anv\u00e4ndas under l\u00e4ngre tidsperioder.<\/p>\t\t\t\t<\/div>\n\t\t\t\t<\/div>\n\t\t\t\t<div class=\"elementor-element elementor-element-e0133cc elementor-widget elementor-widget-heading\" data-id=\"e0133cc\" data-element_type=\"widget\" data-e-type=\"widget\" data-widget_type=\"heading.default\">\n\t\t\t\t<div class=\"elementor-widget-container\">\n\t\t\t\t\t<p class=\"elementor-heading-title elementor-size-default\"><strong>F\u00d6RVARA batterierna p\u00e5 r\u00e4tt s\u00e4tt genom att f\u00f6rvara dem p\u00e5 en sval och torr plats<\/strong> vid normal rumstemperatur. Det \u00e4r inte n\u00f6dv\u00e4ndigt att f\u00f6rvara batterierna i kylsk\u00e5p.<\/p>\t\t\t\t<\/div>\n\t\t\t\t<\/div>\n\t\t\t\t<\/div>\n\t\t<div class=\"elementor-element elementor-element-bcc82eb e-con-full e-flex e-con e-child\" data-id=\"bcc82eb\" data-element_type=\"container\" data-e-type=\"container\">\n\t\t\t\t<div class=\"elementor-element elementor-element-9c17d7e elementor-view-default elementor-widget elementor-widget-icon\" data-id=\"9c17d7e\" data-element_type=\"widget\" data-e-type=\"widget\" data-widget_type=\"icon.default\">\n\t\t\t\t<div class=\"elementor-widget-container\">\n\t\t\t\t\t\t\t<div class=\"elementor-icon-wrapper\">\n\t\t\t<div class=\"elementor-icon\">\n\t\t\t<svg aria-hidden=\"true\" class=\"e-font-icon-svg e-fas-times-circle\" viewBox=\"0 0 512 512\" xmlns=\"http:\/\/www.w3.org\/2000\/svg\"><path d=\"M256 8C119 8 8 119 8 256s111 248 248 248 248-111 248-248S393 8 256 8zm121.6 313.1c4.7 4.7 4.7 12.3 0 17L338 377.6c-4.7 4.7-12.3 4.7-17 0L256 312l-65.1 65.6c-4.7 4.7-12.3 4.7-17 0L134.4 338c-4.7-4.7-4.7-12.3 0-17l65.6-65-65.6-65.1c-4.7-4.7-4.7-12.3 0-17l39.6-39.6c4.7-4.7 12.3-4.7 17 0l65 65.7 65.1-65.6c4.7-4.7 12.3-4.7 17 0l39.6 39.6c4.7 4.7 4.7 12.3 0 17L312 256l65.6 65.1z\"><\/path><\/svg>\t\t\t<\/div>\n\t\t<\/div>\n\t\t\t\t\t\t<\/div>\n\t\t\t\t<\/div>\n\t\t\t\t<div class=\"elementor-element elementor-element-9a5a643 elementor-widget elementor-widget-heading\" data-id=\"9a5a643\" data-element_type=\"widget\" data-e-type=\"widget\" data-widget_type=\"heading.default\">\n\t\t\t\t<div class=\"elementor-widget-container\">\n\t\t\t\t\t<p class=\"elementor-heading-title elementor-size-default\"><strong>F\u00f6rvara INTE batterier, s\u00e4rskilt inte sm\u00e5batterier och knappcellsbatterier, inom r\u00e4ckh\u00e5ll f\u00f6r barn.<\/strong> Om sm\u00e5batterier sv\u00e4ljs kan de fastna i matstrupen d\u00e4r de kan orsaka allvarliga skador eller d\u00f6dsfall inom tv\u00e5 timmar.<\/p>\t\t\t\t<\/div>\n\t\t\t\t<\/div>\n\t\t\t\t<div class=\"elementor-element elementor-element-edca1de elementor-widget elementor-widget-heading\" data-id=\"edca1de\" data-element_type=\"widget\" data-e-type=\"widget\" data-widget_type=\"heading.default\">\n\t\t\t\t<div class=\"elementor-widget-container\">\n\t\t\t\t\t<p class=\"elementor-heading-title elementor-size-default\"><strong>Kasta INTE batterier i en eldsv\u00e5da<\/strong>  \u2013 kan de l\u00e4cka eller g\u00e5 s\u00f6nder.<\/p>\t\t\t\t<\/div>\n\t\t\t\t<\/div>\n\t\t\t\t<div class=\"elementor-element elementor-element-a7b76ba elementor-widget elementor-widget-heading\" data-id=\"a7b76ba\" data-element_type=\"widget\" data-e-type=\"widget\" data-widget_type=\"heading.default\">\n\t\t\t\t<div class=\"elementor-widget-container\">\n\t\t\t\t\t<p class=\"elementor-heading-title elementor-size-default\"><strong>Batterierna f\u00e5r INTE demonteras, krossas, punkteras eller skadas p\u00e5 annat s\u00e4tt.<\/strong>  Detta kan leda till l\u00e4ckage eller bristning.<\/p>\t\t\t\t<\/div>\n\t\t\t\t<\/div>\n\t\t\t\t<div class=\"elementor-element elementor-element-f924fbd elementor-widget elementor-widget-heading\" data-id=\"f924fbd\" data-element_type=\"widget\" data-e-type=\"widget\" data-widget_type=\"heading.default\">\n\t\t\t\t<div class=\"elementor-widget-container\">\n\t\t\t\t\t<p class=\"elementor-heading-title elementor-size-default\"><strong>Ha INTE l\u00f6sa batterier i en ficka eller handv\u00e4ska med metallf\u00f6rem\u00e5l som mynt, gem etc.<\/strong>  Detta kan kortsluta batteriet och leda till h\u00f6g v\u00e4rme eller l\u00e4ckage.<\/p>\t\t\t\t<\/div>\n\t\t\t\t<\/div>\n\t\t\t\t<div class=\"elementor-element elementor-element-db26ca4 elementor-widget elementor-widget-heading\" data-id=\"db26ca4\" data-element_type=\"widget\" data-e-type=\"widget\" data-widget_type=\"heading.default\">\n\t\t\t\t<div class=\"elementor-widget-container\">\n\t\t\t\t\t<p class=\"elementor-heading-title elementor-size-default\"><strong>F\u00f6rvara INTE batterier eller batteridrivna enheter p\u00e5 varma platser<\/strong> \u2013 F\u00f6rvara INTE batterier eller batteridrivna enheter p\u00e5 varma platser<\/p>\t\t\t\t<\/div>\n\t\t\t\t<\/div>\n\t\t\t\t<div class=\"elementor-element elementor-element-e2033dc elementor-widget elementor-widget-heading\" data-id=\"e2033dc\" data-element_type=\"widget\" data-e-type=\"widget\" data-widget_type=\"heading.default\">\n\t\t\t\t<div class=\"elementor-widget-container\">\n\t\t\t\t\t<p class=\"elementor-heading-title elementor-size-default\"><strong>Blanda INTE gamla och nya batterier, och blanda inte heller olika typer eller fabrikat av batterier.<\/strong> Detta kan orsaka l\u00e4ckage eller bristning, vilket kan leda till person- eller egendomsskador.<br>Giv inte batterier till sm\u00e5 barn.<\/p>\t\t\t\t<\/div>\n\t\t\t\t<\/div>\n\t\t\t\t<\/div>\n\t\t\t\t\t<\/div>\n\t\t\t\t<\/div>\n\t\t\t\t\t<\/div>\n\t\t\t\t<\/div>\n\t\t<div class=\"elementor-element elementor-element-5f9c9bd elementor-hidden-widescreen elementor-hidden-desktop elementor-hidden-laptop elementor-hidden-tablet_extra elementor-hidden-tablet elementor-hidden-mobile_extra elementor-hidden-mobile e-flex e-con-boxed e-con e-parent\" data-id=\"5f9c9bd\" data-element_type=\"container\" data-e-type=\"container\">\n\t\t\t\t\t<div class=\"e-con-inner\">\n\t\t<div class=\"elementor-element elementor-element-f92e2dd e-flex e-con-boxed e-con e-child\" data-id=\"f92e2dd\" data-element_type=\"container\" data-e-type=\"container\">\n\t\t\t\t\t<div class=\"e-con-inner\">\n\t\t<div class=\"elementor-element elementor-element-dc6bd0f e-con-full e-flex e-con e-child\" data-id=\"dc6bd0f\" data-element_type=\"container\" data-e-type=\"container\">\n\t\t<div class=\"elementor-element elementor-element-7e5346b e-flex e-con-boxed e-con e-child\" data-id=\"7e5346b\" data-element_type=\"container\" data-e-type=\"container\">\n\t\t\t\t\t<div class=\"e-con-inner\">\n\t\t<div class=\"elementor-element elementor-element-2878631 e-grid e-con-boxed e-con e-child\" data-id=\"2878631\" data-element_type=\"container\" data-e-type=\"container\">\n\t\t\t\t\t<div class=\"e-con-inner\">\n\t\t<div class=\"elementor-element elementor-element-31a560c e-flex e-con-boxed e-con e-child\" data-id=\"31a560c\" data-element_type=\"container\" data-e-type=\"container\" data-settings=\"{&quot;background_background&quot;:&quot;classic&quot;}\">\n\t\t\t\t\t<div class=\"e-con-inner\">\n\t\t\t\t<div class=\"elementor-element elementor-element-b49f275 elementor-widget elementor-widget-heading\" data-id=\"b49f275\" data-element_type=\"widget\" data-e-type=\"widget\" data-widget_type=\"heading.default\">\n\t\t\t\t<div class=\"elementor-widget-container\">\n\t\t\t\t\t<h2 class=\"elementor-heading-title elementor-size-default\"><a href=\"https:\/\/energizer.com\/eu\/sweden\/button-battery-safety\/\">KNAPP BATTERI<\/a><\/h2>\t\t\t\t<\/div>\n\t\t\t\t<\/div>\n\t\t\t\t<div class=\"elementor-element elementor-element-dd192eb elementor-widget elementor-widget-heading\" data-id=\"dd192eb\" data-element_type=\"widget\" data-e-type=\"widget\" data-widget_type=\"heading.default\">\n\t\t\t\t<div class=\"elementor-widget-container\">\n\t\t\t\t\t<h2 class=\"elementor-heading-title elementor-size-default\"><a href=\"https:\/\/energizer.com\/eu\/sweden\/button-battery-safety\/\">S\u00c4KERHET<\/a><\/h2>\t\t\t\t<\/div>\n\t\t\t\t<\/div>\n\t\t\t\t\t<\/div>\n\t\t\t\t<\/div>\n\t\t<div class=\"elementor-element elementor-element-25911c9 e-flex e-con-boxed e-con e-child\" data-id=\"25911c9\" data-element_type=\"container\" data-e-type=\"container\" data-settings=\"{&quot;background_background&quot;:&quot;classic&quot;}\">\n\t\t\t\t\t<div class=\"e-con-inner\">\n\t\t\t\t<div class=\"elementor-element elementor-element-af54bea elementor-widget elementor-widget-heading\" data-id=\"af54bea\" data-element_type=\"widget\" data-e-type=\"widget\" data-widget_type=\"heading.default\">\n\t\t\t\t<div class=\"elementor-widget-container\">\n\t\t\t\t\t<h2 class=\"elementor-heading-title elementor-size-default\"><a href=\"https:\/\/energizer.com\/eu\/sweden\/battery-works\/\">L\u00c4R DIG OM<\/a><\/h2>\t\t\t\t<\/div>\n\t\t\t\t<\/div>\n\t\t\t\t<div class=\"elementor-element elementor-element-af53be4 elementor-widget elementor-widget-heading\" data-id=\"af53be4\" data-element_type=\"widget\" data-e-type=\"widget\" data-widget_type=\"heading.default\">\n\t\t\t\t<div class=\"elementor-widget-container\">\n\t\t\t\t\t<h2 class=\"elementor-heading-title elementor-size-default\"><a href=\"https:\/\/energizer.com\/eu\/sweden\/battery-works\/\">BATTERI<\/a><\/h2>\t\t\t\t<\/div>\n\t\t\t\t<\/div>\n\t\t\t\t\t<\/div>\n\t\t\t\t<\/div>\n\t\t<div class=\"elementor-element elementor-element-e569edc e-flex e-con-boxed e-con e-child\" data-id=\"e569edc\" data-element_type=\"container\" data-e-type=\"container\" data-settings=\"{&quot;background_background&quot;:&quot;classic&quot;}\">\n\t\t\t\t\t<div class=\"e-con-inner\">\n\t\t\t\t<div class=\"elementor-element elementor-element-6f97564 elementor-widget elementor-widget-heading\" data-id=\"6f97564\" data-element_type=\"widget\" data-e-type=\"widget\" data-widget_type=\"heading.default\">\n\t\t\t\t<div class=\"elementor-widget-container\">\n\t\t\t\t\t<h2 class=\"elementor-heading-title elementor-size-default\"><a href=\"https:\/\/energizer.com\/eu\/sweden\/responsibility\/\">Ansvarsfullt f\u00f6retagande<\/a><\/h2>\t\t\t\t<\/div>\n\t\t\t\t<\/div>\n\t\t\t\t\t<\/div>\n\t\t\t\t<\/div>\n\t\t\t\t\t<\/div>\n\t\t\t\t<\/div>\n\t\t\t\t\t<\/div>\n\t\t\t\t<\/div>\n\t\t\t\t<\/div>\n\t\t\t\t\t<\/div>\n\t\t\t\t<\/div>\n\t\t\t\t\t<\/div>\n\t\t\t\t<\/div>\n\t\t\t\t<\/div>\n\t\t","protected":false},"excerpt":{"rendered":"<p>Sk\u00f6tsel av batterier Do&#8217;s &#038; Dont&#8217;s KORREKT F\u00d6RVARING, SK\u00d6TSEL OCH HANTERING AV DINA BATTERIER. L\u00e4s instruktionerna p\u00e5 din enhet innan du installerar batterier Anv\u00e4nd endast den storlek och typ av batteri som anges i bruksanvisningen. S\u00e4tt i batterierna ordentligt. F\u00f6lj symbolerna som visar hur batteriernas positiva (+) och negativa (-) \u00e4ndar ska placeras. DO h\u00e5ll [&hellip;]<\/p>\n","protected":false},"author":1,"featured_media":0,"parent":0,"menu_order":0,"comment_status":"closed","ping_status":"closed","template":"elementor_header_footer","meta":{"_acf_changed":false,"footnotes":""},"class_list":["post-3657","page","type-page","status-publish","hentry"],"acf":[],"_links":{"self":[{"href":"https:\/\/energizer.com\/eu\/sweden\/wp-json\/wp\/v2\/pages\/3657","targetHints":{"allow":["GET"]}}],"collection":[{"href":"https:\/\/energizer.com\/eu\/sweden\/wp-json\/wp\/v2\/pages"}],"about":[{"href":"https:\/\/energizer.com\/eu\/sweden\/wp-json\/wp\/v2\/types\/page"}],"author":[{"embeddable":true,"href":"https:\/\/energizer.com\/eu\/sweden\/wp-json\/wp\/v2\/users\/1"}],"replies":[{"embeddable":true,"href":"https:\/\/energizer.com\/eu\/sweden\/wp-json\/wp\/v2\/comments?post=3657"}],"version-history":[{"count":47,"href":"https:\/\/energizer.com\/eu\/sweden\/wp-json\/wp\/v2\/pages\/3657\/revisions"}],"predecessor-version":[{"id":9694,"href":"https:\/\/energizer.com\/eu\/sweden\/wp-json\/wp\/v2\/pages\/3657\/revisions\/9694"}],"wp:attachment":[{"href":"https:\/\/energizer.com\/eu\/sweden\/wp-json\/wp\/v2\/media?parent=3657"}],"curies":[{"name":"wp","href":"https:\/\/api.w.org\/{rel}","templated":true}]}}