{"id":4680,"date":"2024-05-17T08:03:29","date_gmt":"2024-05-17T08:03:29","guid":{"rendered":"https:\/\/23b13e8ab3.nxcli.io\/sweden\/?page_id=4680"},"modified":"2024-11-27T07:44:25","modified_gmt":"2024-11-27T07:44:25","slug":"responsibility","status":"publish","type":"page","link":"https:\/\/energizer.com\/eu\/sweden\/responsibility\/","title":{"rendered":"Responsibility"},"content":{"rendered":"\t\t<div data-elementor-type=\"wp-page\" data-elementor-id=\"4680\" class=\"elementor elementor-4680\" data-elementor-post-type=\"page\">\n\t\t\t\t<div class=\"elementor-element elementor-element-2a2ddb6 e-flex e-con-boxed e-con e-parent\" data-id=\"2a2ddb6\" data-element_type=\"container\" data-e-type=\"container\">\n\t\t\t\t\t<div class=\"e-con-inner\">\n\t\t\t\t<div class=\"elementor-element elementor-element-05a0f68 elementor-hidden-mobile_extra elementor-hidden-mobile elementor-widget elementor-widget-image\" data-id=\"05a0f68\" data-element_type=\"widget\" data-e-type=\"widget\" data-widget_type=\"image.default\">\n\t\t\t\t<div class=\"elementor-widget-container\">\n\t\t\t\t\t\t\t\t\t\t\t\t\t\t\t<img fetchpriority=\"high\" decoding=\"async\" width=\"1500\" height=\"650\" src=\"https:\/\/energizer.com\/eu\/sweden\/wp-content\/uploads\/sites\/11\/2024\/11\/responsibility-12.jpg\" class=\"attachment-full size-full wp-image-10413\" alt=\"\" srcset=\"https:\/\/energizer.com\/eu\/sweden\/wp-content\/uploads\/sites\/11\/2024\/11\/responsibility-12.jpg 1500w, https:\/\/energizer.com\/eu\/sweden\/wp-content\/uploads\/sites\/11\/2024\/11\/responsibility-12-300x130.jpg 300w, https:\/\/energizer.com\/eu\/sweden\/wp-content\/uploads\/sites\/11\/2024\/11\/responsibility-12-1024x444.jpg 1024w, https:\/\/energizer.com\/eu\/sweden\/wp-content\/uploads\/sites\/11\/2024\/11\/responsibility-12-768x333.jpg 768w, https:\/\/energizer.com\/eu\/sweden\/wp-content\/uploads\/sites\/11\/2024\/11\/responsibility-12-600x260.jpg 600w\" sizes=\"(max-width: 1500px) 100vw, 1500px\" \/>\t\t\t\t\t\t\t\t\t\t\t\t\t\t\t<\/div>\n\t\t\t\t<\/div>\n\t\t\t\t<div class=\"elementor-element elementor-element-8003129 elementor-hidden-widescreen elementor-hidden-desktop elementor-hidden-laptop elementor-hidden-tablet_extra elementor-hidden-tablet elementor-widget elementor-widget-image\" data-id=\"8003129\" data-element_type=\"widget\" data-e-type=\"widget\" data-widget_type=\"image.default\">\n\t\t\t\t<div class=\"elementor-widget-container\">\n\t\t\t\t\t\t\t\t\t\t\t\t\t\t\t<img decoding=\"async\" width=\"750\" height=\"750\" src=\"https:\/\/energizer.com\/eu\/sweden\/wp-content\/uploads\/sites\/11\/2024\/11\/responsibility-1.jpg\" class=\"attachment-full size-full wp-image-10414\" alt=\"\" srcset=\"https:\/\/energizer.com\/eu\/sweden\/wp-content\/uploads\/sites\/11\/2024\/11\/responsibility-1.jpg 750w, https:\/\/energizer.com\/eu\/sweden\/wp-content\/uploads\/sites\/11\/2024\/11\/responsibility-1-300x300.jpg 300w, https:\/\/energizer.com\/eu\/sweden\/wp-content\/uploads\/sites\/11\/2024\/11\/responsibility-1-150x150.jpg 150w, https:\/\/energizer.com\/eu\/sweden\/wp-content\/uploads\/sites\/11\/2024\/11\/responsibility-1-600x600.jpg 600w, https:\/\/energizer.com\/eu\/sweden\/wp-content\/uploads\/sites\/11\/2024\/11\/responsibility-1-100x100.jpg 100w\" sizes=\"(max-width: 750px) 100vw, 750px\" \/>\t\t\t\t\t\t\t\t\t\t\t\t\t\t\t<\/div>\n\t\t\t\t<\/div>\n\t\t\t\t\t<\/div>\n\t\t\t\t<\/div>\n\t\t<div class=\"elementor-element elementor-element-182a25b e-flex e-con-boxed e-con e-parent\" data-id=\"182a25b\" data-element_type=\"container\" data-e-type=\"container\">\n\t\t\t\t\t<div class=\"e-con-inner\">\n\t\t<div class=\"elementor-element elementor-element-135aa24 e-grid e-con-full e-con e-child\" data-id=\"135aa24\" data-element_type=\"container\" data-e-type=\"container\">\n\t\t<div class=\"elementor-element elementor-element-df2eadc e-transform e-flex e-con-boxed e-con e-child\" data-id=\"df2eadc\" data-element_type=\"container\" data-e-type=\"container\" data-settings=\"{&quot;_transform_scale_effect_hover&quot;:{&quot;unit&quot;:&quot;px&quot;,&quot;size&quot;:0.94999999999999996,&quot;sizes&quot;:[]},&quot;_transform_scale_effect_hover_widescreen&quot;:{&quot;unit&quot;:&quot;px&quot;,&quot;size&quot;:&quot;&quot;,&quot;sizes&quot;:[]},&quot;_transform_scale_effect_hover_laptop&quot;:{&quot;unit&quot;:&quot;px&quot;,&quot;size&quot;:&quot;&quot;,&quot;sizes&quot;:[]},&quot;_transform_scale_effect_hover_tablet_extra&quot;:{&quot;unit&quot;:&quot;px&quot;,&quot;size&quot;:&quot;&quot;,&quot;sizes&quot;:[]},&quot;_transform_scale_effect_hover_tablet&quot;:{&quot;unit&quot;:&quot;px&quot;,&quot;size&quot;:&quot;&quot;,&quot;sizes&quot;:[]},&quot;_transform_scale_effect_hover_mobile_extra&quot;:{&quot;unit&quot;:&quot;px&quot;,&quot;size&quot;:&quot;&quot;,&quot;sizes&quot;:[]},&quot;_transform_scale_effect_hover_mobile&quot;:{&quot;unit&quot;:&quot;px&quot;,&quot;size&quot;:&quot;&quot;,&quot;sizes&quot;:[]}}\">\n\t\t\t\t\t<div class=\"e-con-inner\">\n\t\t\t\t<div class=\"elementor-element elementor-element-378ba29 elementor-widget elementor-widget-image\" data-id=\"378ba29\" data-element_type=\"widget\" data-e-type=\"widget\" data-widget_type=\"image.default\">\n\t\t\t\t<div class=\"elementor-widget-container\">\n\t\t\t\t\t\t\t\t\t\t\t\t\t\t\t\t<a href=\"https:\/\/energizerchildsafety.com\/3in1\/sweden\/\" target=\"_blank\" aria-label=\"Coin Lithium Batteris\u00e4kerhet\">\n\t\t\t\t\t\t\t<img decoding=\"async\" width=\"1152\" height=\"678\" src=\"https:\/\/energizer.com\/eu\/sweden\/wp-content\/uploads\/sites\/11\/2024\/05\/bttry3.webp\" class=\"attachment-full size-full wp-image-4701\" alt=\"Coin lithium safety\" srcset=\"https:\/\/energizer.com\/eu\/sweden\/wp-content\/uploads\/sites\/11\/2024\/05\/bttry3.webp 1152w, https:\/\/energizer.com\/eu\/sweden\/wp-content\/uploads\/sites\/11\/2024\/05\/bttry3-300x177.webp 300w, https:\/\/energizer.com\/eu\/sweden\/wp-content\/uploads\/sites\/11\/2024\/05\/bttry3-1024x603.webp 1024w, https:\/\/energizer.com\/eu\/sweden\/wp-content\/uploads\/sites\/11\/2024\/05\/bttry3-768x452.webp 768w, https:\/\/energizer.com\/eu\/sweden\/wp-content\/uploads\/sites\/11\/2024\/05\/bttry3-600x353.webp 600w\" sizes=\"(max-width: 1152px) 100vw, 1152px\" \/>\t\t\t\t\t\t\t\t<\/a>\n\t\t\t\t\t\t\t\t\t\t\t\t\t\t\t<\/div>\n\t\t\t\t<\/div>\n\t\t\t\t<div class=\"elementor-element elementor-element-d4d1067 elementor-widget-laptop__width-initial elementor-widget elementor-widget-heading\" data-id=\"d4d1067\" data-element_type=\"widget\" data-e-type=\"widget\" data-widget_type=\"heading.default\">\n\t\t\t\t<div class=\"elementor-widget-container\">\n\t\t\t\t\t<h3 class=\"elementor-heading-title elementor-size-default\"><a href=\"https:\/\/energizerchildsafety.com\/3in1\/sweden\/\" target=\"_blank\" aria-label=\"Coin Lithium Batteris\u00e4kerhet\">Knappceller<br>Batteris\u00e4kerhet<\/a><\/h3>\t\t\t\t<\/div>\n\t\t\t\t<\/div>\n\t\t\t\t<div class=\"elementor-element elementor-element-89e2d6d elementor-widget elementor-widget-heading\" data-id=\"89e2d6d\" data-element_type=\"widget\" data-e-type=\"widget\" data-widget_type=\"heading.default\">\n\t\t\t\t<div class=\"elementor-widget-container\">\n\t\t\t\t\t<h4 class=\"elementor-heading-title elementor-size-default\"><a href=\"https:\/\/energizerchildsafety.com\/3in1\/sweden\/\" target=\"_blank\" aria-label=\"Coin Lithium Batteris\u00e4kerhet\">En liten f\u00f6r\u00e4ndring f\u00f6r ett s\u00e4krare hem<\/a><\/h4>\t\t\t\t<\/div>\n\t\t\t\t<\/div>\n\t\t\t\t\t<\/div>\n\t\t\t\t<\/div>\n\t\t<div class=\"elementor-element elementor-element-28d87f9 e-transform e-flex e-con-boxed e-con e-child\" data-id=\"28d87f9\" data-element_type=\"container\" data-e-type=\"container\" data-settings=\"{&quot;_transform_scale_effect_hover&quot;:{&quot;unit&quot;:&quot;px&quot;,&quot;size&quot;:0.94999999999999996,&quot;sizes&quot;:[]},&quot;_transform_scale_effect_hover_widescreen&quot;:{&quot;unit&quot;:&quot;px&quot;,&quot;size&quot;:&quot;&quot;,&quot;sizes&quot;:[]},&quot;_transform_scale_effect_hover_laptop&quot;:{&quot;unit&quot;:&quot;px&quot;,&quot;size&quot;:&quot;&quot;,&quot;sizes&quot;:[]},&quot;_transform_scale_effect_hover_tablet_extra&quot;:{&quot;unit&quot;:&quot;px&quot;,&quot;size&quot;:&quot;&quot;,&quot;sizes&quot;:[]},&quot;_transform_scale_effect_hover_tablet&quot;:{&quot;unit&quot;:&quot;px&quot;,&quot;size&quot;:&quot;&quot;,&quot;sizes&quot;:[]},&quot;_transform_scale_effect_hover_mobile_extra&quot;:{&quot;unit&quot;:&quot;px&quot;,&quot;size&quot;:&quot;&quot;,&quot;sizes&quot;:[]},&quot;_transform_scale_effect_hover_mobile&quot;:{&quot;unit&quot;:&quot;px&quot;,&quot;size&quot;:&quot;&quot;,&quot;sizes&quot;:[]}}\">\n\t\t\t\t\t<div class=\"e-con-inner\">\n\t\t\t\t<div class=\"elementor-element elementor-element-bd81910 elementor-widget elementor-widget-image\" data-id=\"bd81910\" data-element_type=\"widget\" data-e-type=\"widget\" data-widget_type=\"image.default\">\n\t\t\t\t<div class=\"elementor-widget-container\">\n\t\t\t\t\t\t\t\t\t\t\t\t\t\t\t\t<a href=\"https:\/\/recyclewithenergizer.com\/sv\/\" target=\"_blank\" aria-label=\"Ansvarig\">\n\t\t\t\t\t\t\t<img loading=\"lazy\" decoding=\"async\" width=\"1152\" height=\"678\" src=\"https:\/\/energizer.com\/eu\/sweden\/wp-content\/uploads\/sites\/11\/2024\/05\/btry1.webp\" class=\"attachment-full size-full wp-image-4697\" alt=\"Battery Recycling\" srcset=\"https:\/\/energizer.com\/eu\/sweden\/wp-content\/uploads\/sites\/11\/2024\/05\/btry1.webp 1152w, https:\/\/energizer.com\/eu\/sweden\/wp-content\/uploads\/sites\/11\/2024\/05\/btry1-300x177.webp 300w, https:\/\/energizer.com\/eu\/sweden\/wp-content\/uploads\/sites\/11\/2024\/05\/btry1-1024x603.webp 1024w, https:\/\/energizer.com\/eu\/sweden\/wp-content\/uploads\/sites\/11\/2024\/05\/btry1-768x452.webp 768w, https:\/\/energizer.com\/eu\/sweden\/wp-content\/uploads\/sites\/11\/2024\/05\/btry1-600x353.webp 600w\" sizes=\"(max-width: 1152px) 100vw, 1152px\" \/>\t\t\t\t\t\t\t\t<\/a>\n\t\t\t\t\t\t\t\t\t\t\t\t\t\t\t<\/div>\n\t\t\t\t<\/div>\n\t\t\t\t<div class=\"elementor-element elementor-element-f0f71c0 elementor-widget elementor-widget-heading\" data-id=\"f0f71c0\" data-element_type=\"widget\" data-e-type=\"widget\" data-widget_type=\"heading.default\">\n\t\t\t\t<div class=\"elementor-widget-container\">\n\t\t\t\t\t<h3 class=\"elementor-heading-title elementor-size-default\"><a href=\"https:\/\/recyclewithenergizer.com\/sv\/\" target=\"_blank\" aria-label=\"Ansvarig\">H\u00e5llbarhet<\/a><\/h3>\t\t\t\t<\/div>\n\t\t\t\t<\/div>\n\t\t\t\t<div class=\"elementor-element elementor-element-aaae6f6 elementor-widget elementor-widget-heading\" data-id=\"aaae6f6\" data-element_type=\"widget\" data-e-type=\"widget\" data-widget_type=\"heading.default\">\n\t\t\t\t<div class=\"elementor-widget-container\">\n\t\t\t\t\t<h4 class=\"elementor-heading-title elementor-size-default\"><a href=\"https:\/\/recyclewithenergizer.com\/sv\/\" target=\"_blank\" aria-label=\"Ansvarig\">Vi tror p\u00e5 kraften i \u00e5tervinning.<\/a><\/h4>\t\t\t\t<\/div>\n\t\t\t\t<\/div>\n\t\t\t\t\t<\/div>\n\t\t\t\t<\/div>\n\t\t<div class=\"elementor-element elementor-element-59f05e5 e-transform e-flex e-con-boxed e-con e-child\" data-id=\"59f05e5\" data-element_type=\"container\" data-e-type=\"container\" data-settings=\"{&quot;_transform_scale_effect_hover&quot;:{&quot;unit&quot;:&quot;px&quot;,&quot;size&quot;:0.94999999999999996,&quot;sizes&quot;:[]},&quot;_transform_scale_effect_hover_widescreen&quot;:{&quot;unit&quot;:&quot;px&quot;,&quot;size&quot;:&quot;&quot;,&quot;sizes&quot;:[]},&quot;_transform_scale_effect_hover_laptop&quot;:{&quot;unit&quot;:&quot;px&quot;,&quot;size&quot;:&quot;&quot;,&quot;sizes&quot;:[]},&quot;_transform_scale_effect_hover_tablet_extra&quot;:{&quot;unit&quot;:&quot;px&quot;,&quot;size&quot;:&quot;&quot;,&quot;sizes&quot;:[]},&quot;_transform_scale_effect_hover_tablet&quot;:{&quot;unit&quot;:&quot;px&quot;,&quot;size&quot;:&quot;&quot;,&quot;sizes&quot;:[]},&quot;_transform_scale_effect_hover_mobile_extra&quot;:{&quot;unit&quot;:&quot;px&quot;,&quot;size&quot;:&quot;&quot;,&quot;sizes&quot;:[]},&quot;_transform_scale_effect_hover_mobile&quot;:{&quot;unit&quot;:&quot;px&quot;,&quot;size&quot;:&quot;&quot;,&quot;sizes&quot;:[]}}\">\n\t\t\t\t\t<div class=\"e-con-inner\">\n\t\t\t\t<div class=\"elementor-element elementor-element-3b13789 elementor-widget elementor-widget-image\" data-id=\"3b13789\" data-element_type=\"widget\" data-e-type=\"widget\" data-widget_type=\"image.default\">\n\t\t\t\t<div class=\"elementor-widget-container\">\n\t\t\t\t\t\t\t\t\t\t\t\t\t\t\t\t<a href=\"https:\/\/energizer.com\/eu\/sweden\/responsibility\/preparedness\/\" aria-label=\"Beredskap\">\n\t\t\t\t\t\t\t<img loading=\"lazy\" decoding=\"async\" width=\"1137\" height=\"678\" src=\"https:\/\/energizer.com\/eu\/sweden\/wp-content\/uploads\/sites\/11\/2024\/08\/preparedness-sweden.png\" class=\"attachment-full size-full wp-image-9858\" alt=\"preparedness\" srcset=\"https:\/\/energizer.com\/eu\/sweden\/wp-content\/uploads\/sites\/11\/2024\/08\/preparedness-sweden.png 1137w, https:\/\/energizer.com\/eu\/sweden\/wp-content\/uploads\/sites\/11\/2024\/08\/preparedness-sweden-300x179.png 300w, https:\/\/energizer.com\/eu\/sweden\/wp-content\/uploads\/sites\/11\/2024\/08\/preparedness-sweden-1024x611.png 1024w, https:\/\/energizer.com\/eu\/sweden\/wp-content\/uploads\/sites\/11\/2024\/08\/preparedness-sweden-768x458.png 768w, https:\/\/energizer.com\/eu\/sweden\/wp-content\/uploads\/sites\/11\/2024\/08\/preparedness-sweden-600x358.png 600w\" sizes=\"(max-width: 1137px) 100vw, 1137px\" \/>\t\t\t\t\t\t\t\t<\/a>\n\t\t\t\t\t\t\t\t\t\t\t\t\t\t\t<\/div>\n\t\t\t\t<\/div>\n\t\t\t\t<div class=\"elementor-element elementor-element-3ed120b elementor-widget elementor-widget-heading\" data-id=\"3ed120b\" data-element_type=\"widget\" data-e-type=\"widget\" data-widget_type=\"heading.default\">\n\t\t\t\t<div class=\"elementor-widget-container\">\n\t\t\t\t\t<h3 class=\"elementor-heading-title elementor-size-default\"><a href=\"https:\/\/energizer.com\/eu\/sweden\/responsibility\/preparedness\/\" aria-label=\"Beredskap\">Beredskap<\/a><\/h3>\t\t\t\t<\/div>\n\t\t\t\t<\/div>\n\t\t\t\t<div class=\"elementor-element elementor-element-a0e0e14 elementor-widget elementor-widget-heading\" data-id=\"a0e0e14\" data-element_type=\"widget\" data-e-type=\"widget\" data-widget_type=\"heading.default\">\n\t\t\t\t<div class=\"elementor-widget-container\">\n\t\t\t\t\t<h4 class=\"elementor-heading-title elementor-size-default\"><a href=\"https:\/\/energizer.com\/eu\/sweden\/responsibility\/preparedness\/\" aria-label=\"Beredskap\">Var redo f\u00f6r det of\u00f6rutsedda med hj\u00e4lp av Energizer\u00ae<\/a><\/h4>\t\t\t\t<\/div>\n\t\t\t\t<\/div>\n\t\t\t\t\t<\/div>\n\t\t\t\t<\/div>\n\t\t<div class=\"elementor-element elementor-element-22d1f61 e-transform elementor-hidden-widescreen elementor-hidden-desktop elementor-hidden-laptop elementor-hidden-tablet_extra elementor-hidden-tablet elementor-hidden-mobile_extra elementor-hidden-mobile e-flex e-con-boxed e-con e-child\" data-id=\"22d1f61\" data-element_type=\"container\" data-e-type=\"container\" data-settings=\"{&quot;_transform_scale_effect_hover&quot;:{&quot;unit&quot;:&quot;px&quot;,&quot;size&quot;:0.94999999999999996,&quot;sizes&quot;:[]},&quot;_transform_scale_effect_hover_widescreen&quot;:{&quot;unit&quot;:&quot;px&quot;,&quot;size&quot;:&quot;&quot;,&quot;sizes&quot;:[]},&quot;_transform_scale_effect_hover_laptop&quot;:{&quot;unit&quot;:&quot;px&quot;,&quot;size&quot;:&quot;&quot;,&quot;sizes&quot;:[]},&quot;_transform_scale_effect_hover_tablet_extra&quot;:{&quot;unit&quot;:&quot;px&quot;,&quot;size&quot;:&quot;&quot;,&quot;sizes&quot;:[]},&quot;_transform_scale_effect_hover_tablet&quot;:{&quot;unit&quot;:&quot;px&quot;,&quot;size&quot;:&quot;&quot;,&quot;sizes&quot;:[]},&quot;_transform_scale_effect_hover_mobile_extra&quot;:{&quot;unit&quot;:&quot;px&quot;,&quot;size&quot;:&quot;&quot;,&quot;sizes&quot;:[]},&quot;_transform_scale_effect_hover_mobile&quot;:{&quot;unit&quot;:&quot;px&quot;,&quot;size&quot;:&quot;&quot;,&quot;sizes&quot;:[]}}\">\n\t\t\t\t\t<div class=\"e-con-inner\">\n\t\t\t\t<div class=\"elementor-element elementor-element-0f2f5e8 elementor-widget elementor-widget-image\" data-id=\"0f2f5e8\" data-element_type=\"widget\" data-e-type=\"widget\" data-widget_type=\"image.default\">\n\t\t\t\t<div class=\"elementor-widget-container\">\n\t\t\t\t\t\t\t\t\t\t\t\t\t\t\t\t<a href=\"https:\/\/energizer.com\/eu\/sweden\/responsibility\/change-your-clock-change-your-battery\/\">\n\t\t\t\t\t\t\t<img loading=\"lazy\" decoding=\"async\" width=\"1153\" height=\"678\" src=\"https:\/\/energizer.com\/eu\/sweden\/wp-content\/uploads\/sites\/11\/2024\/05\/bttry9.webp\" class=\"attachment-full size-full wp-image-4704\" alt=\"change your clock\" srcset=\"https:\/\/energizer.com\/eu\/sweden\/wp-content\/uploads\/sites\/11\/2024\/05\/bttry9.webp 1153w, https:\/\/energizer.com\/eu\/sweden\/wp-content\/uploads\/sites\/11\/2024\/05\/bttry9-300x176.webp 300w, https:\/\/energizer.com\/eu\/sweden\/wp-content\/uploads\/sites\/11\/2024\/05\/bttry9-1024x602.webp 1024w, https:\/\/energizer.com\/eu\/sweden\/wp-content\/uploads\/sites\/11\/2024\/05\/bttry9-768x452.webp 768w, https:\/\/energizer.com\/eu\/sweden\/wp-content\/uploads\/sites\/11\/2024\/05\/bttry9-600x353.webp 600w\" sizes=\"(max-width: 1153px) 100vw, 1153px\" \/>\t\t\t\t\t\t\t\t<\/a>\n\t\t\t\t\t\t\t\t\t\t\t\t\t\t\t<\/div>\n\t\t\t\t<\/div>\n\t\t\t\t<div class=\"elementor-element elementor-element-4a7260c elementor-widget elementor-widget-heading\" data-id=\"4a7260c\" data-element_type=\"widget\" data-e-type=\"widget\" data-widget_type=\"heading.default\">\n\t\t\t\t<div class=\"elementor-widget-container\">\n\t\t\t\t\t<h3 class=\"elementor-heading-title elementor-size-default\"><a href=\"https:\/\/energizer.com\/eu\/sweden\/responsibility\/change-your-clock-change-your-battery\/\">Byt din klocka Byt ditt batteri<sup>TM<\/sup><\/a><\/h3>\t\t\t\t<\/div>\n\t\t\t\t<\/div>\n\t\t\t\t<div class=\"elementor-element elementor-element-5e964e3 elementor-widget elementor-widget-heading\" data-id=\"5e964e3\" data-element_type=\"widget\" data-e-type=\"widget\" data-widget_type=\"heading.default\">\n\t\t\t\t<div class=\"elementor-widget-container\">\n\t\t\t\t\t<h4 class=\"elementor-heading-title elementor-size-default\"><a href=\"https:\/\/energizer.com\/eu\/sweden\/responsibility\/change-your-clock-change-your-battery\/\">Energizer\u00ae har \u00e5tagit sig att utbilda dig om s\u00e4kerhet i hemmet<\/a><\/h4>\t\t\t\t<\/div>\n\t\t\t\t<\/div>\n\t\t\t\t\t<\/div>\n\t\t\t\t<\/div>\n\t\t<div class=\"elementor-element elementor-element-4ed3370 e-transform e-flex e-con-boxed e-con e-child\" data-id=\"4ed3370\" data-element_type=\"container\" data-e-type=\"container\" data-settings=\"{&quot;_transform_scale_effect_hover&quot;:{&quot;unit&quot;:&quot;px&quot;,&quot;size&quot;:0.94999999999999996,&quot;sizes&quot;:[]},&quot;_transform_scale_effect_hover_widescreen&quot;:{&quot;unit&quot;:&quot;px&quot;,&quot;size&quot;:&quot;&quot;,&quot;sizes&quot;:[]},&quot;_transform_scale_effect_hover_laptop&quot;:{&quot;unit&quot;:&quot;px&quot;,&quot;size&quot;:&quot;&quot;,&quot;sizes&quot;:[]},&quot;_transform_scale_effect_hover_tablet_extra&quot;:{&quot;unit&quot;:&quot;px&quot;,&quot;size&quot;:&quot;&quot;,&quot;sizes&quot;:[]},&quot;_transform_scale_effect_hover_tablet&quot;:{&quot;unit&quot;:&quot;px&quot;,&quot;size&quot;:&quot;&quot;,&quot;sizes&quot;:[]},&quot;_transform_scale_effect_hover_mobile_extra&quot;:{&quot;unit&quot;:&quot;px&quot;,&quot;size&quot;:&quot;&quot;,&quot;sizes&quot;:[]},&quot;_transform_scale_effect_hover_mobile&quot;:{&quot;unit&quot;:&quot;px&quot;,&quot;size&quot;:&quot;&quot;,&quot;sizes&quot;:[]}}\">\n\t\t\t\t\t<div class=\"e-con-inner\">\n\t\t\t\t<div class=\"elementor-element elementor-element-35186d2 elementor-widget elementor-widget-image\" data-id=\"35186d2\" data-element_type=\"widget\" data-e-type=\"widget\" data-widget_type=\"image.default\">\n\t\t\t\t<div class=\"elementor-widget-container\">\n\t\t\t\t\t\t\t\t\t\t\t\t\t\t\t\t<a href=\"https:\/\/energizer.com\/eu\/sweden\/responsibility\/top-5-ways-to-prepare-for-a-power-outage\/\" aria-label=\"Topp 5 s\u00e4tt att f\u00f6rbereda sig inf\u00f6r ett str\u00f6mavbrott\">\n\t\t\t\t\t\t\t<img loading=\"lazy\" decoding=\"async\" width=\"1137\" height=\"678\" src=\"https:\/\/energizer.com\/eu\/sweden\/wp-content\/uploads\/sites\/11\/2024\/05\/bttry8.webp\" class=\"attachment-full size-full wp-image-4703\" alt=\"preparedness\" srcset=\"https:\/\/energizer.com\/eu\/sweden\/wp-content\/uploads\/sites\/11\/2024\/05\/bttry8.webp 1137w, https:\/\/energizer.com\/eu\/sweden\/wp-content\/uploads\/sites\/11\/2024\/05\/bttry8-300x179.webp 300w, https:\/\/energizer.com\/eu\/sweden\/wp-content\/uploads\/sites\/11\/2024\/05\/bttry8-1024x611.webp 1024w, https:\/\/energizer.com\/eu\/sweden\/wp-content\/uploads\/sites\/11\/2024\/05\/bttry8-768x458.webp 768w, https:\/\/energizer.com\/eu\/sweden\/wp-content\/uploads\/sites\/11\/2024\/05\/bttry8-600x358.webp 600w\" sizes=\"(max-width: 1137px) 100vw, 1137px\" \/>\t\t\t\t\t\t\t\t<\/a>\n\t\t\t\t\t\t\t\t\t\t\t\t\t\t\t<\/div>\n\t\t\t\t<\/div>\n\t\t\t\t<div class=\"elementor-element elementor-element-4c35b66 elementor-widget elementor-widget-heading\" data-id=\"4c35b66\" data-element_type=\"widget\" data-e-type=\"widget\" data-widget_type=\"heading.default\">\n\t\t\t\t<div class=\"elementor-widget-container\">\n\t\t\t\t\t<h3 class=\"elementor-heading-title elementor-size-default\"><a href=\"https:\/\/energizer.com\/eu\/sweden\/responsibility\/top-5-ways-to-prepare-for-a-power-outage\/\" aria-label=\"Topp 5 s\u00e4tt att f\u00f6rbereda sig inf\u00f6r ett str\u00f6mavbrott\">Topp 5 s\u00e4tt att f\u00f6rbereda sig inf\u00f6r ett str\u00f6mavbrott<\/a><\/h3>\t\t\t\t<\/div>\n\t\t\t\t<\/div>\n\t\t\t\t\t<\/div>\n\t\t\t\t<\/div>\n\t\t\t\t<\/div>\n\t\t\t\t\t<\/div>\n\t\t\t\t<\/div>\n\t\t\t\t<\/div>\n\t\t","protected":false},"excerpt":{"rendered":"<p>KnappcellerBatteris\u00e4kerhet En liten f\u00f6r\u00e4ndring f\u00f6r ett s\u00e4krare hem H\u00e5llbarhet Vi tror p\u00e5 kraften i \u00e5tervinning. Beredskap Var redo f\u00f6r det of\u00f6rutsedda med hj\u00e4lp av Energizer\u00ae Byt din klocka Byt ditt batteriTM Energizer\u00ae har \u00e5tagit sig att utbilda dig om s\u00e4kerhet i hemmet Topp 5 s\u00e4tt att f\u00f6rbereda sig inf\u00f6r ett str\u00f6mavbrott<\/p>\n","protected":false},"author":1,"featured_media":0,"parent":0,"menu_order":0,"comment_status":"closed","ping_status":"closed","template":"elementor_header_footer","meta":{"_acf_changed":false,"footnotes":""},"class_list":["post-4680","page","type-page","status-publish","hentry"],"acf":[],"_links":{"self":[{"href":"https:\/\/energizer.com\/eu\/sweden\/wp-json\/wp\/v2\/pages\/4680","targetHints":{"allow":["GET"]}}],"collection":[{"href":"https:\/\/energizer.com\/eu\/sweden\/wp-json\/wp\/v2\/pages"}],"about":[{"href":"https:\/\/energizer.com\/eu\/sweden\/wp-json\/wp\/v2\/types\/page"}],"author":[{"embeddable":true,"href":"https:\/\/energizer.com\/eu\/sweden\/wp-json\/wp\/v2\/users\/1"}],"replies":[{"embeddable":true,"href":"https:\/\/energizer.com\/eu\/sweden\/wp-json\/wp\/v2\/comments?post=4680"}],"version-history":[{"count":127,"href":"https:\/\/energizer.com\/eu\/sweden\/wp-json\/wp\/v2\/pages\/4680\/revisions"}],"predecessor-version":[{"id":10421,"href":"https:\/\/energizer.com\/eu\/sweden\/wp-json\/wp\/v2\/pages\/4680\/revisions\/10421"}],"wp:attachment":[{"href":"https:\/\/energizer.com\/eu\/sweden\/wp-json\/wp\/v2\/media?parent=4680"}],"curies":[{"name":"wp","href":"https:\/\/api.w.org\/{rel}","templated":true}]}}