{"id":3360,"date":"2024-05-13T07:45:25","date_gmt":"2024-05-13T07:45:25","guid":{"rendered":"http:\/\/64.91.246.76\/~energizer\/?post_type=product&#038;p=3360"},"modified":"2024-11-06T10:55:50","modified_gmt":"2024-11-06T10:55:50","slug":"energizer-max-aaa","status":"publish","type":"product","link":"https:\/\/energizer.com\/eu\/sweden\/product\/energizer-max-aaa\/","title":{"rendered":"ENERGIZER\u00ae MAX &#8211; AAA"},"content":{"rendered":"<ul>\n<li>Energizer Max AAA-batterier, alkaliska<\/li>\n<li>L\u00e5nglivad: Upp till 100 % l\u00e4ngre livsl\u00e4ngd AAA j\u00e4mf\u00f6rt med IEC 2015 standard minimi genomsnittlig varaktighet i leksaker<\/li>\n<li>Trusted Power: Energizer alkaliska batterier f\u00f6r dina mest efterfr\u00e5gade v\u00e4sentligheter, som klockor, ficklampor, tr\u00e5dl\u00f6sa m\u00f6ss och kontroller<\/li>\n<li>L\u00e4ckageskydd: L\u00e4ckagebest\u00e4ndig konstruktion skyddar dina enheter mot l\u00e4ckor; t\u00e4cks av Energizer No Leak Guarantee<\/li>\n<li>Inkluderar \u00e5tervunnet material: *St\u00e5l upp till 10 % \u00e5tervunnet. Endast AA\/AAA. Specialm\u00e4rkta paket<\/li>\n<li>P\u00e5litlig: Varje Energizer alkaliskt AAA-batteri bevarar kraften i upp till 10 \u00e5r vid f\u00f6rvaring, s\u00e5 de \u00e4r redo n\u00e4r du beh\u00f6ver dem<\/li>\n<li>Energizer Innovation: Fr\u00e5n tillverkarna av AA-batteriet med v\u00e4rldens l\u00e4ngsta livsl\u00e4ngd, Energizer Ultimate Lithium<\/li>\n<li>100 % \u00e5tervinningsbar f\u00f6rpackning: Energizer-f\u00f6rpackningen \u00e4r 100 % \u00e5tervinningsbar, st\u00f6der ansvarsfullt skogsbruk och \u00e4r plastfri, exklusive f\u00f6rsegling p\u00e5 utvalda f\u00f6rpackningar<\/li>\n<\/ul>\n","protected":false},"excerpt":{"rendered":"<p>F\u00e5 ut det mesta av dina viktiga enheter med den p\u00e5litliga, l\u00e5nglivade kraften du kan f\u00f6rv\u00e4nta dig av Energizer-batterier. F\u00f6rvara AAA-batterier f\u00f6r kameror, samt AAA alkaliska batterier f\u00f6r lampor, fj\u00e4rrkontroller och klockor. Detta paket \u00e4r ocks\u00e5 ett utm\u00e4rkt val om du beh\u00f6ver LED-ljusbatterier. Energizer Max AAA-batterier bevarar kraften i upp till 10 \u00e5r vid f\u00f6rvaring och deras l\u00e4ckages\u00e4kra konstruktion skyddar dina enheter mot l\u00e4ckor. Med Energizer \u00e4r kraften redo n\u00e4r du \u00e4r. Energizer Max-serien inkluderar \u00e4ven alkaliska AA-batterier, C-, D- och 9V-batterier, s\u00e5 det \u00e4r l\u00e4tt att hitta p\u00e5litlig kraft i den storlek du beh\u00f6ver.<\/p>\n","protected":false},"featured_media":0,"comment_status":"open","ping_status":"closed","template":"","meta":{"_acf_changed":false},"product_brand":[],"product_cat":[26],"product_tag":[],"class_list":{"0":"post-3360","1":"product","2":"type-product","3":"status-publish","5":"product_cat-energizer-max","7":"first","8":"instock","9":"shipping-taxable","10":"product-type-simple"},"acf":[],"_links":{"self":[{"href":"https:\/\/energizer.com\/eu\/sweden\/wp-json\/wp\/v2\/product\/3360","targetHints":{"allow":["GET"]}}],"collection":[{"href":"https:\/\/energizer.com\/eu\/sweden\/wp-json\/wp\/v2\/product"}],"about":[{"href":"https:\/\/energizer.com\/eu\/sweden\/wp-json\/wp\/v2\/types\/product"}],"replies":[{"embeddable":true,"href":"https:\/\/energizer.com\/eu\/sweden\/wp-json\/wp\/v2\/comments?post=3360"}],"version-history":[{"count":15,"href":"https:\/\/energizer.com\/eu\/sweden\/wp-json\/wp\/v2\/product\/3360\/revisions"}],"predecessor-version":[{"id":10161,"href":"https:\/\/energizer.com\/eu\/sweden\/wp-json\/wp\/v2\/product\/3360\/revisions\/10161"}],"wp:attachment":[{"href":"https:\/\/energizer.com\/eu\/sweden\/wp-json\/wp\/v2\/media?parent=3360"}],"wp:term":[{"taxonomy":"product_brand","embeddable":true,"href":"https:\/\/energizer.com\/eu\/sweden\/wp-json\/wp\/v2\/product_brand?post=3360"},{"taxonomy":"product_cat","embeddable":true,"href":"https:\/\/energizer.com\/eu\/sweden\/wp-json\/wp\/v2\/product_cat?post=3360"},{"taxonomy":"product_tag","embeddable":true,"href":"https:\/\/energizer.com\/eu\/sweden\/wp-json\/wp\/v2\/product_tag?post=3360"}],"curies":[{"name":"wp","href":"https:\/\/api.w.org\/{rel}","templated":true}]}}