{"id":3365,"date":"2024-05-13T06:39:35","date_gmt":"2024-05-13T06:39:35","guid":{"rendered":"http:\/\/64.91.246.76\/~energizer\/?post_type=product&#038;p=3365"},"modified":"2024-11-07T05:11:25","modified_gmt":"2024-11-07T05:11:25","slug":"energizer-ultimate-lithium-aaa","status":"publish","type":"product","link":"https:\/\/energizer.com\/eu\/sweden\/product\/energizer-ultimate-lithium-aaa\/","title":{"rendered":"ENERGIZER\u00ae ULTIMATE LITHIUM &#8211; AAA"},"content":{"rendered":"<ul>\n<li>4-pack Energizer Ultimate Lithium AAA-batterier<\/li>\n<li>V\u00e4rldens l\u00e4ngsta livsl\u00e4ngd: Ingenting h\u00e5ller l\u00e4ngre \u00e4n Energizer AAA litiumbatterier i h\u00f6gteknologiska enheter<\/li>\n<li>Trusted Power: Litiumbatterier f\u00f6r smarta hemenheter, utomhus\u00f6vervakningssystem, digitalkameror, klockor, ficklampor och mer av dina vardagliga saker<\/li>\n<li>L\u00e4ckskydd: Batterierna \u00e4r garanterat l\u00e4cks\u00e4kra, baserat p\u00e5 standardanv\u00e4ndning<\/li>\n<li>P\u00e5litlig: Dessa litium AAA-batterier och klarar extrema temperaturer, fr\u00e5n -40\u00b0C till 60\u00b0C, f\u00f6r anv\u00e4ndning inomhus och utomhus \u00e5ret runt.<\/li>\n<li>100 % \u00e5tervinningsbara f\u00f6rpackningar: Energizer-f\u00f6rpackningar \u00e4r 100 % \u00e5tervinningsbara, st\u00f6djer ansvarsfullt skogsbruk och \u00e4r plastfria, exklusive t\u00e4tningar p\u00e5 utvalda st\u00f6rre f\u00f6rpackningar<\/li>\n<li>Inkluderar \u00e5tervunnet material *St\u00e5l upp till 10 % \u00e5tervunnet. Endast AA\/AAA. Specialm\u00e4rkta paket<\/li>\n<\/ul>\n","protected":false},"excerpt":{"rendered":"<p>F\u00e5 ut det mesta av dina h\u00f6gteknologiska enheter med den p\u00e5litliga kraften fr\u00e5n AAA-batteriet med v\u00e4rldens l\u00e4ngsta livsl\u00e4ngd i h\u00f6gteknologiska enheter \u2013 Energizer Ultimate Lithium AAA. Fyll p\u00e5 Energizer AAA litiumbatterier f\u00f6r lampor, smarta hemenheter och \u00f6vervakningssystem, samt batterier f\u00f6r kameror. Lithium Energizer AAA-batterier bevarar kraften i upp till 25 \u00e5r vid f\u00f6rvaring, s\u00e5 de \u00e4r alltid redo n\u00e4r du \u00e4r. Varje batteri \u00e4r garanterat l\u00e4ckages\u00e4kert, baserat p\u00e5 standardanv\u00e4ndning. Och Energizer Ultimate Lithium batterier fungerar i extrema temperaturer \u2013 fr\u00e5n -40 \u00b0C till 60 \u00b0C \u2013 f\u00f6r kraft n\u00e4r du beh\u00f6ver den som mest. Energizer Ultimate Lithium-serien inkluderar \u00e4ven AA-batterier och 9V-batterier, s\u00e5 det \u00e4r l\u00e4tt att hitta p\u00e5litlig kraft i den storlek du beh\u00f6ver. F\u00f6r uppladdningsbara batterier, s\u00f6k efter Energizer Recharge \u2013 perfekt f\u00f6r ofta anv\u00e4nda enheter. Sedan Energizer skapade v\u00e4rldens ursprungliga konsumentbatteri 1896, har Energizer tagit ledningen inom industriinnovation med en stolt historia av nyb\u00f6rjare, inklusive v\u00e4rldens f\u00f6rsta AA-litiumbatteri. Varum\u00e4rket f\u00f6r detta fram\u00e5tt\u00e4nkande \u00e4ven till milj\u00f6initiativ, utvecklade det f\u00f6rsta uppladdningsbara batterisystemet n\u00e5gonsin 1958 och introducerade det f\u00f6rsta nolltillsatta kvicksilverbatteriet 1989. Energizer Recharge-batterier var ocks\u00e5 de f\u00f6rsta uppladdningsbara som inneh\u00f6ll \u00e5tervunna batterier. F\u00f6retaget samarbetar med organisationer som uppmuntrar, informerar och ger konsumenter m\u00f6jlighet att \u00e5tervinna icke-uppladdningsbara batterier, s\u00e5v\u00e4l som batterif\u00f6rpackningar. Beror p\u00e5 kraften hos Energizer-batterier.<\/p>\n","protected":false},"featured_media":0,"comment_status":"open","ping_status":"closed","template":"","meta":{"_acf_changed":false},"product_brand":[],"product_cat":[30],"product_tag":[],"class_list":{"0":"post-3365","1":"product","2":"type-product","3":"status-publish","5":"product_cat-energizer-ultimate-lithium","7":"first","8":"instock","9":"shipping-taxable","10":"product-type-simple"},"acf":[],"_links":{"self":[{"href":"https:\/\/energizer.com\/eu\/sweden\/wp-json\/wp\/v2\/product\/3365","targetHints":{"allow":["GET"]}}],"collection":[{"href":"https:\/\/energizer.com\/eu\/sweden\/wp-json\/wp\/v2\/product"}],"about":[{"href":"https:\/\/energizer.com\/eu\/sweden\/wp-json\/wp\/v2\/types\/product"}],"replies":[{"embeddable":true,"href":"https:\/\/energizer.com\/eu\/sweden\/wp-json\/wp\/v2\/comments?post=3365"}],"version-history":[{"count":14,"href":"https:\/\/energizer.com\/eu\/sweden\/wp-json\/wp\/v2\/product\/3365\/revisions"}],"predecessor-version":[{"id":10195,"href":"https:\/\/energizer.com\/eu\/sweden\/wp-json\/wp\/v2\/product\/3365\/revisions\/10195"}],"wp:attachment":[{"href":"https:\/\/energizer.com\/eu\/sweden\/wp-json\/wp\/v2\/media?parent=3365"}],"wp:term":[{"taxonomy":"product_brand","embeddable":true,"href":"https:\/\/energizer.com\/eu\/sweden\/wp-json\/wp\/v2\/product_brand?post=3365"},{"taxonomy":"product_cat","embeddable":true,"href":"https:\/\/energizer.com\/eu\/sweden\/wp-json\/wp\/v2\/product_cat?post=3365"},{"taxonomy":"product_tag","embeddable":true,"href":"https:\/\/energizer.com\/eu\/sweden\/wp-json\/wp\/v2\/product_tag?post=3365"}],"curies":[{"name":"wp","href":"https:\/\/api.w.org\/{rel}","templated":true}]}}