{"id":3411,"date":"2024-05-13T07:31:53","date_gmt":"2024-05-13T07:31:53","guid":{"rendered":"http:\/\/64.91.246.76\/~energizer\/?post_type=product&#038;p=3411"},"modified":"2024-11-06T12:27:49","modified_gmt":"2024-11-06T12:27:49","slug":"energizer-max-plus-d","status":"publish","type":"product","link":"https:\/\/energizer.com\/eu\/sweden\/product\/energizer-max-plus-d\/","title":{"rendered":"ENERGIZER\u00ae MAX PLUS \u2122 &#8211; D"},"content":{"rendered":"<ul>\n<li>Energizer Max Plus D batterier, alkaliska<\/li>\n<li>L\u00e5nglivad: P\u00e5litlig kraft f\u00f6r att h\u00e5lla dina enheter ig\u00e5ng<\/li>\n<li>Trusted Power: Energizer-batterier f\u00f6r dina mest efterfr\u00e5gade v\u00e4sentligheter, som leksaker, radioapparater, ficklampor och mer<\/li>\n<li>P\u00e5litlig: Dessa Energizer D alkaliska batterier bevarar kraften i upp till 10 \u00e5r vid f\u00f6rvaring, s\u00e5 de \u00e4r redo n\u00e4r du beh\u00f6ver dem<\/li>\n<li>Energizer Innovation: Fr\u00e5n tillverkarna av AA-batteriet med v\u00e4rldens l\u00e4ngsta livsl\u00e4ngd, Energizer Ultimate Lithium<\/li>\n<li>100 % \u00e5tervinningsbar f\u00f6rpackning: Energizer-f\u00f6rpackningen \u00e4r 100 % \u00e5tervinningsbar, st\u00f6der ansvarsfullt skogsbruk och \u00e4r plastfri, exklusive f\u00f6rsegling p\u00e5 utvalda f\u00f6rpackningar<\/li>\n<\/ul>\n","protected":false},"excerpt":{"rendered":"<p>F\u00e5 ut det mesta av dina viktiga enheter med den p\u00e5litliga, l\u00e5nglivade kraften du kan f\u00f6rv\u00e4nta dig av Energizers alkaliska batterier. Fyll p\u00e5 batterier f\u00f6r ficklampor och fj\u00e4rrkontroller, samt batterier f\u00f6r lampor, b\u00e4rbara radioapparater, leksaker och mer. Energizer Max Plus D-batterier bevarar kraften i upp till 10 \u00e5r vid f\u00f6rvaring. Energizer Max Plus-serien inkluderar \u00e4ven AA-batterier, AAA-, C- och 9V-batterier, s\u00e5 det \u00e4r l\u00e4tt att hitta p\u00e5litlig kraft i den storlek du beh\u00f6ver.<\/p>\n","protected":false},"featured_media":0,"comment_status":"open","ping_status":"closed","template":"","meta":{"_acf_changed":false},"product_brand":[],"product_cat":[87],"product_tag":[],"class_list":{"0":"post-3411","1":"product","2":"type-product","3":"status-publish","5":"product_cat-energizer-max-plus","7":"first","8":"instock","9":"shipping-taxable","10":"product-type-simple"},"acf":[],"_links":{"self":[{"href":"https:\/\/energizer.com\/eu\/sweden\/wp-json\/wp\/v2\/product\/3411","targetHints":{"allow":["GET"]}}],"collection":[{"href":"https:\/\/energizer.com\/eu\/sweden\/wp-json\/wp\/v2\/product"}],"about":[{"href":"https:\/\/energizer.com\/eu\/sweden\/wp-json\/wp\/v2\/types\/product"}],"replies":[{"embeddable":true,"href":"https:\/\/energizer.com\/eu\/sweden\/wp-json\/wp\/v2\/comments?post=3411"}],"version-history":[{"count":16,"href":"https:\/\/energizer.com\/eu\/sweden\/wp-json\/wp\/v2\/product\/3411\/revisions"}],"predecessor-version":[{"id":10174,"href":"https:\/\/energizer.com\/eu\/sweden\/wp-json\/wp\/v2\/product\/3411\/revisions\/10174"}],"wp:attachment":[{"href":"https:\/\/energizer.com\/eu\/sweden\/wp-json\/wp\/v2\/media?parent=3411"}],"wp:term":[{"taxonomy":"product_brand","embeddable":true,"href":"https:\/\/energizer.com\/eu\/sweden\/wp-json\/wp\/v2\/product_brand?post=3411"},{"taxonomy":"product_cat","embeddable":true,"href":"https:\/\/energizer.com\/eu\/sweden\/wp-json\/wp\/v2\/product_cat?post=3411"},{"taxonomy":"product_tag","embeddable":true,"href":"https:\/\/energizer.com\/eu\/sweden\/wp-json\/wp\/v2\/product_tag?post=3411"}],"curies":[{"name":"wp","href":"https:\/\/api.w.org\/{rel}","templated":true}]}}