{"id":3420,"date":"2024-05-13T07:42:15","date_gmt":"2024-05-13T07:42:15","guid":{"rendered":"http:\/\/64.91.246.76\/~energizer\/?post_type=product&#038;p=3420"},"modified":"2024-11-06T10:31:00","modified_gmt":"2024-11-06T10:31:00","slug":"energizer-max-9v","status":"publish","type":"product","link":"https:\/\/energizer.com\/eu\/sweden\/product\/energizer-max-9v\/","title":{"rendered":"ENERGIZER\u00ae MAX &#8211; 9V"},"content":{"rendered":"<ul>\n<li>Energizer Max 9V batterier, alkaliska<\/li>\n<li>L\u00e5nglivad: P\u00e5litlig kraft f\u00f6r att h\u00e5lla dina enheter ig\u00e5ng<\/li>\n<li>Trusted Power: Energizer-batterier f\u00f6r dina mest efterfr\u00e5gade v\u00e4sentligheter, som r\u00f6kdetektorer, fj\u00e4rrkontroller, leksaker och d\u00f6rrklockor<\/li>\n<li>P\u00e5litlig: Varje 9V alkaliskt batteri bevarar kraften i upp till 5 \u00e5r vid f\u00f6rvaring, s\u00e5 de \u00e4r redo n\u00e4r du beh\u00f6ver dem<\/li>\n<li>Energizer Innovation: Fr\u00e5n tillverkarna av AA-batteriet med v\u00e4rldens l\u00e4ngsta livsl\u00e4ngd, Energizer Ultimate Lithium<\/li>\n<\/ul>\n","protected":false},"excerpt":{"rendered":"<p>F\u00e5 ut det mesta av dina viktiga enheter med den p\u00e5litliga, l\u00e5nglivade kraften du kan f\u00f6rv\u00e4nta dig av Energizers alkaliska batterier. Fyll p\u00e5 med batterier f\u00f6r brandvarnare och rakapparater, samt batterier f\u00f6r d\u00f6rrklockor. Detta paket \u00e4r ocks\u00e5 ett utm\u00e4rkt val om du beh\u00f6ver ett p\u00e5litligt ficklampsbatteri. Varje Energizer 9V-batteri bevarar kraften i upp till 5 \u00e5r vid f\u00f6rvaring. Med Energizer \u00e4r kraften redo n\u00e4r du \u00e4r. Energizer Max-serien inkluderar \u00e4ven AA-batterier, AAA-, C- och D-batterier, s\u00e5 det \u00e4r l\u00e4tt att hitta p\u00e5litlig kraft i den storlek du beh\u00f6ver.<\/p>\n","protected":false},"featured_media":0,"comment_status":"open","ping_status":"closed","template":"","meta":{"_acf_changed":false},"product_brand":[],"product_cat":[26],"product_tag":[],"class_list":{"0":"post-3420","1":"product","2":"type-product","3":"status-publish","5":"product_cat-energizer-max","7":"first","8":"instock","9":"shipping-taxable","10":"product-type-simple"},"acf":[],"_links":{"self":[{"href":"https:\/\/energizer.com\/eu\/sweden\/wp-json\/wp\/v2\/product\/3420","targetHints":{"allow":["GET"]}}],"collection":[{"href":"https:\/\/energizer.com\/eu\/sweden\/wp-json\/wp\/v2\/product"}],"about":[{"href":"https:\/\/energizer.com\/eu\/sweden\/wp-json\/wp\/v2\/types\/product"}],"replies":[{"embeddable":true,"href":"https:\/\/energizer.com\/eu\/sweden\/wp-json\/wp\/v2\/comments?post=3420"}],"version-history":[{"count":14,"href":"https:\/\/energizer.com\/eu\/sweden\/wp-json\/wp\/v2\/product\/3420\/revisions"}],"predecessor-version":[{"id":10157,"href":"https:\/\/energizer.com\/eu\/sweden\/wp-json\/wp\/v2\/product\/3420\/revisions\/10157"}],"wp:attachment":[{"href":"https:\/\/energizer.com\/eu\/sweden\/wp-json\/wp\/v2\/media?parent=3420"}],"wp:term":[{"taxonomy":"product_brand","embeddable":true,"href":"https:\/\/energizer.com\/eu\/sweden\/wp-json\/wp\/v2\/product_brand?post=3420"},{"taxonomy":"product_cat","embeddable":true,"href":"https:\/\/energizer.com\/eu\/sweden\/wp-json\/wp\/v2\/product_cat?post=3420"},{"taxonomy":"product_tag","embeddable":true,"href":"https:\/\/energizer.com\/eu\/sweden\/wp-json\/wp\/v2\/product_tag?post=3420"}],"curies":[{"name":"wp","href":"https:\/\/api.w.org\/{rel}","templated":true}]}}