{"id":3424,"date":"2024-05-13T08:18:10","date_gmt":"2024-05-13T08:18:10","guid":{"rendered":"http:\/\/64.91.246.76\/~energizer\/?post_type=product&#038;p=3424"},"modified":"2024-11-06T08:02:46","modified_gmt":"2024-11-06T08:02:46","slug":"energizer-alkaline-power-aaa","status":"publish","type":"product","link":"https:\/\/energizer.com\/eu\/sweden\/product\/energizer-alkaline-power-aaa\/","title":{"rendered":"ENERGIZER\u00ae ALKALINE POWER &#8211; AAA"},"content":{"rendered":"<ul>\n<li>Energizer Alkaline Power AAA-batterier<\/li>\n<li>L\u00e5nglivad: P\u00e5litlig kraft f\u00f6r att h\u00e5lla dina enheter ig\u00e5ng<\/li>\n<li>Trusted Power: Energizer alkaliska batterier f\u00f6r dina mest efterfr\u00e5gade vardagliga saker, som klockor, ficklampor, lampor och kontroller<\/li>\n<li>P\u00e5litlig: Varje Energizer alkaliska AAA-batteri bevarar kraften i upp till 7 \u00e5r vid f\u00f6rvaring, s\u00e5 de \u00e4r redo n\u00e4r du beh\u00f6ver dem<\/li>\n<li>Energizer Innovation: Fr\u00e5n tillverkarna av AA-batteriet med v\u00e4rldens l\u00e4ngsta livsl\u00e4ngd, Energizer Ultimate Lithium<\/li>\n<li>100 % \u00e5tervinningsbar f\u00f6rpackning: Energizer-f\u00f6rpackningen \u00e4r 100 % \u00e5tervinningsbar, st\u00f6der ansvarsfullt skogsbruk och \u00e4r plastfri, exklusive f\u00f6rsegling p\u00e5 utvalda f\u00f6rpackningar<\/li>\n<li>Inkluderar \u00e5tervunnet material: *St\u00e5l upp till 10 % \u00e5tervunnet. Endast AA\/AAA. Specialm\u00e4rkta paket<\/li>\n<\/ul>\n","protected":false},"excerpt":{"rendered":"<p>F\u00e5 ut det mesta av dina viktiga enheter med den p\u00e5litliga l\u00e5nglivade kraften du kan f\u00f6rv\u00e4nta dig av Energizer-batterier. Fyll p\u00e5 AAA-spelkontrollbatterier och batterier f\u00f6r kameror, samt Energizer AAA alkaliska batterier f\u00f6r lampor, fj\u00e4rrkontroller, klockor och leksaker. Varje Energizer Alkaline Power AAA-batteribevarar kraften i upp till 7 \u00e5r vid f\u00f6rvaring. Med Energizer \u00e4r kraften redo n\u00e4r du \u00e4r. Energizer Alkaline Power-serien inkluderar \u00e4ven AA-, C-, D- och 9V batterier, s\u00e5 det \u00e4r l\u00e4tt att hitta p\u00e5litlig kraft i den storlek du beh\u00f6ver.<\/p>\n","protected":false},"featured_media":0,"comment_status":"open","ping_status":"closed","template":"","meta":{"_acf_changed":false},"product_brand":[],"product_cat":[57],"product_tag":[],"class_list":{"0":"post-3424","1":"product","2":"type-product","3":"status-publish","5":"product_cat-alkaline-power","7":"first","8":"instock","9":"shipping-taxable","10":"product-type-simple"},"acf":[],"_links":{"self":[{"href":"https:\/\/energizer.com\/eu\/sweden\/wp-json\/wp\/v2\/product\/3424","targetHints":{"allow":["GET"]}}],"collection":[{"href":"https:\/\/energizer.com\/eu\/sweden\/wp-json\/wp\/v2\/product"}],"about":[{"href":"https:\/\/energizer.com\/eu\/sweden\/wp-json\/wp\/v2\/types\/product"}],"replies":[{"embeddable":true,"href":"https:\/\/energizer.com\/eu\/sweden\/wp-json\/wp\/v2\/comments?post=3424"}],"version-history":[{"count":13,"href":"https:\/\/energizer.com\/eu\/sweden\/wp-json\/wp\/v2\/product\/3424\/revisions"}],"predecessor-version":[{"id":10147,"href":"https:\/\/energizer.com\/eu\/sweden\/wp-json\/wp\/v2\/product\/3424\/revisions\/10147"}],"wp:attachment":[{"href":"https:\/\/energizer.com\/eu\/sweden\/wp-json\/wp\/v2\/media?parent=3424"}],"wp:term":[{"taxonomy":"product_brand","embeddable":true,"href":"https:\/\/energizer.com\/eu\/sweden\/wp-json\/wp\/v2\/product_brand?post=3424"},{"taxonomy":"product_cat","embeddable":true,"href":"https:\/\/energizer.com\/eu\/sweden\/wp-json\/wp\/v2\/product_cat?post=3424"},{"taxonomy":"product_tag","embeddable":true,"href":"https:\/\/energizer.com\/eu\/sweden\/wp-json\/wp\/v2\/product_tag?post=3424"}],"curies":[{"name":"wp","href":"https:\/\/api.w.org\/{rel}","templated":true}]}}