{"id":3428,"date":"2024-05-13T07:51:51","date_gmt":"2024-05-13T07:51:51","guid":{"rendered":"http:\/\/64.91.246.76\/~energizer\/?post_type=product&#038;p=3428"},"modified":"2024-11-07T05:06:38","modified_gmt":"2024-11-07T05:06:38","slug":"energizer-ultimate-lithium-aa","status":"publish","type":"product","link":"https:\/\/energizer.com\/eu\/sweden\/product\/energizer-ultimate-lithium-aa\/","title":{"rendered":"ENERGIZER\u00ae ULTIMATE LITHIUM &#8211; AA"},"content":{"rendered":"<ul>\n<li>4-pack Energizer Ultimate Lithium AA-batterier<\/li>\n<li>V\u00e4rldens l\u00e4ngsta livsl\u00e4ngd: Ingenting h\u00e5ller l\u00e4ngre \u00e4n Energizer litium AA-batterier<\/li>\n<li>P\u00e5litlig kraft: Litium dubbla AA-batterier f\u00f6r smarta hemenheter, klockor, fj\u00e4rrkontroller, ficklampor, digitalkameror och mer av dina vardagliga saker<\/li>\n<li>L\u00e4ckskydd: Batterierna \u00e4r garanterat l\u00e4cks\u00e4kra, baserat p\u00e5 standardanv\u00e4ndning<\/li>\n<li>P\u00e5litlig: Varje litium AA-batteri bevarar kraften i upp till 25 \u00e5r vid f\u00f6rvaring och klarar extrema temperaturer, fr\u00e5n -40\u00b0C till 60\u00b0C, f\u00f6r anv\u00e4ndning \u00e5ret runt inomhus och utomhus<\/li>\n<li>100 % \u00e5tervinningsbara f\u00f6rpackningar: Energizer-f\u00f6rpackningar \u00e4r 100 % \u00e5tervinningsbara, st\u00f6djer ansvarsfullt skogsbruk och \u00e4r plastfria, exklusive t\u00e4tningar p\u00e5 utvalda st\u00f6rre f\u00f6rpackningar<\/li>\n<li>Inkluderar \u00e5tervunnet material *St\u00e5l upp till 10 % \u00e5tervunnet. Endast AA\/AAA. Specialm\u00e4rkta paket<\/li>\n<\/ul>\n","protected":false},"excerpt":{"rendered":"<p>F\u00e5 ut det mesta av dina h\u00f6gteknologiska enheter med den p\u00e5litliga kraften fr\u00e5n AA-batteriet med v\u00e4rldens l\u00e4ngsta livsl\u00e4ngd \u2013 Energizer Ultimate Lithium AA. Fyll p\u00e5 AA-litiumbatterier f\u00f6r lampor, smarta hemenheter och \u00f6vervakningssystem, samt batterier f\u00f6r kameror, klockor och fj\u00e4rrkontroller. Detta AA-batteripaket \u00e4r ocks\u00e5 ett utm\u00e4rkt val om du beh\u00f6ver l\u00e5nglivade batterier f\u00f6r d\u00f6rrklockor. Energizer Ultimate Lithium AA-batterier bevarar kraften i upp till 25 \u00e5r vid f\u00f6rvaring, s\u00e5 de \u00e4r redo n\u00e4r du \u00e4r det. Varje batteri \u00e4r garanterat l\u00e4ckages\u00e4kert, baserat p\u00e5 standardanv\u00e4ndning. Och dessa Energizer AA-batterier fungerar i extrema temperaturer \u2013 fr\u00e5n -40 \u00b0C till 60 \u00b0C \u2013 f\u00f6r kraft n\u00e4r du beh\u00f6ver den som mest. Energizer Ultimate Lithium-serien inkluderar \u00e4ven AAA-batterier och 9V-batterier, s\u00e5 det \u00e4r l\u00e4tt att hitta p\u00e5litlig kraft i den storlek du beh\u00f6ver. F\u00f6r uppladdningsbara batterier, s\u00f6k efter Energizer Recharge \u2013 perfekt f\u00f6r ofta anv\u00e4nda enheter. Energizer f\u00f6rst\u00e5r hur viktigt det \u00e4r att ta hand om v\u00e5r planet och dess gr\u00f6nomr\u00e5den. Det \u00e4r d\u00e4rf\u00f6r dessa batterier s\u00e4ljs i 100 % \u00e5tervinningsbara, plastfria f\u00f6rpackningar* som st\u00f6djer ansvarsfullt skogsbruk. Observera att Energizer-batteripaketet du f\u00e5r kan skilja sig fr\u00e5n den visade f\u00f6rpackningen, beroende p\u00e5 detaljhandelns lager. Tack f\u00f6r ditt t\u00e5lamod n\u00e4r vi g\u00e5r \u00f6ver till \u00e5tervinningsbara f\u00f6rpackningar. *Exklusive t\u00e4tningar p\u00e5 utvalda f\u00f6rpackningar.<\/p>\n","protected":false},"featured_media":0,"comment_status":"open","ping_status":"closed","template":"","meta":{"_acf_changed":false},"product_brand":[],"product_cat":[30],"product_tag":[],"class_list":{"0":"post-3428","1":"product","2":"type-product","3":"status-publish","5":"product_cat-energizer-ultimate-lithium","7":"first","8":"instock","9":"shipping-taxable","10":"product-type-simple"},"acf":[],"_links":{"self":[{"href":"https:\/\/energizer.com\/eu\/sweden\/wp-json\/wp\/v2\/product\/3428","targetHints":{"allow":["GET"]}}],"collection":[{"href":"https:\/\/energizer.com\/eu\/sweden\/wp-json\/wp\/v2\/product"}],"about":[{"href":"https:\/\/energizer.com\/eu\/sweden\/wp-json\/wp\/v2\/types\/product"}],"replies":[{"embeddable":true,"href":"https:\/\/energizer.com\/eu\/sweden\/wp-json\/wp\/v2\/comments?post=3428"}],"version-history":[{"count":13,"href":"https:\/\/energizer.com\/eu\/sweden\/wp-json\/wp\/v2\/product\/3428\/revisions"}],"predecessor-version":[{"id":10193,"href":"https:\/\/energizer.com\/eu\/sweden\/wp-json\/wp\/v2\/product\/3428\/revisions\/10193"}],"wp:attachment":[{"href":"https:\/\/energizer.com\/eu\/sweden\/wp-json\/wp\/v2\/media?parent=3428"}],"wp:term":[{"taxonomy":"product_brand","embeddable":true,"href":"https:\/\/energizer.com\/eu\/sweden\/wp-json\/wp\/v2\/product_brand?post=3428"},{"taxonomy":"product_cat","embeddable":true,"href":"https:\/\/energizer.com\/eu\/sweden\/wp-json\/wp\/v2\/product_cat?post=3428"},{"taxonomy":"product_tag","embeddable":true,"href":"https:\/\/energizer.com\/eu\/sweden\/wp-json\/wp\/v2\/product_tag?post=3428"}],"curies":[{"name":"wp","href":"https:\/\/api.w.org\/{rel}","templated":true}]}}