{"id":4095,"date":"2024-05-15T13:18:37","date_gmt":"2024-05-15T13:18:37","guid":{"rendered":"https:\/\/23b13e8ab3.nxcli.io\/sweden\/?post_type=product&#038;p=4095"},"modified":"2024-11-08T06:20:28","modified_gmt":"2024-11-08T06:20:28","slug":"energizer-hearing-aid-batteries-675","status":"publish","type":"product","link":"https:\/\/energizer.com\/eu\/sweden\/product\/energizer-hearing-aid-batteries-675\/","title":{"rendered":"ENERGIZER\u00ae HEARING AID BATTERIES \u2013 675"},"content":{"rendered":"<ul>\n<li>Energizer 675 batterier f\u00f6r h\u00f6rapparater, bl\u00e5 flik<\/li>\n<li>L\u00e4ngst batteritid: De h\u00e4r 675-batterierna f\u00f6r h\u00f6rapparater har l\u00e4ngst batteritid och \u00e4r l\u00e4mpliga f\u00f6r en m\u00e4ngd olika h\u00f6rapparater<\/li>\n<li>\u00a0Betrodd effekt: Varje till 4 \u00e5r vid f\u00f6rvaring bevarar kraften i upp till 4 \u00e5r vid f\u00f6rvaring, vilket inneb\u00e4r att du alltid kan ha n\u00e5gra hemma<\/li>\n<li>Praktisk: F\u00f6rpackningen skyddar dina zink-luftbatterier och de l\u00e5nga, f\u00e4rgade flikarna g\u00f6r batterierna enkla att hantera<\/li>\n<li>Energizer-innovation: Fr\u00e5n tillverkarna av v\u00e4rldens f\u00f6rsta kommersiellt tillg\u00e4ngliga h\u00f6rapparatsbatteri utan kvicksilver<\/li>\n<\/ul>\n","protected":false},"excerpt":{"rendered":"<p>F\u00e5 ut mesta m\u00f6jliga av din h\u00f6rapparat med hj\u00e4lp av p\u00e5litliga 675-batterier till h\u00f6rapparater fr\u00e5n Energizer. De h\u00e4r Blue Tab 675-batterierna fr\u00e5n Energizer levererar konsekvent ljudkvalitet under hela batteritiden, vilket garanterar en b\u00e4ttre h\u00f6rselupplevelse. Den perforerade batterif\u00f6rpackningen \u00e4r diskret och kan enkelt tas med. Snurra p\u00e5 den dubbelsidiga ratten f\u00f6r att \u00f6ppna f\u00f6rpackningen. Ta ut batteriet och anv\u00e4nd de praktiska l\u00e5nga flikarna f\u00f6r att s\u00e4tta in det i enheten. St\u00e4ng batteriluckan. I Energizers batteriserie f\u00f6r h\u00f6rapparater finns \u00e4ven 13-, 10- och 312-batterier. Det inneb\u00e4r att du erbjuds p\u00e5litlig energi oavsett vilken batteristorlek du beh\u00f6ver.<\/p>\n","protected":false},"featured_media":0,"comment_status":"open","ping_status":"closed","template":"","meta":{"_acf_changed":false},"product_brand":[],"product_cat":[32],"product_tag":[],"class_list":{"0":"post-4095","1":"product","2":"type-product","3":"status-publish","5":"product_cat-hearing-aid","7":"first","8":"instock","9":"shipping-taxable","10":"product-type-simple"},"acf":[],"_links":{"self":[{"href":"https:\/\/energizer.com\/eu\/sweden\/wp-json\/wp\/v2\/product\/4095","targetHints":{"allow":["GET"]}}],"collection":[{"href":"https:\/\/energizer.com\/eu\/sweden\/wp-json\/wp\/v2\/product"}],"about":[{"href":"https:\/\/energizer.com\/eu\/sweden\/wp-json\/wp\/v2\/types\/product"}],"replies":[{"embeddable":true,"href":"https:\/\/energizer.com\/eu\/sweden\/wp-json\/wp\/v2\/comments?post=4095"}],"version-history":[{"count":13,"href":"https:\/\/energizer.com\/eu\/sweden\/wp-json\/wp\/v2\/product\/4095\/revisions"}],"predecessor-version":[{"id":10352,"href":"https:\/\/energizer.com\/eu\/sweden\/wp-json\/wp\/v2\/product\/4095\/revisions\/10352"}],"wp:attachment":[{"href":"https:\/\/energizer.com\/eu\/sweden\/wp-json\/wp\/v2\/media?parent=4095"}],"wp:term":[{"taxonomy":"product_brand","embeddable":true,"href":"https:\/\/energizer.com\/eu\/sweden\/wp-json\/wp\/v2\/product_brand?post=4095"},{"taxonomy":"product_cat","embeddable":true,"href":"https:\/\/energizer.com\/eu\/sweden\/wp-json\/wp\/v2\/product_cat?post=4095"},{"taxonomy":"product_tag","embeddable":true,"href":"https:\/\/energizer.com\/eu\/sweden\/wp-json\/wp\/v2\/product_tag?post=4095"}],"curies":[{"name":"wp","href":"https:\/\/api.w.org\/{rel}","templated":true}]}}