{"id":4101,"date":"2024-05-15T13:23:08","date_gmt":"2024-05-15T13:23:08","guid":{"rendered":"https:\/\/23b13e8ab3.nxcli.io\/sweden\/?post_type=product&#038;p=4101"},"modified":"2024-11-08T06:35:12","modified_gmt":"2024-11-08T06:35:12","slug":"energizer-hearing-aid-batteries-10","status":"publish","type":"product","link":"https:\/\/energizer.com\/eu\/sweden\/product\/energizer-hearing-aid-batteries-10\/","title":{"rendered":"ENERGIZER\u00ae HEARING AID BATTERIES \u2013 10"},"content":{"rendered":"<ul>\n<li>Energizer h\u00f6rapparatbatterier storlek 10, gul flik<\/li>\n<li>L\u00e4ngst batteritid: De h\u00e4r h\u00f6rapparatsbatterierna i storlek 10 fr\u00e5n Energizer har l\u00e4ngst batteritid och passar en m\u00e4ngd olika h\u00f6rapparater<\/li>\n<li>Betrodd effekt: Energizer h\u00f6rapparatbatterier storlek 10 ger upp till 3,5 timmar mer tr\u00e5dl\u00f6s streaming \u00e4n den ledande konkurrenten<\/li>\n<li>\u00a0P\u00e5litlighet: i upp till 4 \u00e5r i lagring bevarar kraften i upp till 4 \u00e5r vid f\u00f6rvaring, s\u00e5 de \u00e4r alltid redo n\u00e4r du beh\u00f6ver dem<\/li>\n<li>Energizer-innovation: Fr\u00e5n tillverkarna av v\u00e4rldens f\u00f6rsta kommersiellt tillg\u00e4ngliga h\u00f6rapparatsbatteri utan kvicksilver<\/li>\n<\/ul>\n","protected":false},"excerpt":{"rendered":"<p>F\u00e5 ut mesta m\u00f6jliga av din h\u00f6rapparat med hj\u00e4lp av p\u00e5litliga h\u00f6rapparatsbatterier i storlek 10 fr\u00e5n Energizer. De h\u00e4r h\u00f6rapparatsbatterierna ger upp till 3,5 timmar l\u00e4ngre tr\u00e5dl\u00f6s str\u00f6mning \u00e4n den st\u00f6rsta konkurrenten. Varje Yellow Tab Energizer-batteri storlek 10 levererar en konsekvent ljudkvalitet under hela batteritiden, vilket garanterar en b\u00e4ttre h\u00f6rselupplevelse. Den perforerade f\u00f6rpackningen till Energizer h\u00f6rapparatbatterier \u00e4r diskret och kan enkelt tas med. Snurra p\u00e5 den dubbelsidiga ratten f\u00f6r att \u00f6ppna f\u00f6rpackningen. Ta ut batteriet och anv\u00e4nd de praktiska l\u00e5nga flikarna f\u00f6r att s\u00e4tta in det i enheten. St\u00e4ng batteriluckan.<\/p>\n","protected":false},"featured_media":0,"comment_status":"open","ping_status":"closed","template":"","meta":{"_acf_changed":false},"product_brand":[],"product_cat":[32],"product_tag":[],"class_list":{"0":"post-4101","1":"product","2":"type-product","3":"status-publish","5":"product_cat-hearing-aid","7":"first","8":"instock","9":"shipping-taxable","10":"product-type-simple"},"acf":[],"_links":{"self":[{"href":"https:\/\/energizer.com\/eu\/sweden\/wp-json\/wp\/v2\/product\/4101","targetHints":{"allow":["GET"]}}],"collection":[{"href":"https:\/\/energizer.com\/eu\/sweden\/wp-json\/wp\/v2\/product"}],"about":[{"href":"https:\/\/energizer.com\/eu\/sweden\/wp-json\/wp\/v2\/types\/product"}],"replies":[{"embeddable":true,"href":"https:\/\/energizer.com\/eu\/sweden\/wp-json\/wp\/v2\/comments?post=4101"}],"version-history":[{"count":12,"href":"https:\/\/energizer.com\/eu\/sweden\/wp-json\/wp\/v2\/product\/4101\/revisions"}],"predecessor-version":[{"id":10354,"href":"https:\/\/energizer.com\/eu\/sweden\/wp-json\/wp\/v2\/product\/4101\/revisions\/10354"}],"wp:attachment":[{"href":"https:\/\/energizer.com\/eu\/sweden\/wp-json\/wp\/v2\/media?parent=4101"}],"wp:term":[{"taxonomy":"product_brand","embeddable":true,"href":"https:\/\/energizer.com\/eu\/sweden\/wp-json\/wp\/v2\/product_brand?post=4101"},{"taxonomy":"product_cat","embeddable":true,"href":"https:\/\/energizer.com\/eu\/sweden\/wp-json\/wp\/v2\/product_cat?post=4101"},{"taxonomy":"product_tag","embeddable":true,"href":"https:\/\/energizer.com\/eu\/sweden\/wp-json\/wp\/v2\/product_tag?post=4101"}],"curies":[{"name":"wp","href":"https:\/\/api.w.org\/{rel}","templated":true}]}}