{"id":4174,"date":"2024-05-16T06:36:04","date_gmt":"2024-05-16T06:36:04","guid":{"rendered":"https:\/\/23b13e8ab3.nxcli.io\/sweden\/?post_type=product&#038;p=4174"},"modified":"2024-11-08T07:09:31","modified_gmt":"2024-11-08T07:09:31","slug":"energizer-electronic-batteries-cr1216","status":"publish","type":"product","link":"https:\/\/energizer.com\/eu\/sweden\/product\/energizer-electronic-batteries-cr1216\/","title":{"rendered":"ENERGIZER\u00ae ELECTRONIC BATTERIES \u2013 CR1216"},"content":{"rendered":"<ul>\n<li>Energizer 1216 Lithium Coin Battery<\/li>\n<li>\u00a0Levererar l\u00e5ngvarig l\u00e5nglivad, p\u00e5litlig prestanda i specialutrustning som pulsm\u00e4tare, fj\u00e4rrkontroller, nyckell\u00f6sa system, glukosm\u00e4tare, leksak till 10 \u00e5r i lagring Bevarar kraften i upp till 10 \u00e5r vid f\u00f6rvaring, vilket s\u00e4kerst\u00e4ller att du har litiumknappcellsbatterier redo n\u00e4r du beh\u00f6ver dem<\/li>\n<li>\u00a0Cellstorlek: 1216; IEC: CR1216; Typ: Litiummyntbatteri Litiumknappcellsbatteri; Volt: 3<\/li>\n<li>Ers\u00e4ttning f\u00f6r: L40 och DL1216<\/li>\n<li>Dessa litiumbatterier t\u00e5l ett brett temperaturomr\u00e5de, fr\u00e5n -30\u00ba till 60\u00ba C<\/li>\n<\/ul>\n","protected":false},"excerpt":{"rendered":"<p>L\u00e5t inte deras lilla storlek lura dig: Detta Energizer 1216 Lithium Coin 3-Volts batteri levererar verkligen, l\u00e5nglivad p\u00e5litlig kraft f\u00f6r dina knappcellsbatteridrivna f\u00f6rem\u00e5l. Fr\u00e5n puls- eller glukosm\u00e4tare till fj\u00e4rrkontroller, nyckell\u00f6sa system, nyckelbrickor, klockor, leksaker och spel \u2013 och \u00e4nnu mer specialiserade enheter \u2013 v\u00e5ra knappcellsbatterier \u00e4r kompatibla med de enheter som passar ditt liv, s\u00e5 att du kan forts\u00e4tta.<\/p>\n","protected":false},"featured_media":0,"comment_status":"open","ping_status":"closed","template":"","meta":{"_acf_changed":false},"product_brand":[],"product_cat":[58],"product_tag":[],"class_list":{"0":"post-4174","1":"product","2":"type-product","3":"status-publish","5":"product_cat-specialty","7":"first","8":"instock","9":"shipping-taxable","10":"product-type-simple"},"acf":[],"_links":{"self":[{"href":"https:\/\/energizer.com\/eu\/sweden\/wp-json\/wp\/v2\/product\/4174","targetHints":{"allow":["GET"]}}],"collection":[{"href":"https:\/\/energizer.com\/eu\/sweden\/wp-json\/wp\/v2\/product"}],"about":[{"href":"https:\/\/energizer.com\/eu\/sweden\/wp-json\/wp\/v2\/types\/product"}],"replies":[{"embeddable":true,"href":"https:\/\/energizer.com\/eu\/sweden\/wp-json\/wp\/v2\/comments?post=4174"}],"version-history":[{"count":11,"href":"https:\/\/energizer.com\/eu\/sweden\/wp-json\/wp\/v2\/product\/4174\/revisions"}],"predecessor-version":[{"id":10362,"href":"https:\/\/energizer.com\/eu\/sweden\/wp-json\/wp\/v2\/product\/4174\/revisions\/10362"}],"wp:attachment":[{"href":"https:\/\/energizer.com\/eu\/sweden\/wp-json\/wp\/v2\/media?parent=4174"}],"wp:term":[{"taxonomy":"product_brand","embeddable":true,"href":"https:\/\/energizer.com\/eu\/sweden\/wp-json\/wp\/v2\/product_brand?post=4174"},{"taxonomy":"product_cat","embeddable":true,"href":"https:\/\/energizer.com\/eu\/sweden\/wp-json\/wp\/v2\/product_cat?post=4174"},{"taxonomy":"product_tag","embeddable":true,"href":"https:\/\/energizer.com\/eu\/sweden\/wp-json\/wp\/v2\/product_tag?post=4174"}],"curies":[{"name":"wp","href":"https:\/\/api.w.org\/{rel}","templated":true}]}}