{"id":4186,"date":"2024-05-16T06:55:22","date_gmt":"2024-05-16T06:55:22","guid":{"rendered":"https:\/\/23b13e8ab3.nxcli.io\/sweden\/?post_type=product&#038;p=4186"},"modified":"2024-08-22T07:22:54","modified_gmt":"2024-08-22T07:22:54","slug":"energizer-electronic-batteries-epx625g","status":"publish","type":"product","link":"https:\/\/energizer.com\/eu\/sweden\/product\/energizer-electronic-batteries-epx625g\/","title":{"rendered":"ENERGIZER\u00ae ELECTRONIC BATTERIES \u2013 EPX625G"},"content":{"rendered":"<ul>\n<li>E-bokl\u00e4sare<\/li>\n<li>B\u00e4rbara spelkonsoler<\/li>\n<li>Personliga organisat\u00f6rer<\/li>\n<li>Elektroniska spel och leksaker<\/li>\n<li>Datorer<\/li>\n<li>Fj\u00e4rrkontroller<\/li>\n<li>Personlig hygien<\/li>\n<li>Minir\u00e4knare<\/li>\n<li>Nyckell\u00f6sa och eldrivna l\u00e5s<\/li>\n<li>Garage\u00f6ppnare<\/li>\n<li>Digitala termometrar<\/li>\n<li>Blodtrycksm\u00e4tare<\/li>\n<li>H\u00e4lsa hemma<\/li>\n<\/ul>\n","protected":false},"excerpt":{"rendered":"<p>Energizer<sup>\u00ae<\/sup>\u00a0har varit v\u00e4rldsledande inom sm\u00e5 elektronikbatterier i \u00e5rtionden. S\u00e5 du kan f\u00f6rlita dig p\u00e5 batteriernas precisionsteknik f\u00f6r att driva alla dina sm\u00e5 elektroniska enheter, fr\u00e5n glukosm\u00e4tare och tr\u00e4ningssp\u00e5rare till de senaste spelen och leksakerna.<\/p>\n","protected":false},"featured_media":0,"comment_status":"open","ping_status":"closed","template":"","meta":{"_acf_changed":false},"product_brand":[],"product_cat":[58],"product_tag":[],"class_list":{"0":"post-4186","1":"product","2":"type-product","3":"status-publish","5":"product_cat-specialty","7":"first","8":"instock","9":"shipping-taxable","10":"product-type-simple"},"acf":[],"_links":{"self":[{"href":"https:\/\/energizer.com\/eu\/sweden\/wp-json\/wp\/v2\/product\/4186","targetHints":{"allow":["GET"]}}],"collection":[{"href":"https:\/\/energizer.com\/eu\/sweden\/wp-json\/wp\/v2\/product"}],"about":[{"href":"https:\/\/energizer.com\/eu\/sweden\/wp-json\/wp\/v2\/types\/product"}],"replies":[{"embeddable":true,"href":"https:\/\/energizer.com\/eu\/sweden\/wp-json\/wp\/v2\/comments?post=4186"}],"version-history":[{"count":9,"href":"https:\/\/energizer.com\/eu\/sweden\/wp-json\/wp\/v2\/product\/4186\/revisions"}],"predecessor-version":[{"id":9773,"href":"https:\/\/energizer.com\/eu\/sweden\/wp-json\/wp\/v2\/product\/4186\/revisions\/9773"}],"wp:attachment":[{"href":"https:\/\/energizer.com\/eu\/sweden\/wp-json\/wp\/v2\/media?parent=4186"}],"wp:term":[{"taxonomy":"product_brand","embeddable":true,"href":"https:\/\/energizer.com\/eu\/sweden\/wp-json\/wp\/v2\/product_brand?post=4186"},{"taxonomy":"product_cat","embeddable":true,"href":"https:\/\/energizer.com\/eu\/sweden\/wp-json\/wp\/v2\/product_cat?post=4186"},{"taxonomy":"product_tag","embeddable":true,"href":"https:\/\/energizer.com\/eu\/sweden\/wp-json\/wp\/v2\/product_tag?post=4186"}],"curies":[{"name":"wp","href":"https:\/\/api.w.org\/{rel}","templated":true}]}}