{"id":4213,"date":"2024-05-16T07:20:50","date_gmt":"2024-05-16T07:20:50","guid":{"rendered":"https:\/\/23b13e8ab3.nxcli.io\/sweden\/?post_type=product&#038;p=4213"},"modified":"2024-11-07T06:29:57","modified_gmt":"2024-11-07T06:29:57","slug":"energizer-electronic-batteries-cr1220","status":"publish","type":"product","link":"https:\/\/energizer.com\/eu\/sweden\/product\/energizer-electronic-batteries-cr1220\/","title":{"rendered":"ENERGIZER\u00ae ELECTRONIC BATTERIES \u2013 CR1220"},"content":{"rendered":"<ul>\n<li>\u00a0Energizer 1220 litiummyntbatteri litiumknappcellsbatteri<\/li>\n<li>Ger l\u00e5ngvarig l\u00e5nglivad, p\u00e5litlig prestanda i specialenheter som pulsm\u00e4tare, fj\u00e4rrkontroller, nyckell\u00f6sa entr\u00e9system, glukosm\u00e4tare, leksa till 10 \u00e5r i lagring Bevarar kraften i upp till 10 \u00e5r vid f\u00f6rvaring, vilket s\u00e4kerst\u00e4ller att du har litiumknappcellsbatterier redo n\u00e4r du beh\u00f6ver dem<\/li>\n<li>Cellstorlek: 1220; IEC: CR1220; Typ: Litiumknappcell; Volt: 3<\/li>\n<li>Ers\u00e4ttning f\u00f6r: L04, DL1220, SB-T13 och 5012LC<\/li>\n<li>Dessa litiumbatterier t\u00e5l ett brett temperaturomr\u00e5de, fr\u00e5n -30 \u00baC till 60 \u00baC<\/li>\n<\/ul>\n","protected":false},"excerpt":{"rendered":"<p>L\u00e5t dig inte luras av deras lilla storlek: Detta Energizer 1220 Lithium Coin 3 voltsbatteri levererar l\u00e5nglivad, tillf\u00f6rlitlig kraft f\u00f6r dina knappcellsbatteridrivna f\u00f6rem\u00e5l. Fr\u00e5n puls- eller glukosm\u00e4tare till fj\u00e4rrkontroller, nyckell\u00f6sa l\u00e5ssystem, nyckelringar, klockor, leksaker och spel \u2013 och \u00e4nnu mer specialiserade enheter \u2013 v\u00e5ra knappcellsbatterier \u00e4r kompatibla med de enheter som passar ditt liv, s\u00e5 att du kan forts\u00e4tta.<\/p>\n","protected":false},"featured_media":0,"comment_status":"open","ping_status":"closed","template":"","meta":{"_acf_changed":false},"product_brand":[],"product_cat":[58],"product_tag":[],"class_list":{"0":"post-4213","1":"product","2":"type-product","3":"status-publish","5":"product_cat-specialty","7":"first","8":"instock","9":"shipping-taxable","10":"product-type-simple"},"acf":[],"_links":{"self":[{"href":"https:\/\/energizer.com\/eu\/sweden\/wp-json\/wp\/v2\/product\/4213","targetHints":{"allow":["GET"]}}],"collection":[{"href":"https:\/\/energizer.com\/eu\/sweden\/wp-json\/wp\/v2\/product"}],"about":[{"href":"https:\/\/energizer.com\/eu\/sweden\/wp-json\/wp\/v2\/types\/product"}],"replies":[{"embeddable":true,"href":"https:\/\/energizer.com\/eu\/sweden\/wp-json\/wp\/v2\/comments?post=4213"}],"version-history":[{"count":10,"href":"https:\/\/energizer.com\/eu\/sweden\/wp-json\/wp\/v2\/product\/4213\/revisions"}],"predecessor-version":[{"id":10210,"href":"https:\/\/energizer.com\/eu\/sweden\/wp-json\/wp\/v2\/product\/4213\/revisions\/10210"}],"wp:attachment":[{"href":"https:\/\/energizer.com\/eu\/sweden\/wp-json\/wp\/v2\/media?parent=4213"}],"wp:term":[{"taxonomy":"product_brand","embeddable":true,"href":"https:\/\/energizer.com\/eu\/sweden\/wp-json\/wp\/v2\/product_brand?post=4213"},{"taxonomy":"product_cat","embeddable":true,"href":"https:\/\/energizer.com\/eu\/sweden\/wp-json\/wp\/v2\/product_cat?post=4213"},{"taxonomy":"product_tag","embeddable":true,"href":"https:\/\/energizer.com\/eu\/sweden\/wp-json\/wp\/v2\/product_tag?post=4213"}],"curies":[{"name":"wp","href":"https:\/\/api.w.org\/{rel}","templated":true}]}}