{"id":4229,"date":"2024-05-16T07:35:14","date_gmt":"2024-05-16T07:35:14","guid":{"rendered":"https:\/\/23b13e8ab3.nxcli.io\/sweden\/?post_type=product&#038;p=4229"},"modified":"2024-11-07T06:40:33","modified_gmt":"2024-11-07T06:40:33","slug":"energizer-electronic-batteries-a23-e23a","status":"publish","type":"product","link":"https:\/\/energizer.com\/eu\/sweden\/product\/energizer-electronic-batteries-a23-e23a\/","title":{"rendered":"ENERGIZER\u00ae ELECTRONIC BATTERIES \u2013 A23\/E23A"},"content":{"rendered":"<ul>\n<li>Energizer A23 miniatyr alkaliska batterier, som ger l\u00e5ngvarig l\u00e5nglivad, p\u00e5litlig kraft till dina enheter<\/li>\n<li>Energizer Miniature Alkaline Specialty Batterier \u00e4r byggda f\u00f6r att uppfylla kraven f\u00f6r dina batteridri till tre \u00e5r lagring Bevarar kraften i upp till 3 \u00e5r vid f\u00f6rvaring, s\u00e5 den \u00e4r redo n\u00e4r du beh\u00f6ver den<\/li>\n<li>L\u00e4mplig f\u00f6r en m\u00e4ngd olika enheter, inklusive kameror, kalkylatorer, tr\u00e5dl\u00f6sa headset och medicinsk utrustning<\/li>\n<li>Cellstorlek: A23; Typ: Alkalisk miniatyr; Volt: 12.0<\/li>\n<li>Ers\u00e4ttning f\u00f6r: 1181A, A23BP, DL21, DL23, MN-21B, MN21, V23GA<\/li>\n<\/ul>\n","protected":false},"excerpt":{"rendered":"<p>Dina speciella enheter kr\u00e4ver en speciell energiniv\u00e5: Det \u00e4r d\u00e4rf\u00f6r v\u00e5ra Energizer A23 miniatyr alkaliska specialbatterier levererar p\u00e5litlig kraft till alla dina batteridrivna enheter. Oavsett om det \u00e4r f\u00f6r dina tr\u00e5dl\u00f6sa headset, spelkontroller, kameror eller medicinsk utrustning, kommer du att vara s\u00e4ker p\u00e5 att du g\u00f6r r\u00e4tt val med Energizer A23 miniatyr alkaliska batterier. Prova dem och se hur dessa miniatyrbatterier blir stora n\u00e4r det kommer till l\u00e5nglivad prestanda.<\/p>\n","protected":false},"featured_media":0,"comment_status":"open","ping_status":"closed","template":"","meta":{"_acf_changed":false},"product_brand":[],"product_cat":[58],"product_tag":[],"class_list":{"0":"post-4229","1":"product","2":"type-product","3":"status-publish","5":"product_cat-specialty","7":"first","8":"instock","9":"shipping-taxable","10":"product-type-simple"},"acf":[],"_links":{"self":[{"href":"https:\/\/energizer.com\/eu\/sweden\/wp-json\/wp\/v2\/product\/4229","targetHints":{"allow":["GET"]}}],"collection":[{"href":"https:\/\/energizer.com\/eu\/sweden\/wp-json\/wp\/v2\/product"}],"about":[{"href":"https:\/\/energizer.com\/eu\/sweden\/wp-json\/wp\/v2\/types\/product"}],"replies":[{"embeddable":true,"href":"https:\/\/energizer.com\/eu\/sweden\/wp-json\/wp\/v2\/comments?post=4229"}],"version-history":[{"count":8,"href":"https:\/\/energizer.com\/eu\/sweden\/wp-json\/wp\/v2\/product\/4229\/revisions"}],"predecessor-version":[{"id":10216,"href":"https:\/\/energizer.com\/eu\/sweden\/wp-json\/wp\/v2\/product\/4229\/revisions\/10216"}],"wp:attachment":[{"href":"https:\/\/energizer.com\/eu\/sweden\/wp-json\/wp\/v2\/media?parent=4229"}],"wp:term":[{"taxonomy":"product_brand","embeddable":true,"href":"https:\/\/energizer.com\/eu\/sweden\/wp-json\/wp\/v2\/product_brand?post=4229"},{"taxonomy":"product_cat","embeddable":true,"href":"https:\/\/energizer.com\/eu\/sweden\/wp-json\/wp\/v2\/product_cat?post=4229"},{"taxonomy":"product_tag","embeddable":true,"href":"https:\/\/energizer.com\/eu\/sweden\/wp-json\/wp\/v2\/product_tag?post=4229"}],"curies":[{"name":"wp","href":"https:\/\/api.w.org\/{rel}","templated":true}]}}