{"id":4255,"date":"2024-05-16T07:51:36","date_gmt":"2024-05-16T07:51:36","guid":{"rendered":"https:\/\/23b13e8ab3.nxcli.io\/sweden\/?post_type=product&#038;p=4255"},"modified":"2024-11-07T07:23:52","modified_gmt":"2024-11-07T07:23:52","slug":"energizer-electronic-batteries-cr2025","status":"publish","type":"product","link":"https:\/\/energizer.com\/eu\/sweden\/product\/energizer-electronic-batteries-cr2025\/","title":{"rendered":"ENERGIZER\u00ae ELECTRONIC BATTERIES \u2013 CR2025"},"content":{"rendered":"<ul>\n<li>\u00a0Energizer CR2025 litium myntbatterier knappcellsbatterier<\/li>\n<li>L\u00e5ng batteritid: Varje upp till 10 \u00e5r Bevarar kraften i upp till 10 \u00e5r vid f\u00f6rvaring, s\u00e5 de \u00e4r alltid redo n\u00e4r du beh\u00f6ver dem<\/li>\n<li>Betrodd effekt: Ger l\u00e5ngvarig, p\u00e5litlig prestanda i specialiserade enheter som pulsm\u00e4tare, fj\u00e4rrkontroller, nyckell\u00f6sa system, minir\u00e4knare och leksaker<\/li>\n<li>S\u00e4kra: Energizer litiummyntbatterier \u00e4r s\u00e4krade i barns\u00e4kra f\u00f6rpackningar<\/li>\n<li>P\u00e5litliga: Dessa Energizer CR2025 litiumbatterier erar i extrema temperaturer och t\u00e5l klarar fr\u00e5n -30 \u00baC till 60 \u00baC<\/li>\n<li>Energizer-innovation: Fr\u00e5n tillverkarna av v\u00e4rldens l\u00e4ngst varande AA-batterier AA-batteriet med v\u00e4rldens l\u00e4ngsta livsl\u00e4ngd, Energizer Ultimate Lithium<\/li>\n<li><\/li>\n<\/ul>\n","protected":false},"excerpt":{"rendered":"<p>Anv\u00e4nd Energizer p\u00e5litliga och l\u00e5nglivade batterier till alla dina viktiga prylar. Se till att fylla p\u00e5 hemma med Energizer CR2025-batterier till klockor, b\u00e4rbara enheter, nyckelbrickor, fj\u00e4rrkontroller och larmsensorer. Det h\u00e4r batteriet \u00e4r ocks\u00e5 ett utm\u00e4rkt val om du beh\u00f6ver ett nytt bilnyckelbatteri. Varje Energizer litium CR2025-batteri bevarar kraften i upp till 10 \u00e5r vid f\u00f6rvaring. Batterierna t\u00e5l temperaturer fr\u00e5n -30 \u00b0C till 60 \u00b0C. De inneh\u00e5ller inget kvicksilver och f\u00f6rvaras i barns\u00e4kra f\u00f6rpackningar.<\/p>\n","protected":false},"featured_media":0,"comment_status":"open","ping_status":"closed","template":"","meta":{"_acf_changed":false},"product_brand":[],"product_cat":[58],"product_tag":[],"class_list":{"0":"post-4255","1":"product","2":"type-product","3":"status-publish","5":"product_cat-specialty","7":"first","8":"instock","9":"shipping-taxable","10":"product-type-simple"},"acf":[],"_links":{"self":[{"href":"https:\/\/energizer.com\/eu\/sweden\/wp-json\/wp\/v2\/product\/4255","targetHints":{"allow":["GET"]}}],"collection":[{"href":"https:\/\/energizer.com\/eu\/sweden\/wp-json\/wp\/v2\/product"}],"about":[{"href":"https:\/\/energizer.com\/eu\/sweden\/wp-json\/wp\/v2\/types\/product"}],"replies":[{"embeddable":true,"href":"https:\/\/energizer.com\/eu\/sweden\/wp-json\/wp\/v2\/comments?post=4255"}],"version-history":[{"count":13,"href":"https:\/\/energizer.com\/eu\/sweden\/wp-json\/wp\/v2\/product\/4255\/revisions"}],"predecessor-version":[{"id":10226,"href":"https:\/\/energizer.com\/eu\/sweden\/wp-json\/wp\/v2\/product\/4255\/revisions\/10226"}],"wp:attachment":[{"href":"https:\/\/energizer.com\/eu\/sweden\/wp-json\/wp\/v2\/media?parent=4255"}],"wp:term":[{"taxonomy":"product_brand","embeddable":true,"href":"https:\/\/energizer.com\/eu\/sweden\/wp-json\/wp\/v2\/product_brand?post=4255"},{"taxonomy":"product_cat","embeddable":true,"href":"https:\/\/energizer.com\/eu\/sweden\/wp-json\/wp\/v2\/product_cat?post=4255"},{"taxonomy":"product_tag","embeddable":true,"href":"https:\/\/energizer.com\/eu\/sweden\/wp-json\/wp\/v2\/product_tag?post=4255"}],"curies":[{"name":"wp","href":"https:\/\/api.w.org\/{rel}","templated":true}]}}