{"id":4443,"date":"2024-05-16T12:25:05","date_gmt":"2024-05-16T12:25:05","guid":{"rendered":"https:\/\/23b13e8ab3.nxcli.io\/sweden\/?post_type=product&#038;p=4443"},"modified":"2024-11-07T07:35:32","modified_gmt":"2024-11-07T07:35:32","slug":"energizer-photo-lithium-batteries-223","status":"publish","type":"product","link":"https:\/\/energizer.com\/eu\/sweden\/product\/energizer-photo-lithium-batteries-223\/","title":{"rendered":"ENERGIZER\u00ae PHOTO LITHIUM BATTERIES \u2013 223"},"content":{"rendered":"<ul>\n<li>Energizer<sup>\u00ae<\/sup> Fotobat h\u00e5ller l\u00e4nge<\/li>\n<li>Kraftfull nog f\u00f6r dagens h\u00f6gteknologiska ficklampor<\/li>\n<li>Externa blixtar och m\u00f6rkerseendeglas\u00f6gon<\/li>\n<\/ul>\n","protected":false},"excerpt":{"rendered":"<p>Energizer\u00ae Foto-batterier ger optimal, l\u00e5ngvarig prestanda f\u00f6r dina film- och digitalkameror.\u00a0 Batterierna \u00e4r s\u00e5 p\u00e5litliga att du kan lita p\u00e5 dem f\u00f6r allt, bild efter bild.<\/p>\n","protected":false},"featured_media":0,"comment_status":"open","ping_status":"closed","template":"","meta":{"_acf_changed":false},"product_brand":[],"product_cat":[58],"product_tag":[],"class_list":{"0":"post-4443","1":"product","2":"type-product","3":"status-publish","5":"product_cat-specialty","7":"first","8":"instock","9":"shipping-taxable","10":"product-type-simple"},"acf":[],"_links":{"self":[{"href":"https:\/\/energizer.com\/eu\/sweden\/wp-json\/wp\/v2\/product\/4443","targetHints":{"allow":["GET"]}}],"collection":[{"href":"https:\/\/energizer.com\/eu\/sweden\/wp-json\/wp\/v2\/product"}],"about":[{"href":"https:\/\/energizer.com\/eu\/sweden\/wp-json\/wp\/v2\/types\/product"}],"replies":[{"embeddable":true,"href":"https:\/\/energizer.com\/eu\/sweden\/wp-json\/wp\/v2\/comments?post=4443"}],"version-history":[{"count":11,"href":"https:\/\/energizer.com\/eu\/sweden\/wp-json\/wp\/v2\/product\/4443\/revisions"}],"predecessor-version":[{"id":10231,"href":"https:\/\/energizer.com\/eu\/sweden\/wp-json\/wp\/v2\/product\/4443\/revisions\/10231"}],"wp:attachment":[{"href":"https:\/\/energizer.com\/eu\/sweden\/wp-json\/wp\/v2\/media?parent=4443"}],"wp:term":[{"taxonomy":"product_brand","embeddable":true,"href":"https:\/\/energizer.com\/eu\/sweden\/wp-json\/wp\/v2\/product_brand?post=4443"},{"taxonomy":"product_cat","embeddable":true,"href":"https:\/\/energizer.com\/eu\/sweden\/wp-json\/wp\/v2\/product_cat?post=4443"},{"taxonomy":"product_tag","embeddable":true,"href":"https:\/\/energizer.com\/eu\/sweden\/wp-json\/wp\/v2\/product_tag?post=4443"}],"curies":[{"name":"wp","href":"https:\/\/api.w.org\/{rel}","templated":true}]}}