{"id":4454,"date":"2024-05-16T12:33:10","date_gmt":"2024-05-16T12:33:10","guid":{"rendered":"https:\/\/23b13e8ab3.nxcli.io\/sweden\/?post_type=product&#038;p=4454"},"modified":"2024-11-07T07:41:16","modified_gmt":"2024-11-07T07:41:16","slug":"energizer-photo-lithium-batteries-cr2","status":"publish","type":"product","link":"https:\/\/energizer.com\/eu\/sweden\/product\/energizer-photo-lithium-batteries-cr2\/","title":{"rendered":"ENERGIZER\u00ae PHOTO LITHIUM BATTERIES \u2013 CR2"},"content":{"rendered":"<ul>\n<li>\u00a0Energizer CR2 litiumfoto-batterier som ger l\u00e5ngvarig l\u00e5nglivad prestanda f\u00f6r din kamera, bild efter bild<\/li>\n<li>Kompatibel med dagens h\u00f6gteknologiska enheter: Energizer foto-batterier ger p\u00e5litlig prestanda i digitala SLR-kameror, minir\u00e4knare, surfplattor med mera<\/li>\n<li>Tillf\u00f6rlitligt redo n\u00e4r du beh\u00f6ver dem: V\u00e5r till 10 \u00e5rs lagring bevarar kraften i upp till 10 \u00e5r vid f\u00f6rvaring, s\u00e5 att du alltid kan ha batterikraft till hands<\/li>\n<li>Typ: Litium; Volt: 3<\/li>\n<li>Ers\u00e4ttning f\u00f6r: DLCR2, CR15H270, KCR2<\/li>\n<li>Kraftfull: Energizer Photo Batteries \u00e4r byggda f\u00f6r att uppfylla kraven f\u00f6r dagens kraftfulla enheter<\/li>\n<\/ul>\n","protected":false},"excerpt":{"rendered":"<p>Missa aldrig att f\u00e5nga ett \u00f6gonblick: Energizer CR2 fotobatterier ger exakt, l\u00e5nglivad prestanda till din digitala SLR-kamera och fotoutrustning. Men det stannar inte vid bilder: Dessa litiumbatterier kan ocks\u00e5 driva h\u00f6gteknologiska enheter som din r\u00e4knare, surfplatta och mer. De bevarar kraften i upp till 10 \u00e5r vid f\u00f6rvaring s\u00e5 att du kan vara s\u00e4ker p\u00e5 att de h\u00e5ller sig fr\u00e4scha tills du beh\u00f6ver dem.<\/p>\n","protected":false},"featured_media":0,"comment_status":"open","ping_status":"closed","template":"","meta":{"_acf_changed":false},"product_brand":[],"product_cat":[58],"product_tag":[],"class_list":{"0":"post-4454","1":"product","2":"type-product","3":"status-publish","5":"product_cat-specialty","7":"first","8":"instock","9":"shipping-taxable","10":"product-type-simple"},"acf":[],"_links":{"self":[{"href":"https:\/\/energizer.com\/eu\/sweden\/wp-json\/wp\/v2\/product\/4454","targetHints":{"allow":["GET"]}}],"collection":[{"href":"https:\/\/energizer.com\/eu\/sweden\/wp-json\/wp\/v2\/product"}],"about":[{"href":"https:\/\/energizer.com\/eu\/sweden\/wp-json\/wp\/v2\/types\/product"}],"replies":[{"embeddable":true,"href":"https:\/\/energizer.com\/eu\/sweden\/wp-json\/wp\/v2\/comments?post=4454"}],"version-history":[{"count":11,"href":"https:\/\/energizer.com\/eu\/sweden\/wp-json\/wp\/v2\/product\/4454\/revisions"}],"predecessor-version":[{"id":10235,"href":"https:\/\/energizer.com\/eu\/sweden\/wp-json\/wp\/v2\/product\/4454\/revisions\/10235"}],"wp:attachment":[{"href":"https:\/\/energizer.com\/eu\/sweden\/wp-json\/wp\/v2\/media?parent=4454"}],"wp:term":[{"taxonomy":"product_brand","embeddable":true,"href":"https:\/\/energizer.com\/eu\/sweden\/wp-json\/wp\/v2\/product_brand?post=4454"},{"taxonomy":"product_cat","embeddable":true,"href":"https:\/\/energizer.com\/eu\/sweden\/wp-json\/wp\/v2\/product_cat?post=4454"},{"taxonomy":"product_tag","embeddable":true,"href":"https:\/\/energizer.com\/eu\/sweden\/wp-json\/wp\/v2\/product_tag?post=4454"}],"curies":[{"name":"wp","href":"https:\/\/api.w.org\/{rel}","templated":true}]}}