{"id":4576,"date":"2024-05-17T06:35:37","date_gmt":"2024-05-17T06:35:37","guid":{"rendered":"https:\/\/23b13e8ab3.nxcli.io\/sweden\/?post_type=product&#038;p=4576"},"modified":"2024-11-07T07:39:34","modified_gmt":"2024-11-07T07:39:34","slug":"energizer-watch-batteries-392-384","status":"publish","type":"product","link":"https:\/\/energizer.com\/eu\/sweden\/product\/energizer-watch-batteries-392-384\/","title":{"rendered":"ENERGIZER\u00ae WATCH BATTERIES \u2013 392\/384"},"content":{"rendered":"<ul>\n<li>Energizer 392\/384 silveroxid knappcellsbatteri 1,5 V<\/li>\n<li>Levererar l\u00e5ngvarig l\u00e5nglivad, p\u00e5litlig energi till dina knappcellsbatteridrivna enheter, som medicinsk utrustning, minir\u00e4knare, leksaker till 5 \u00e5r i f\u00f6rvaring Bevarar kraften i upp till 5 \u00e5r vid f\u00f6rvaring, vilket s\u00e4kerst\u00e4ller att du har knappbatterier redo n\u00e4r du beh\u00f6ver dem<\/li>\n<li>Cellstorlek: 392\/384; Typ: Silveroxid; Volt: 1.5<\/li>\n<li>Ers\u00e4ttning f\u00f6r: SR41, D392\/384, SP392, SP384, V392, V384, SG8, \u200b\u200b317, WL5, SR1120W, SR41SW, GS3, SB-D1, SB-AL, 10L125, 280-11, 280-13, SR736W, TR41W, 1135S0, och 1134S0<\/li>\n<li>V\u00e5ra silveroxidknappbatterier \u00e4r ansvarsfullt designade med noll kvicksilver<\/li>\n<\/ul>\n","protected":false},"excerpt":{"rendered":"<p>Det finns vanliga specialbatterier, och s\u00e5 finns det Energizer specialbatterier. S\u00e5 f\u00e5 den h\u00e5llbara, p\u00e5litliga kraften som forts\u00e4tter med detta Energizer 392\/384 Silveroxid knappcellsbatteri. Den levererar l\u00e5nglivad kraft till dina knappcellsbatteridrivna enheter, fr\u00e5n hush\u00e5llselektronik som nyckell\u00f6sa ing\u00e5ngssystem, till e-b\u00f6cker, leksaker, minir\u00e4knare och klockor, till puls- och glukosm\u00e4tare. Och dessa kvicksilverfria knappcellsbatterier bevarar kraften i upp till 5 \u00e5r vid f\u00f6rvaring. V\u00e4lj Energizers specialbatterier f\u00f6r l\u00e5nglivad kraft du kan lita p\u00e5 n\u00e4r du beh\u00f6ver den.<\/p>\n","protected":false},"featured_media":0,"comment_status":"open","ping_status":"closed","template":"","meta":{"_acf_changed":false},"product_brand":[],"product_cat":[58],"product_tag":[],"class_list":{"0":"post-4576","1":"product","2":"type-product","3":"status-publish","5":"product_cat-specialty","7":"first","8":"instock","9":"shipping-taxable","10":"product-type-simple"},"acf":[],"_links":{"self":[{"href":"https:\/\/energizer.com\/eu\/sweden\/wp-json\/wp\/v2\/product\/4576","targetHints":{"allow":["GET"]}}],"collection":[{"href":"https:\/\/energizer.com\/eu\/sweden\/wp-json\/wp\/v2\/product"}],"about":[{"href":"https:\/\/energizer.com\/eu\/sweden\/wp-json\/wp\/v2\/types\/product"}],"replies":[{"embeddable":true,"href":"https:\/\/energizer.com\/eu\/sweden\/wp-json\/wp\/v2\/comments?post=4576"}],"version-history":[{"count":9,"href":"https:\/\/energizer.com\/eu\/sweden\/wp-json\/wp\/v2\/product\/4576\/revisions"}],"predecessor-version":[{"id":10233,"href":"https:\/\/energizer.com\/eu\/sweden\/wp-json\/wp\/v2\/product\/4576\/revisions\/10233"}],"wp:attachment":[{"href":"https:\/\/energizer.com\/eu\/sweden\/wp-json\/wp\/v2\/media?parent=4576"}],"wp:term":[{"taxonomy":"product_brand","embeddable":true,"href":"https:\/\/energizer.com\/eu\/sweden\/wp-json\/wp\/v2\/product_brand?post=4576"},{"taxonomy":"product_cat","embeddable":true,"href":"https:\/\/energizer.com\/eu\/sweden\/wp-json\/wp\/v2\/product_cat?post=4576"},{"taxonomy":"product_tag","embeddable":true,"href":"https:\/\/energizer.com\/eu\/sweden\/wp-json\/wp\/v2\/product_tag?post=4576"}],"curies":[{"name":"wp","href":"https:\/\/api.w.org\/{rel}","templated":true}]}}