{"id":4601,"date":"2024-05-17T06:46:06","date_gmt":"2024-05-17T06:46:06","guid":{"rendered":"https:\/\/23b13e8ab3.nxcli.io\/sweden\/?post_type=product&#038;p=4601"},"modified":"2024-08-22T07:20:37","modified_gmt":"2024-08-22T07:20:37","slug":"energizer-watch-batteries-390-389","status":"publish","type":"product","link":"https:\/\/energizer.com\/eu\/sweden\/product\/energizer-watch-batteries-390-389\/","title":{"rendered":"ENERGIZER\u00ae WATCH BATTERIES \u2013 390\/389"},"content":{"rendered":"<ul>\n<li>Energizer 390\/389 silveroxid knappcellsbatteri 1,5 volt<\/li>\n<li>Levererar l\u00e5ngvarig, p\u00e5litlig str\u00f6m till dina knappbatteridrivna enheter, som medicinsk utrustning, minir\u00e4knare, leksaker och klockor<\/li>\n<li>Beh\u00e5ller laddningen i upp till 5 \u00e5r vid f\u00f6rvaring, vilket s\u00e4kerst\u00e4ller att du har knappbatterier redo n\u00e4r du beh\u00f6ver dem<\/li>\n<li>Cellstorlek: 390\/389; Typ: Silveroxid; Volt: 1,5<\/li>\n<li>Ers\u00e4ttning f\u00f6r: S09, 10L122, SR54, SR1130W, G10, SP389, WL-10, RW49, SB-BU, SG10, 603, AG10, L1131, SR1130, 189, S24, 280-24, D389\/390, SR54, SR1130SW, WS-10, RW39, SB-AU, SB-BU, TR1130SW, och SR1130<\/li>\n<li>V\u00e5ra silveroxidknappbatterier \u00e4r ansvarsfullt designade med noll kvicksilver<\/li>\n<\/ul>\n","protected":false},"excerpt":{"rendered":"<p>Det finns vanliga specialbatterier, och s\u00e5 finns det Energizer specialbatterier. S\u00e5 skaffa den h\u00e5llbara, p\u00e5litliga kraften som h\u00e5ller i l\u00e4ngden med detta Energizer 390\/389 silveroxid knappcellsbatteri. Den levererar l\u00e5ngvarig str\u00f6m till dina enheter som drivs med knappcellsbatterier, fr\u00e5n hush\u00e5llselektronik som nyckelfria l\u00e5ssystem, till e-b\u00f6cker, leksaker, minir\u00e4knare och klockor, till puls- och glukosm\u00e4tare. Och dessa kvicksilverfria knappcellsbatterier kan beh\u00e5lla laddningen i upp till 5 \u00e5r i f\u00f6rvaring. V\u00e4lj Energizers specialbatterier f\u00f6r l\u00e5ngvarig energi du kan lita p\u00e5 n\u00e4r du beh\u00f6ver den.<\/p>\n","protected":false},"featured_media":0,"comment_status":"open","ping_status":"closed","template":"","meta":{"_acf_changed":false},"product_brand":[],"product_cat":[58],"product_tag":[],"class_list":{"0":"post-4601","1":"product","2":"type-product","3":"status-publish","5":"product_cat-specialty","7":"first","8":"instock","9":"shipping-taxable","10":"product-type-simple"},"acf":[],"_links":{"self":[{"href":"https:\/\/energizer.com\/eu\/sweden\/wp-json\/wp\/v2\/product\/4601","targetHints":{"allow":["GET"]}}],"collection":[{"href":"https:\/\/energizer.com\/eu\/sweden\/wp-json\/wp\/v2\/product"}],"about":[{"href":"https:\/\/energizer.com\/eu\/sweden\/wp-json\/wp\/v2\/types\/product"}],"replies":[{"embeddable":true,"href":"https:\/\/energizer.com\/eu\/sweden\/wp-json\/wp\/v2\/comments?post=4601"}],"version-history":[{"count":9,"href":"https:\/\/energizer.com\/eu\/sweden\/wp-json\/wp\/v2\/product\/4601\/revisions"}],"predecessor-version":[{"id":10238,"href":"https:\/\/energizer.com\/eu\/sweden\/wp-json\/wp\/v2\/product\/4601\/revisions\/10238"}],"wp:attachment":[{"href":"https:\/\/energizer.com\/eu\/sweden\/wp-json\/wp\/v2\/media?parent=4601"}],"wp:term":[{"taxonomy":"product_brand","embeddable":true,"href":"https:\/\/energizer.com\/eu\/sweden\/wp-json\/wp\/v2\/product_brand?post=4601"},{"taxonomy":"product_cat","embeddable":true,"href":"https:\/\/energizer.com\/eu\/sweden\/wp-json\/wp\/v2\/product_cat?post=4601"},{"taxonomy":"product_tag","embeddable":true,"href":"https:\/\/energizer.com\/eu\/sweden\/wp-json\/wp\/v2\/product_tag?post=4601"}],"curies":[{"name":"wp","href":"https:\/\/api.w.org\/{rel}","templated":true}]}}