{"id":4614,"date":"2024-05-17T06:48:25","date_gmt":"2024-05-17T06:48:25","guid":{"rendered":"https:\/\/23b13e8ab3.nxcli.io\/sweden\/?post_type=product&#038;p=4614"},"modified":"2024-11-07T08:15:04","modified_gmt":"2024-11-07T08:15:04","slug":"energizer-watch-batteries-337","status":"publish","type":"product","link":"https:\/\/energizer.com\/eu\/sweden\/product\/energizer-watch-batteries-337\/","title":{"rendered":"ENERGIZER\u00ae WATCH BATTERIES \u2013 337"},"content":{"rendered":"<ul>\n<li>De har h\u00f6g prestanda \u2013 motsvarande v\u00e5rt kvicksilverbaserade batterisortiment<\/li>\n<li>\u00e5ng h\u00e5llbarhet livsl\u00e4ngd \u2013 s\u00e5 de \u00e4r alltid redo n\u00e4r du beh\u00f6ver dem<\/li>\n<li>De har testats utf\u00f6rligt \u2013 s\u00e5 du kommer aldrig att bli besviken<\/li>\n<\/ul>\n","protected":false},"excerpt":{"rendered":"<p>1957 tillverkade Energizer\u00ae\u00a0det f\u00f6rsta klockbatteriet \u2013 och folk slutade vrida upp sina klockor. Idag finns det \u00f6ver 46 olika typer av klockbatterier p\u00e5 marknaden, vilket g\u00f6r n\u00e5got som b\u00f6rjade som enkelt mycket mer komplext.<\/p>\n<p>Vi har ett komplett sortiment av klockbatterier f\u00f6r alla typer av batteridrivna klockor, inklusive ett nytt och o\u00f6vertr\u00e4ffat framsteg inom klockbatteridesign som ger enkelhet till en komplex v\u00e4rld \u2013 Energizer\u00ae\u00a0Multi Drain.<\/p>\n<p>Med hj\u00e4lp av innovativ cellkemi uppvisar multi-drain-batterier de b\u00e4sta egenskaperna hos batterier med b\u00e5de h\u00f6g- och l\u00e5gdriftsbelastning. Oavsett energibehov beh\u00f6ver du nu bara ett batteri. Energizer\u00ae\u00a0multi-drain-teknik kommer att ge dig samma fantastiska prestanda i alla enheter med l\u00e5g och h\u00f6g dr\u00e4nering, fr\u00e5n en enkel analog klocka till de mest komplexa digitala, elektroniska klockorna.<\/p>\n","protected":false},"featured_media":0,"comment_status":"open","ping_status":"closed","template":"","meta":{"_acf_changed":false},"product_brand":[],"product_cat":[58],"product_tag":[],"class_list":{"0":"post-4614","1":"product","2":"type-product","3":"status-publish","5":"product_cat-specialty","7":"first","8":"instock","9":"shipping-taxable","10":"product-type-simple"},"acf":[],"_links":{"self":[{"href":"https:\/\/energizer.com\/eu\/sweden\/wp-json\/wp\/v2\/product\/4614","targetHints":{"allow":["GET"]}}],"collection":[{"href":"https:\/\/energizer.com\/eu\/sweden\/wp-json\/wp\/v2\/product"}],"about":[{"href":"https:\/\/energizer.com\/eu\/sweden\/wp-json\/wp\/v2\/types\/product"}],"replies":[{"embeddable":true,"href":"https:\/\/energizer.com\/eu\/sweden\/wp-json\/wp\/v2\/comments?post=4614"}],"version-history":[{"count":12,"href":"https:\/\/energizer.com\/eu\/sweden\/wp-json\/wp\/v2\/product\/4614\/revisions"}],"predecessor-version":[{"id":10242,"href":"https:\/\/energizer.com\/eu\/sweden\/wp-json\/wp\/v2\/product\/4614\/revisions\/10242"}],"wp:attachment":[{"href":"https:\/\/energizer.com\/eu\/sweden\/wp-json\/wp\/v2\/media?parent=4614"}],"wp:term":[{"taxonomy":"product_brand","embeddable":true,"href":"https:\/\/energizer.com\/eu\/sweden\/wp-json\/wp\/v2\/product_brand?post=4614"},{"taxonomy":"product_cat","embeddable":true,"href":"https:\/\/energizer.com\/eu\/sweden\/wp-json\/wp\/v2\/product_cat?post=4614"},{"taxonomy":"product_tag","embeddable":true,"href":"https:\/\/energizer.com\/eu\/sweden\/wp-json\/wp\/v2\/product_tag?post=4614"}],"curies":[{"name":"wp","href":"https:\/\/api.w.org\/{rel}","templated":true}]}}