{"id":4618,"date":"2024-05-17T06:51:05","date_gmt":"2024-05-17T06:51:05","guid":{"rendered":"https:\/\/23b13e8ab3.nxcli.io\/sweden\/?post_type=product&#038;p=4618"},"modified":"2024-08-22T07:18:48","modified_gmt":"2024-08-22T07:18:48","slug":"energizer-watch-batteries-394-380","status":"publish","type":"product","link":"https:\/\/energizer.com\/eu\/sweden\/product\/energizer-watch-batteries-394-380\/","title":{"rendered":"ENERGIZER\u00ae WATCH BATTERIES \u2013 394\/380"},"content":{"rendered":"<ul>\n<li>De har h\u00f6g prestanda \u2013 motsvarande v\u00e5rt sortiment av batterier som inneh\u00e5ller kvicksilver<\/li>\n<li>De har l\u00e5ng h\u00e5llbarhet \u2013 s\u00e5 de \u00e4r alltid redo n\u00e4r du beh\u00f6ver dem<\/li>\n<li>De har testats utf\u00f6rligt \u2013 s\u00e5 du kommer aldrig att bli besviken<\/li>\n<\/ul>\n","protected":false},"excerpt":{"rendered":"<p>\u00c5r 1957 tillverkade Energizer<sup>\u00ae<\/sup>\u00a0 det f\u00f6rsta klockbatteriet \u2013 och folk slutade att dra upp sina klockor. Idag finns det \u00f6ver 46 olika typer av klockbatterier p\u00e5 marknaden, vilket g\u00f6r n\u00e5got som b\u00f6rjade som enkelt mycket mer komplext.<\/p>\n<p>Vi har ett komplett utbud av klockbatterier f\u00f6r alla typer av batteridrivna klockor, inklusive ett nytt och o\u00f6vertr\u00e4ffat framsteg inom klockbatteridesign som ger enkelhet till en komplex v\u00e4rld \u2013 Energizer<sup>\u00ae<\/sup>\u00a0Multi Drain.<\/p>\n<p>Med hj\u00e4lp av innovativ cellkemi uppvisar batterier med multi-drain-teknik de b\u00e4sta egenskaperna hos batterier f\u00f6r b\u00e5de h\u00f6g- och l\u00e5gdriftsbelastning. Nu beh\u00f6ver du bara ett batteri oavsett str\u00f6mbehov. Energizer<sup>\u00ae<\/sup>\u00a0teknik f\u00f6r multi-drain ger dig samma fantastiska prestanda i alla enheter med l\u00e5g och h\u00f6g dr\u00e4nering, fr\u00e5n en enkel analog klocka till de mest komplexa digitala, elektroniska klockorna.<\/p>\n","protected":false},"featured_media":0,"comment_status":"open","ping_status":"closed","template":"","meta":{"_acf_changed":false},"product_brand":[],"product_cat":[58],"product_tag":[],"class_list":{"0":"post-4618","1":"product","2":"type-product","3":"status-publish","5":"product_cat-specialty","7":"first","8":"instock","9":"shipping-taxable","10":"product-type-simple"},"acf":[],"_links":{"self":[{"href":"https:\/\/energizer.com\/eu\/sweden\/wp-json\/wp\/v2\/product\/4618","targetHints":{"allow":["GET"]}}],"collection":[{"href":"https:\/\/energizer.com\/eu\/sweden\/wp-json\/wp\/v2\/product"}],"about":[{"href":"https:\/\/energizer.com\/eu\/sweden\/wp-json\/wp\/v2\/types\/product"}],"replies":[{"embeddable":true,"href":"https:\/\/energizer.com\/eu\/sweden\/wp-json\/wp\/v2\/comments?post=4618"}],"version-history":[{"count":8,"href":"https:\/\/energizer.com\/eu\/sweden\/wp-json\/wp\/v2\/product\/4618\/revisions"}],"predecessor-version":[{"id":9180,"href":"https:\/\/energizer.com\/eu\/sweden\/wp-json\/wp\/v2\/product\/4618\/revisions\/9180"}],"wp:attachment":[{"href":"https:\/\/energizer.com\/eu\/sweden\/wp-json\/wp\/v2\/media?parent=4618"}],"wp:term":[{"taxonomy":"product_brand","embeddable":true,"href":"https:\/\/energizer.com\/eu\/sweden\/wp-json\/wp\/v2\/product_brand?post=4618"},{"taxonomy":"product_cat","embeddable":true,"href":"https:\/\/energizer.com\/eu\/sweden\/wp-json\/wp\/v2\/product_cat?post=4618"},{"taxonomy":"product_tag","embeddable":true,"href":"https:\/\/energizer.com\/eu\/sweden\/wp-json\/wp\/v2\/product_tag?post=4618"}],"curies":[{"name":"wp","href":"https:\/\/api.w.org\/{rel}","templated":true}]}}