{"id":4631,"date":"2024-05-17T06:58:42","date_gmt":"2024-05-17T06:58:42","guid":{"rendered":"https:\/\/23b13e8ab3.nxcli.io\/sweden\/?post_type=product&#038;p=4631"},"modified":"2024-11-07T08:31:13","modified_gmt":"2024-11-07T08:31:13","slug":"energizer-watch-batteries-371-370","status":"publish","type":"product","link":"https:\/\/energizer.com\/eu\/sweden\/product\/energizer-watch-batteries-371-370\/","title":{"rendered":"ENERGIZER\u00ae WATCH BATTERIES \u2013 371\/370"},"content":{"rendered":"<ul>\n<li>\u00a0Energizer 371\/370 knappcell av silveroxid 1,5 V batteri erar l\u00e5ngvarig l\u00e5nglivad, p\u00e5litlig energi till dina knappcellsbatteridrivna enheter, som medicinsk utrustning, minir\u00e4knare, leksaker till 5 \u00e5r i lagring Bevarar kraften i upp till 5 \u00e5r vid f\u00f6rvaring, vilket s\u00e4kerst\u00e4ller att du har knappbatterier redo n\u00e4r du beh\u00f6ver dem<\/li>\n<li>Cellstorlek: 371\/370; Typ: Silveroxid; Volt: 1,5<\/li>\n<li>Ers\u00e4ttning f\u00f6r: S21, 280-51, D370\/371, SR69, SR920W, SP370, RW415, SB-BN, SG6, G6, SR921, S18, 280-31, SR920SW, SP371, RW315, SB-AN, TR920SW, SG6, SR920, V371, och V370<\/li>\n<li>V\u00e5ra silveroxidknappbatterier \u00e4r ansvarsfullt designade med noll kvicksilver<\/li>\n<\/ul>\n","protected":false},"excerpt":{"rendered":"<p>Det finns vanliga specialbatterier, och s\u00e5 finns det Energizer specialbatterier. S\u00e5 skaffa den h\u00e5llbara, p\u00e5litliga kraften som r\u00e4cker l\u00e4ngre, med detta Energizer 371\/370 silveroxid knappcellsbatteri. Den levererar l\u00e5nglivad kraft till dina enheter som drivs med knappcellsbatterier, fr\u00e5n hush\u00e5llselektronik som nyckelfria system, till e-b\u00f6cker, leksaker, minir\u00e4knare och klockor, till puls- och glukosm\u00e4tare. Och dessa knappcellsbatterier med noll kvicksilver bevarar kraften i upp till 5 \u00e5r vid f\u00f6rvaring. V\u00e4lj Energizer specialbatterier f\u00f6r att f\u00e5 en kraft som du kan lita p\u00e5 n\u00e4r du beh\u00f6ver den.<\/p>\n","protected":false},"featured_media":0,"comment_status":"open","ping_status":"closed","template":"","meta":{"_acf_changed":false},"product_brand":[],"product_cat":[58],"product_tag":[],"class_list":{"0":"post-4631","1":"product","2":"type-product","3":"status-publish","5":"product_cat-specialty","7":"first","8":"instock","9":"shipping-taxable","10":"product-type-simple"},"acf":[],"_links":{"self":[{"href":"https:\/\/energizer.com\/eu\/sweden\/wp-json\/wp\/v2\/product\/4631","targetHints":{"allow":["GET"]}}],"collection":[{"href":"https:\/\/energizer.com\/eu\/sweden\/wp-json\/wp\/v2\/product"}],"about":[{"href":"https:\/\/energizer.com\/eu\/sweden\/wp-json\/wp\/v2\/types\/product"}],"replies":[{"embeddable":true,"href":"https:\/\/energizer.com\/eu\/sweden\/wp-json\/wp\/v2\/comments?post=4631"}],"version-history":[{"count":10,"href":"https:\/\/energizer.com\/eu\/sweden\/wp-json\/wp\/v2\/product\/4631\/revisions"}],"predecessor-version":[{"id":10248,"href":"https:\/\/energizer.com\/eu\/sweden\/wp-json\/wp\/v2\/product\/4631\/revisions\/10248"}],"wp:attachment":[{"href":"https:\/\/energizer.com\/eu\/sweden\/wp-json\/wp\/v2\/media?parent=4631"}],"wp:term":[{"taxonomy":"product_brand","embeddable":true,"href":"https:\/\/energizer.com\/eu\/sweden\/wp-json\/wp\/v2\/product_brand?post=4631"},{"taxonomy":"product_cat","embeddable":true,"href":"https:\/\/energizer.com\/eu\/sweden\/wp-json\/wp\/v2\/product_cat?post=4631"},{"taxonomy":"product_tag","embeddable":true,"href":"https:\/\/energizer.com\/eu\/sweden\/wp-json\/wp\/v2\/product_tag?post=4631"}],"curies":[{"name":"wp","href":"https:\/\/api.w.org\/{rel}","templated":true}]}}