{"id":4665,"date":"2024-05-17T07:56:50","date_gmt":"2024-05-17T07:56:50","guid":{"rendered":"https:\/\/23b13e8ab3.nxcli.io\/sweden\/?post_type=product&#038;p=4665"},"modified":"2024-11-07T10:09:41","modified_gmt":"2024-11-07T10:09:41","slug":"energizer-watch-batteries-364-363","status":"publish","type":"product","link":"https:\/\/energizer.com\/eu\/sweden\/product\/energizer-watch-batteries-364-363\/","title":{"rendered":"ENERGIZER\u00ae WATCH BATTERIES \u2013 364\/363"},"content":{"rendered":"<ul>\n<li>\u00a0Energizer 364\/363 Silveroxid knappcellsbatteri 1,5-volts batteri erar l\u00e5ngvarig l\u00e5nglip\u00e5litlig str\u00f6m energi till dina knappcellsbatteridrivna enheter, som medicinsk utrustning, minir\u00e4knare, leksaker till 5 \u00e5r i f\u00f6rvaring Bevarar kraften i upp till 5 \u00e5r vid f\u00f6rvaring, vilket s\u00e4kerst\u00e4ller att du har knappbatterier redo n\u00e4r du beh\u00f6ver dem<\/li>\n<li>Cellstorlek: 364\/363; Typ: Silveroxid; Volt: 1.5<\/li>\n<li>Ers\u00e4ttning f\u00f6r: 1175SO, SR60, D364, SP364, V364, GP64, SR621SW och SB-AG<\/li>\n<li>V\u00e5ra knappcellsbatterier i silveroxid \u00e4r ansvarsfullt utformade med kvicksilverfri<\/li>\n<\/ul>\n","protected":false},"excerpt":{"rendered":"<p>Det finns vanliga specialbatterier, och sedan finns det Energizer specialbatterier. S\u00e5 f\u00e5 den h\u00e5llbara, p\u00e5litliga kraften som r\u00e4cker l\u00e4ngre, med detta Energizer 364\/363 Silveroxid knappcellsbatteri. Den levererar l\u00e5nglivad kraft till dina enheter som drivs med knappcellsbatterier, fr\u00e5n hush\u00e5llselektronik som nyckelfria l\u00e5ssystem, till e-b\u00f6cker, leksaker, minir\u00e4knare och klockor, till puls- och glukosm\u00e4tare. Och dessa knappcellsbatterier utan kvicksilver bevarar kraften i upp till 5 \u00e5r vid f\u00f6rvaring. V\u00e4lj Energizer specialbatterier f\u00f6r l\u00e5nglivad kraft som du kan lita p\u00e5 n\u00e4r du beh\u00f6ver den.<\/p>\n","protected":false},"featured_media":0,"comment_status":"open","ping_status":"closed","template":"","meta":{"_acf_changed":false},"product_brand":[],"product_cat":[58],"product_tag":[],"class_list":{"0":"post-4665","1":"product","2":"type-product","3":"status-publish","5":"product_cat-specialty","7":"first","8":"instock","9":"shipping-taxable","10":"product-type-simple"},"acf":[],"_links":{"self":[{"href":"https:\/\/energizer.com\/eu\/sweden\/wp-json\/wp\/v2\/product\/4665","targetHints":{"allow":["GET"]}}],"collection":[{"href":"https:\/\/energizer.com\/eu\/sweden\/wp-json\/wp\/v2\/product"}],"about":[{"href":"https:\/\/energizer.com\/eu\/sweden\/wp-json\/wp\/v2\/types\/product"}],"replies":[{"embeddable":true,"href":"https:\/\/energizer.com\/eu\/sweden\/wp-json\/wp\/v2\/comments?post=4665"}],"version-history":[{"count":10,"href":"https:\/\/energizer.com\/eu\/sweden\/wp-json\/wp\/v2\/product\/4665\/revisions"}],"predecessor-version":[{"id":10258,"href":"https:\/\/energizer.com\/eu\/sweden\/wp-json\/wp\/v2\/product\/4665\/revisions\/10258"}],"wp:attachment":[{"href":"https:\/\/energizer.com\/eu\/sweden\/wp-json\/wp\/v2\/media?parent=4665"}],"wp:term":[{"taxonomy":"product_brand","embeddable":true,"href":"https:\/\/energizer.com\/eu\/sweden\/wp-json\/wp\/v2\/product_brand?post=4665"},{"taxonomy":"product_cat","embeddable":true,"href":"https:\/\/energizer.com\/eu\/sweden\/wp-json\/wp\/v2\/product_cat?post=4665"},{"taxonomy":"product_tag","embeddable":true,"href":"https:\/\/energizer.com\/eu\/sweden\/wp-json\/wp\/v2\/product_tag?post=4665"}],"curies":[{"name":"wp","href":"https:\/\/api.w.org\/{rel}","templated":true}]}}