{"id":4688,"date":"2024-05-17T08:09:20","date_gmt":"2024-05-17T08:09:20","guid":{"rendered":"https:\/\/23b13e8ab3.nxcli.io\/sweden\/?post_type=product&#038;p=4688"},"modified":"2024-11-07T10:37:45","modified_gmt":"2024-11-07T10:37:45","slug":"energizer-watch-batteries-329","status":"publish","type":"product","link":"https:\/\/energizer.com\/eu\/sweden\/product\/energizer-watch-batteries-329\/","title":{"rendered":"ENERGIZER\u00ae WATCH BATTERIES \u2013 329"},"content":{"rendered":"<ul>\n<li>De har h\u00f6g prestanda \u2013 motsvarande v\u00e5rt kvicksilverinneh\u00e5llande batterisortiment<\/li>\n<li>l\u00e5ng h\u00e5llbarhet livsl\u00e4ngd \u2013 s\u00e5 de \u00e4r alltid redo n\u00e4r du beh\u00f6ver dem<\/li>\n<li>De har testats utf\u00f6rligt \u2013 s\u00e5 du kommer aldrig att bli besviken<\/li>\n<\/ul>\n","protected":false},"excerpt":{"rendered":"<p><span data-sheets-root=\"1\">1957 tillverkade Energizer\u00ae\u00a0det f\u00f6rsta klockbatteriet \u2013 och folk slutade att vrida upp sina klockor. Idag finns det \u00f6ver 46 olika typer av klockbatterier p\u00e5 marknaden, vilket g\u00f6r n\u00e5got som b\u00f6rjade som enkelt mycket mer komplext.<\/span><\/p>\n<p>Vi har ett komplett utbud av klockbatterier f\u00f6r alla typer av batteridrivna klockor, inklusive ett nytt och o\u00f6vertr\u00e4ffat framsteg inom klockbatteridesign som ger enkelhet till en komplex v\u00e4rld \u2013 Energizer\u00ae\u00a0Multi Drain.<\/p>\n<p>Med hj\u00e4lp av innovativ cellkemi uppvisar multi-drain-batterier de b\u00e4sta egenskaperna hos batterier med b\u00e5de h\u00f6g dr\u00e4nering och l\u00e5g dr\u00e4nering. Nu beh\u00f6ver du bara ett batteri oavsett enrgibehov. Energizer\u00ae\u00a0multi-drain-teknik kommer att ge dig samma fantastiska prestanda i alla l\u00e5g- och h\u00f6gbelastade enheter, fr\u00e5n en enkel analog klocka till de mest komplexa digitala, elektroniska klockorna.<\/p>\n","protected":false},"featured_media":0,"comment_status":"open","ping_status":"closed","template":"","meta":{"_acf_changed":false},"product_brand":[],"product_cat":[58],"product_tag":[],"class_list":{"0":"post-4688","1":"product","2":"type-product","3":"status-publish","5":"product_cat-specialty","7":"first","8":"instock","9":"shipping-taxable","10":"product-type-simple"},"acf":[],"_links":{"self":[{"href":"https:\/\/energizer.com\/eu\/sweden\/wp-json\/wp\/v2\/product\/4688","targetHints":{"allow":["GET"]}}],"collection":[{"href":"https:\/\/energizer.com\/eu\/sweden\/wp-json\/wp\/v2\/product"}],"about":[{"href":"https:\/\/energizer.com\/eu\/sweden\/wp-json\/wp\/v2\/types\/product"}],"replies":[{"embeddable":true,"href":"https:\/\/energizer.com\/eu\/sweden\/wp-json\/wp\/v2\/comments?post=4688"}],"version-history":[{"count":9,"href":"https:\/\/energizer.com\/eu\/sweden\/wp-json\/wp\/v2\/product\/4688\/revisions"}],"predecessor-version":[{"id":10272,"href":"https:\/\/energizer.com\/eu\/sweden\/wp-json\/wp\/v2\/product\/4688\/revisions\/10272"}],"wp:attachment":[{"href":"https:\/\/energizer.com\/eu\/sweden\/wp-json\/wp\/v2\/media?parent=4688"}],"wp:term":[{"taxonomy":"product_brand","embeddable":true,"href":"https:\/\/energizer.com\/eu\/sweden\/wp-json\/wp\/v2\/product_brand?post=4688"},{"taxonomy":"product_cat","embeddable":true,"href":"https:\/\/energizer.com\/eu\/sweden\/wp-json\/wp\/v2\/product_cat?post=4688"},{"taxonomy":"product_tag","embeddable":true,"href":"https:\/\/energizer.com\/eu\/sweden\/wp-json\/wp\/v2\/product_tag?post=4688"}],"curies":[{"name":"wp","href":"https:\/\/api.w.org\/{rel}","templated":true}]}}