{"id":4709,"date":"2024-05-17T08:32:47","date_gmt":"2024-05-17T08:32:47","guid":{"rendered":"https:\/\/23b13e8ab3.nxcli.io\/sweden\/?post_type=product&#038;p=4709"},"modified":"2024-08-22T07:17:13","modified_gmt":"2024-08-22T07:17:13","slug":"energizer-1-hour-charger","status":"publish","type":"product","link":"https:\/\/energizer.com\/eu\/sweden\/product\/energizer-1-hour-charger\/","title":{"rendered":"ENERGIZER\u00ae 1 HOUR CHARGER"},"content":{"rendered":"<ul>\n<li>1 timmes batteriladdare laddar 1 till 4 AA- eller AAA NiMH-batterier p\u00e5 en g\u00e5ng (4 AA-batterier ing\u00e5r)<\/li>\n<li>Ger en full laddning p\u00e5 1 timme eller mindre*<\/li>\n<li>Tack vare den l\u00e4ttavl\u00e4sta batterim\u00e4taren kan du h\u00e5lla ett \u00f6ga p\u00e5 batteriladdningen<\/li>\n<li>Individuella laddningskanaler ger dig flexibiliteten att ladda allt fr\u00e5n 1 till 4 uppladdningsbara batterier \u00e5t g\u00e5ngen<\/li>\n<li>Temperaturkontroll f\u00f6rhindrar skador fr\u00e5n \u00f6verhettning<\/li>\n<li>Kompatibel med alla uppladdningsbara AAA- eller AA NiMH-batterier (Energizer Recharge-batterier rekommenderas)<\/li>\n<li>V\u00e4rldens fr\u00e4msta tillverkare av laddare (enligt marknadsunders\u00f6kningar)<\/li>\n<\/ul>\n","protected":false},"excerpt":{"rendered":"<p>M\u00f6t Energizers h\u00f6geffektiva 1-timmesladdare: Denna 1-timmes uppladdningsbara batteriladdare lever upp till sitt namn och ger en supersnabb komplett laddning p\u00e5 1 timme eller mindre*. Individuella laddningskanaler ger dig flexibiliteten att ladda allt fr\u00e5n 1 till 4 AA- eller AAA NiMH-batterier \u00e5t g\u00e5ngen. Intuitiv LED-batterim\u00e4tare h\u00e5ller dig uppdaterad om dina batteriers status i realtid. Och den h\u00e4r laddaren kommer inte att \u00f6verladda eller \u00f6verhettas: Avst\u00e4ngningsfunktionen Delta V bryter str\u00f6mmen till kretsen n\u00e4r laddningen \u00e4r klar, vilket g\u00f6r att du inte beh\u00f6ver oroa dig f\u00f6r att skada batterierna eller sl\u00f6sa med elektriciteten.<\/p>\n","protected":false},"featured_media":0,"comment_status":"open","ping_status":"closed","template":"","meta":{"_acf_changed":false},"product_brand":[],"product_cat":[82],"product_tag":[],"class_list":{"0":"post-4709","1":"product","2":"type-product","3":"status-publish","5":"product_cat-recharge-battery-chargers","7":"first","8":"instock","9":"shipping-taxable","10":"product-type-simple"},"acf":[],"_links":{"self":[{"href":"https:\/\/energizer.com\/eu\/sweden\/wp-json\/wp\/v2\/product\/4709","targetHints":{"allow":["GET"]}}],"collection":[{"href":"https:\/\/energizer.com\/eu\/sweden\/wp-json\/wp\/v2\/product"}],"about":[{"href":"https:\/\/energizer.com\/eu\/sweden\/wp-json\/wp\/v2\/types\/product"}],"replies":[{"embeddable":true,"href":"https:\/\/energizer.com\/eu\/sweden\/wp-json\/wp\/v2\/comments?post=4709"}],"version-history":[{"count":7,"href":"https:\/\/energizer.com\/eu\/sweden\/wp-json\/wp\/v2\/product\/4709\/revisions"}],"predecessor-version":[{"id":9199,"href":"https:\/\/energizer.com\/eu\/sweden\/wp-json\/wp\/v2\/product\/4709\/revisions\/9199"}],"wp:attachment":[{"href":"https:\/\/energizer.com\/eu\/sweden\/wp-json\/wp\/v2\/media?parent=4709"}],"wp:term":[{"taxonomy":"product_brand","embeddable":true,"href":"https:\/\/energizer.com\/eu\/sweden\/wp-json\/wp\/v2\/product_brand?post=4709"},{"taxonomy":"product_cat","embeddable":true,"href":"https:\/\/energizer.com\/eu\/sweden\/wp-json\/wp\/v2\/product_cat?post=4709"},{"taxonomy":"product_tag","embeddable":true,"href":"https:\/\/energizer.com\/eu\/sweden\/wp-json\/wp\/v2\/product_tag?post=4709"}],"curies":[{"name":"wp","href":"https:\/\/api.w.org\/{rel}","templated":true}]}}