{"id":4711,"date":"2024-05-17T08:34:30","date_gmt":"2024-05-17T08:34:30","guid":{"rendered":"https:\/\/23b13e8ab3.nxcli.io\/sweden\/?post_type=product&#038;p=4711"},"modified":"2024-11-08T06:41:24","modified_gmt":"2024-11-08T06:41:24","slug":"energizer-base-charger","status":"publish","type":"product","link":"https:\/\/energizer.com\/eu\/sweden\/product\/energizer-base-charger\/","title":{"rendered":"ENERGIZER\u00ae BASE CHARGER"},"content":{"rendered":"<ul>\n<li>Laddar 2 eller 4 AA eller AAA NiMH uppladdningsbara batterier samtidigt (4 AA-batterier ing\u00e5r)<\/li>\n<li>Den mest prisv\u00e4rda Energizer batteriladdaren som finns; ett smart val f\u00f6r att spara pengar<\/li>\n<li>Levererar en full laddning p\u00e5 8 timmar*<\/li>\n<li>Gr\u00f6na LED-indikatorer visar att batterierna laddas<\/li>\n<li>V\u00e4rldens fr\u00e4msta tillverkare av laddare (enligt marknadsunders\u00f6kningar)<\/li>\n<li>F\u00f6r optimal prestanda, anv\u00e4nd med Energizer Recharge Universal-batterier<\/li>\n<\/ul>\n","protected":false},"excerpt":{"rendered":"<p>M\u00f6t det prisv\u00e4rda valet f\u00f6r att h\u00e5lla dina laddningsbara batterier ig\u00e5ng. Energizer Base-batteriladdaren laddar tv\u00e5 eller fyra AA- eller AAA NiMH-batterier p\u00e5 8 timmar.* Och enkel att anv\u00e4nda \u00e4r den ocks\u00e5: S\u00e4tt bara i batterierna i laddningskanalerna, anslut enheten till ett v\u00e4gguttag och l\u00e5t livet ha sin gilla g\u00e5ng. Den gr\u00f6na indikatorlampan visar att batterierna laddas. Spara pengar och h\u00e5ll dig laddad med den l\u00e5nglivade och p\u00e5litliga kraften hos Energizer Recharge, v\u00e4rldens #1 varum\u00e4rke f\u00f6r uppladdningsbara batterier (enligt marknadsunders\u00f6kningsdata).<\/p>\n","protected":false},"featured_media":0,"comment_status":"open","ping_status":"closed","template":"","meta":{"_acf_changed":false},"product_brand":[],"product_cat":[82],"product_tag":[],"class_list":{"0":"post-4711","1":"product","2":"type-product","3":"status-publish","5":"product_cat-recharge-battery-chargers","7":"first","8":"instock","9":"shipping-taxable","10":"product-type-simple"},"acf":[],"_links":{"self":[{"href":"https:\/\/energizer.com\/eu\/sweden\/wp-json\/wp\/v2\/product\/4711","targetHints":{"allow":["GET"]}}],"collection":[{"href":"https:\/\/energizer.com\/eu\/sweden\/wp-json\/wp\/v2\/product"}],"about":[{"href":"https:\/\/energizer.com\/eu\/sweden\/wp-json\/wp\/v2\/types\/product"}],"replies":[{"embeddable":true,"href":"https:\/\/energizer.com\/eu\/sweden\/wp-json\/wp\/v2\/comments?post=4711"}],"version-history":[{"count":8,"href":"https:\/\/energizer.com\/eu\/sweden\/wp-json\/wp\/v2\/product\/4711\/revisions"}],"predecessor-version":[{"id":10358,"href":"https:\/\/energizer.com\/eu\/sweden\/wp-json\/wp\/v2\/product\/4711\/revisions\/10358"}],"wp:attachment":[{"href":"https:\/\/energizer.com\/eu\/sweden\/wp-json\/wp\/v2\/media?parent=4711"}],"wp:term":[{"taxonomy":"product_brand","embeddable":true,"href":"https:\/\/energizer.com\/eu\/sweden\/wp-json\/wp\/v2\/product_brand?post=4711"},{"taxonomy":"product_cat","embeddable":true,"href":"https:\/\/energizer.com\/eu\/sweden\/wp-json\/wp\/v2\/product_cat?post=4711"},{"taxonomy":"product_tag","embeddable":true,"href":"https:\/\/energizer.com\/eu\/sweden\/wp-json\/wp\/v2\/product_tag?post=4711"}],"curies":[{"name":"wp","href":"https:\/\/api.w.org\/{rel}","templated":true}]}}