{"id":4713,"date":"2024-05-17T08:36:51","date_gmt":"2024-05-17T08:36:51","guid":{"rendered":"https:\/\/23b13e8ab3.nxcli.io\/sweden\/?post_type=product&#038;p=4713"},"modified":"2024-11-08T06:42:52","modified_gmt":"2024-11-08T06:42:52","slug":"energizer-pro-charger","status":"publish","type":"product","link":"https:\/\/energizer.com\/eu\/sweden\/product\/energizer-pro-charger\/","title":{"rendered":"ENERGIZER\u00ae PRO-CHARGER"},"content":{"rendered":"<ul>\n<li>Energizer Recharge Pro Charger f\u00f6r NiMH uppladdningsbara AA- och AAA-batterier<\/li>\n<li>Kompatibilitet: Den h\u00e4r Energizer-batteriladdaren kan anv\u00e4ndas f\u00f6r att ladda alla AAA- och AA NiMH-batterier. Energizer uppladdningsbara batterier rekommenderas<\/li>\n<li>P\u00e5litlighet: Snabbladdningskraften hos Recharge Pro ger en full laddning p\u00e5 4 timmar \u2013 tiderna kan variera beroende p\u00e5 NiMH-batteri<\/li>\n<li>Anv\u00e4ndarv\u00e4nlighet: Laddningsindikatorn ger dig syn- och h\u00f6rbara signaler g\u00e4llande batteriernas laddningsniv\u00e5er<\/li>\n<li>S\u00e4kerhet: F\u00f6r att maximera batteriprestandan \u00e4r enheten utrustad med \u00f6verladdningsskydd och s\u00e4kerhetsavst\u00e4ngning f\u00f6r att f\u00f6rhindra att batterierna \u00f6verladdas<\/li>\n<li>Kundernas val: Energizer \u00e4r v\u00e4rldens fr\u00e4msta varum\u00e4rke n\u00e4r det g\u00e4ller laddare (enligt skanningsdata)<\/li>\n<\/ul>\n","protected":false},"excerpt":{"rendered":"<p>V\u00e4lj den effektiva och p\u00e5litliga batteriladdaren Energizer Pro f\u00f6r att kunna anv\u00e4nda dina enheter med maximal prestanda. Perfekt f\u00f6r digitalkameror, babymonitorer, spelkontroller, tr\u00e5dl\u00f6sa m\u00f6ss och andra viktiga prylar. Den praktiska Energizer Pro-laddaren laddar 2 eller 4 AA- eller AAA NiMH-batterier p\u00e5 bara 4 timmar (uppladdningstiderna kan variera beroende p\u00e5 NiMH-batteri). S\u00e4tt bara i batterierna i laddaren och anslut den till ett v\u00e4gguttag. Energizer Pro-laddarens LED-lampor och ljudsignalindikatorer h\u00e5ller dig uppdaterad om batteriernas laddningsstatus (r\u00f6d = 0\u201349\u00a0%, gul = 50\u201399\u00a0%, gr\u00f6n = 100\u00a0%).<\/p>\n","protected":false},"featured_media":0,"comment_status":"open","ping_status":"closed","template":"","meta":{"_acf_changed":false},"product_brand":[],"product_cat":[82],"product_tag":[],"class_list":{"0":"post-4713","1":"product","2":"type-product","3":"status-publish","5":"product_cat-recharge-battery-chargers","7":"first","8":"instock","9":"shipping-taxable","10":"product-type-simple"},"acf":[],"_links":{"self":[{"href":"https:\/\/energizer.com\/eu\/sweden\/wp-json\/wp\/v2\/product\/4713","targetHints":{"allow":["GET"]}}],"collection":[{"href":"https:\/\/energizer.com\/eu\/sweden\/wp-json\/wp\/v2\/product"}],"about":[{"href":"https:\/\/energizer.com\/eu\/sweden\/wp-json\/wp\/v2\/types\/product"}],"replies":[{"embeddable":true,"href":"https:\/\/energizer.com\/eu\/sweden\/wp-json\/wp\/v2\/comments?post=4713"}],"version-history":[{"count":12,"href":"https:\/\/energizer.com\/eu\/sweden\/wp-json\/wp\/v2\/product\/4713\/revisions"}],"predecessor-version":[{"id":10360,"href":"https:\/\/energizer.com\/eu\/sweden\/wp-json\/wp\/v2\/product\/4713\/revisions\/10360"}],"wp:attachment":[{"href":"https:\/\/energizer.com\/eu\/sweden\/wp-json\/wp\/v2\/media?parent=4713"}],"wp:term":[{"taxonomy":"product_brand","embeddable":true,"href":"https:\/\/energizer.com\/eu\/sweden\/wp-json\/wp\/v2\/product_brand?post=4713"},{"taxonomy":"product_cat","embeddable":true,"href":"https:\/\/energizer.com\/eu\/sweden\/wp-json\/wp\/v2\/product_cat?post=4713"},{"taxonomy":"product_tag","embeddable":true,"href":"https:\/\/energizer.com\/eu\/sweden\/wp-json\/wp\/v2\/product_tag?post=4713"}],"curies":[{"name":"wp","href":"https:\/\/api.w.org\/{rel}","templated":true}]}}