{"id":4718,"date":"2024-05-17T08:38:28","date_gmt":"2024-05-17T08:38:28","guid":{"rendered":"https:\/\/23b13e8ab3.nxcli.io\/sweden\/?post_type=product&#038;p=4718"},"modified":"2024-08-22T07:16:22","modified_gmt":"2024-08-22T07:16:22","slug":"energizer-maxi-charger","status":"publish","type":"product","link":"https:\/\/energizer.com\/eu\/sweden\/product\/energizer-maxi-charger\/","title":{"rendered":"ENERGIZER\u00ae MAXI CHARGER"},"content":{"rendered":"<ul>\n<li>Laddar 2 eller 4 AA eller AAA NiMH uppladdningsbara batterier samtidigt (4 AA-batterier ing\u00e5r)<\/li>\n<li>Levererar en full laddning p\u00e5 5 timmar*<\/li>\n<li>Den stora, l\u00e4ttl\u00e4sta LED-sk\u00e4rmen visar laddningsstatusen (r\u00f6d = laddas, gr\u00f6n = redo att anv\u00e4ndas)<\/li>\n<li>Delta V-funktionen st\u00e4nger av laddningen f\u00f6r att skydda dina batterier fr\u00e5n \u00f6verladdning<\/li>\n<li>Kompatibel med alla uppladdningsbara AAA- eller AA NiMH-batterier (Energizer Recharge-batterier rekommenderas)<\/li>\n<li>V\u00e4rldens fr\u00e4msta tillverkare av laddare (enligt marknadsunders\u00f6kningar)<\/li>\n<\/ul>\n","protected":false},"excerpt":{"rendered":"<p>Med den anv\u00e4ndarv\u00e4nliga laddaren Energizer Recharge Maxi finns all energi du beh\u00f6ver n\u00e4ra till hands hela tiden. Den h\u00e4r praktiska enheten laddar 2 eller 4 AA- eller AAA NiMH-batterier p\u00e5 5 timmar.* Och den \u00e4r enkel att anv\u00e4nda: S\u00e4tt bara i batterierna i laddaren, koppla in den i v\u00e4ggen och f\u00e5 fulladdade batterier n\u00e4r du beh\u00f6ver det. Laddarens indikatorsk\u00e4rm lyser gr\u00f6nt n\u00e4r du har full laddning. Om du r\u00e5kar s\u00e4tta i ett d\u00e5ligt batteri eller ett prim\u00e4rbatteri pulserar sk\u00e4rmen f\u00f6r att meddela dig. Perfekt f\u00f6r de mest anv\u00e4nda enheterna som fj\u00e4rrkontroller, datormusar och till och med spelkontroller&#8230; S\u00e5 maximera batteriprestanda med laddningskraften fr\u00e5n Energizer, v\u00e4rldens #1 laddningsm\u00e4rke (enligt marknadsunders\u00f6kningsdata).<\/p>\n","protected":false},"featured_media":0,"comment_status":"open","ping_status":"closed","template":"","meta":{"_acf_changed":false},"product_brand":[],"product_cat":[82],"product_tag":[],"class_list":{"0":"post-4718","1":"product","2":"type-product","3":"status-publish","5":"product_cat-recharge-battery-chargers","7":"first","8":"instock","9":"shipping-taxable","10":"product-type-simple"},"acf":[],"_links":{"self":[{"href":"https:\/\/energizer.com\/eu\/sweden\/wp-json\/wp\/v2\/product\/4718","targetHints":{"allow":["GET"]}}],"collection":[{"href":"https:\/\/energizer.com\/eu\/sweden\/wp-json\/wp\/v2\/product"}],"about":[{"href":"https:\/\/energizer.com\/eu\/sweden\/wp-json\/wp\/v2\/types\/product"}],"replies":[{"embeddable":true,"href":"https:\/\/energizer.com\/eu\/sweden\/wp-json\/wp\/v2\/comments?post=4718"}],"version-history":[{"count":6,"href":"https:\/\/energizer.com\/eu\/sweden\/wp-json\/wp\/v2\/product\/4718\/revisions"}],"predecessor-version":[{"id":9202,"href":"https:\/\/energizer.com\/eu\/sweden\/wp-json\/wp\/v2\/product\/4718\/revisions\/9202"}],"wp:attachment":[{"href":"https:\/\/energizer.com\/eu\/sweden\/wp-json\/wp\/v2\/media?parent=4718"}],"wp:term":[{"taxonomy":"product_brand","embeddable":true,"href":"https:\/\/energizer.com\/eu\/sweden\/wp-json\/wp\/v2\/product_brand?post=4718"},{"taxonomy":"product_cat","embeddable":true,"href":"https:\/\/energizer.com\/eu\/sweden\/wp-json\/wp\/v2\/product_cat?post=4718"},{"taxonomy":"product_tag","embeddable":true,"href":"https:\/\/energizer.com\/eu\/sweden\/wp-json\/wp\/v2\/product_tag?post=4718"}],"curies":[{"name":"wp","href":"https:\/\/api.w.org\/{rel}","templated":true}]}}